{"id":10013,"date":"2022-08-17T15:53:34","date_gmt":"2022-08-17T13:53:34","guid":{"rendered":"https:\/\/www.carseatsandparts.com\/?post_type=product&#038;p=10013"},"modified":"2026-01-01T23:00:06","modified_gmt":"2026-01-01T22:00:06","slug":"recaro-ford-fiesta-st","status":"publish","type":"product","link":"https:\/\/www.carseatsandparts.com\/de\/produkt\/recaro-ford-fiesta-st\/","title":{"rendered":"RECARO Ford Fiesta ST Stoff"},"content":{"rendered":"","protected":false},"excerpt":{"rendered":"Set von RECARO Ford Fiesta ST Autositze, in schwarzem Stoff mit blauen N\u00e4hten, wahlweise mit und ohne Heizung und ein 3-T\u00fcrer mit R\u00fcckenlehne oder 5-T\u00fcrer. Die Sitze sind neu und k\u00f6nnen sofort eingebaut werden. Bitte beachten Sie, dass die 3-t\u00fcrige Version ohne Heizung ausverkauft ist.","protected":false},"featured_media":16624,"comment_status":"open","ping_status":"closed","template":"","meta":{"_acf_changed":false},"product_brand":[],"product_cat":[1357,112,1359],"product_tag":[902],"class_list":{"0":"post-10013","1":"product","2":"type-product","3":"status-publish","4":"has-post-thumbnail","6":"product_cat-ford","7":"product_cat-nieuwe-autostoelen","8":"product_cat-recaro","9":"product_tag-7226648j-2-b02","10":"product_shipping_class-auto-interieurs","12":"first","13":"instock","14":"taxable","15":"shipping-taxable","16":"purchasable","17":"product-type-simple"},"composite_virtual":false,"composite_layout":"","composite_add_to_cart_form_location":"","composite_editable_in_cart":false,"composite_sold_individually_context":"","composite_shop_price_calc":"","composite_components":[],"composite_scenarios":[],"exclude_global_add_ons":false,"addons":[{"name":"Welke uitvoering?","type":"multiple_choice","position":0,"required":true,"title_format":"label","default":"","description_enable":true,"description":"Welke uitvoering heb je nodig? 3-Deurs of 5-Deurs?","placeholder_enable":false,"placeholder":"","display":"radiobutton","restrictions_type":"any_text","adjust_price":false,"price":"","price_type":"flat_fee","restrictions":false,"min":"0","max":"0","options":[{"label":"3-Deurs","price":"","price_type":"quantity_based","image":0,"visibility":true},{"label":"5-Deurs","price":"","price_type":"quantity_based","image":0,"visibility":true}],"id":1723559927},{"name":"Wil je met of zonder stoelverwarming? (3-deurs kan alleen nog met stoelverwarming)","type":"multiple_choice","position":1,"required":true,"title_format":"label","default":"","description_enable":true,"description":"Met of zonder stoelverwarming? ","placeholder_enable":false,"placeholder":"","display":"radiobutton","restrictions_type":"any_text","adjust_price":false,"price":"","price_type":"flat_fee","restrictions":false,"min":"0","max":"0","options":[{"label":"Zonder verwarming","price":"","price_type":"flat_fee","image":0,"visibility":true},{"label":"Met verwarming","price":"100.00","price_type":"flat_fee","image":0,"visibility":true}],"id":1723559928}],"acf":[],"yoast_head":null,"yoast_head_json":null,"_links":{"self":[{"href":"https:\/\/www.carseatsandparts.com\/de\/wp-json\/wp\/v2\/product\/10013","targetHints":{"allow":["GET"]}}],"collection":[{"href":"https:\/\/www.carseatsandparts.com\/de\/wp-json\/wp\/v2\/product"}],"about":[{"href":"https:\/\/www.carseatsandparts.com\/de\/wp-json\/wp\/v2\/types\/product"}],"replies":[{"embeddable":true,"href":"https:\/\/www.carseatsandparts.com\/de\/wp-json\/wp\/v2\/comments?post=10013"}],"wp:featuredmedia":[{"embeddable":true,"href":"https:\/\/www.carseatsandparts.com\/de\/wp-json\/wp\/v2\/media\/16624"}],"wp:attachment":[{"href":"https:\/\/www.carseatsandparts.com\/de\/wp-json\/wp\/v2\/media?parent=10013"}],"wp:term":[{"taxonomy":"product_brand","embeddable":true,"href":"https:\/\/www.carseatsandparts.com\/de\/wp-json\/wp\/v2\/product_brand?post=10013"},{"taxonomy":"product_cat","embeddable":true,"href":"https:\/\/www.carseatsandparts.com\/de\/wp-json\/wp\/v2\/product_cat?post=10013"},{"taxonomy":"product_tag","embeddable":true,"href":"https:\/\/www.carseatsandparts.com\/de\/wp-json\/wp\/v2\/product_tag?post=10013"}],"curies":[{"name":"wp","href":"https:\/\/api.w.org\/{rel}","templated":true}]}}