{"id":10494,"date":"2023-02-06T03:08:50","date_gmt":"2023-02-06T02:08:50","guid":{"rendered":"https:\/\/www.carseatsandparts.com\/?post_type=product&#038;p=10494"},"modified":"2025-01-21T11:35:07","modified_gmt":"2025-01-21T10:35:07","slug":"recaro-compressor-airmatic-style-sport-ergomed-en-orthopad","status":"publish","type":"product","link":"https:\/\/www.carseatsandparts.com\/de\/product\/recaro-compressor-airmatic-style-sport-ergomed-en-orthopad\/","title":{"rendered":"RECARO Compressor Airmatic Style, Sport, Ergomed und Orthop\u00e4d"},"content":{"rendered":"","protected":false},"excerpt":{"rendered":"Kompressor Airmatic zur Steuerung der elektrischen Seitenwand- und Lendenwirbelst\u00fctze. Geeignet f\u00fcr die RECARO Style, Sport, Ergomed und Orthop\u00e4d. Artikel Nummer 7205833","protected":false},"featured_media":10497,"comment_status":"open","ping_status":"closed","template":"","meta":{"_acf_changed":false},"product_brand":[],"product_cat":[120,117,1359],"product_tag":[951],"class_list":{"0":"post-10494","1":"product","2":"type-product","3":"status-publish","4":"has-post-thumbnail","6":"product_cat-accessoires-autostoelen","7":"product_cat-autostoel-onderdelen","8":"product_cat-recaro","9":"product_tag-951","10":"product_shipping_class-onderdelen-klein-pakket","12":"first","13":"onbackorder","14":"taxable","15":"shipping-taxable","16":"purchasable","17":"product-type-simple"},"composite_virtual":false,"composite_layout":"","composite_add_to_cart_form_location":"","composite_editable_in_cart":false,"composite_sold_individually_context":"","composite_shop_price_calc":"","composite_components":[],"composite_scenarios":[],"exclude_global_add_ons":[],"addons":[],"acf":[],"yoast_head":null,"yoast_head_json":null,"_links":{"self":[{"href":"https:\/\/www.carseatsandparts.com\/de\/wp-json\/wp\/v2\/product\/10494","targetHints":{"allow":["GET"]}}],"collection":[{"href":"https:\/\/www.carseatsandparts.com\/de\/wp-json\/wp\/v2\/product"}],"about":[{"href":"https:\/\/www.carseatsandparts.com\/de\/wp-json\/wp\/v2\/types\/product"}],"replies":[{"embeddable":true,"href":"https:\/\/www.carseatsandparts.com\/de\/wp-json\/wp\/v2\/comments?post=10494"}],"wp:featuredmedia":[{"embeddable":true,"href":"https:\/\/www.carseatsandparts.com\/de\/wp-json\/wp\/v2\/media\/10497"}],"wp:attachment":[{"href":"https:\/\/www.carseatsandparts.com\/de\/wp-json\/wp\/v2\/media?parent=10494"}],"wp:term":[{"taxonomy":"product_brand","embeddable":true,"href":"https:\/\/www.carseatsandparts.com\/de\/wp-json\/wp\/v2\/product_brand?post=10494"},{"taxonomy":"product_cat","embeddable":true,"href":"https:\/\/www.carseatsandparts.com\/de\/wp-json\/wp\/v2\/product_cat?post=10494"},{"taxonomy":"product_tag","embeddable":true,"href":"https:\/\/www.carseatsandparts.com\/de\/wp-json\/wp\/v2\/product_tag?post=10494"}],"curies":[{"name":"wp","href":"https:\/\/api.w.org\/{rel}","templated":true}]}}