{"id":10540,"date":"2023-02-16T15:27:48","date_gmt":"2023-02-16T14:27:48","guid":{"rendered":"https:\/\/www.carseatsandparts.com\/?post_type=product&#038;p=10540"},"modified":"2024-12-04T11:21:12","modified_gmt":"2024-12-04T10:21:12","slug":"audi-r8-bureaustoel","status":"publish","type":"product","link":"https:\/\/www.carseatsandparts.com\/de\/product\/audi-r8-bureaustoel\/","title":{"rendered":"Audi R8 B\u00fcrostuhl"},"content":{"rendered":"","protected":false},"excerpt":{"rendered":"Dieser vollelektrische B\u00fcrostuhl stammt aus einem Audi R8. Mittels einer Batterie unter dem Sitz k\u00f6nnen alle Funktionen des originalen Audi R8 Autositzes weiterhin genutzt werden. Der B\u00fcrostuhl ist in schwarzem und rotem Leder ausgef\u00fchrt und verf\u00fcgt \u00fcber ein sch\u00f6nes rotes Rautenfundament. Die Armlehnenpolster sind ebenfalls gepolstert, um das perfekte Bild zu vervollst\u00e4ndigen. Einzigartiges Modell.","protected":false},"featured_media":10541,"comment_status":"open","ping_status":"closed","template":"","meta":{"_acf_changed":false},"product_brand":[],"product_cat":[1360,936],"product_tag":[],"class_list":{"0":"post-10540","1":"product","2":"type-product","3":"status-publish","4":"has-post-thumbnail","6":"product_cat-audi","7":"product_cat-diversen-producten","8":"product_shipping_class-auto-stoelen","10":"first","11":"outofstock","12":"taxable","13":"shipping-taxable","14":"purchasable","15":"product-type-simple"},"composite_virtual":false,"composite_layout":"","composite_add_to_cart_form_location":"","composite_editable_in_cart":false,"composite_sold_individually_context":"","composite_shop_price_calc":"","composite_components":[],"composite_scenarios":[],"exclude_global_add_ons":[],"addons":[],"acf":[],"yoast_head":null,"yoast_head_json":null,"_links":{"self":[{"href":"https:\/\/www.carseatsandparts.com\/de\/wp-json\/wp\/v2\/product\/10540","targetHints":{"allow":["GET"]}}],"collection":[{"href":"https:\/\/www.carseatsandparts.com\/de\/wp-json\/wp\/v2\/product"}],"about":[{"href":"https:\/\/www.carseatsandparts.com\/de\/wp-json\/wp\/v2\/types\/product"}],"replies":[{"embeddable":true,"href":"https:\/\/www.carseatsandparts.com\/de\/wp-json\/wp\/v2\/comments?post=10540"}],"wp:featuredmedia":[{"embeddable":true,"href":"https:\/\/www.carseatsandparts.com\/de\/wp-json\/wp\/v2\/media\/10541"}],"wp:attachment":[{"href":"https:\/\/www.carseatsandparts.com\/de\/wp-json\/wp\/v2\/media?parent=10540"}],"wp:term":[{"taxonomy":"product_brand","embeddable":true,"href":"https:\/\/www.carseatsandparts.com\/de\/wp-json\/wp\/v2\/product_brand?post=10540"},{"taxonomy":"product_cat","embeddable":true,"href":"https:\/\/www.carseatsandparts.com\/de\/wp-json\/wp\/v2\/product_cat?post=10540"},{"taxonomy":"product_tag","embeddable":true,"href":"https:\/\/www.carseatsandparts.com\/de\/wp-json\/wp\/v2\/product_tag?post=10540"}],"curies":[{"name":"wp","href":"https:\/\/api.w.org\/{rel}","templated":true}]}}