{"id":10549,"date":"2023-02-16T15:47:15","date_gmt":"2023-02-16T14:47:15","guid":{"rendered":"https:\/\/www.carseatsandparts.com\/?post_type=product&#038;p=10549"},"modified":"2024-12-04T11:21:12","modified_gmt":"2024-12-04T10:21:12","slug":"porsche-classic-coffee-table-green-blue","status":"publish","type":"product","link":"https:\/\/www.carseatsandparts.com\/de\/produkt\/porsche-classic-coffee-table-green-blue\/","title":{"rendered":"Classic Porsche Beistelltisch gr\u00fcn\/blau"},"content":{"rendered":"","protected":false},"excerpt":{"rendered":"Dieser von Porsche inspirierte klassische Beistelltisch ist perfekt verarbeitet. Und verf\u00fcgt \u00fcber allerlei sch\u00f6ne Details wie die Original-Porsche-Polsterung und den T\u00fcrgriff an der Schublade. Einzigartiges Exemplar.","protected":false},"featured_media":10550,"comment_status":"open","ping_status":"closed","template":"","meta":{"_acf_changed":false},"product_brand":[],"product_cat":[936,1358],"product_tag":[965],"class_list":{"0":"post-10549","1":"product","2":"type-product","3":"status-publish","4":"has-post-thumbnail","6":"product_cat-diversen-producten","7":"product_cat-porsche","8":"product_tag-965","9":"product_shipping_class-auto-stoelen","11":"first","12":"instock","13":"taxable","14":"shipping-taxable","15":"purchasable","16":"product-type-simple"},"composite_virtual":false,"composite_layout":"","composite_add_to_cart_form_location":"","composite_editable_in_cart":false,"composite_sold_individually_context":"","composite_shop_price_calc":"","composite_components":[],"composite_scenarios":[],"exclude_global_add_ons":[],"addons":[],"acf":[],"yoast_head":null,"yoast_head_json":null,"_links":{"self":[{"href":"https:\/\/www.carseatsandparts.com\/de\/wp-json\/wp\/v2\/product\/10549","targetHints":{"allow":["GET"]}}],"collection":[{"href":"https:\/\/www.carseatsandparts.com\/de\/wp-json\/wp\/v2\/product"}],"about":[{"href":"https:\/\/www.carseatsandparts.com\/de\/wp-json\/wp\/v2\/types\/product"}],"replies":[{"embeddable":true,"href":"https:\/\/www.carseatsandparts.com\/de\/wp-json\/wp\/v2\/comments?post=10549"}],"wp:featuredmedia":[{"embeddable":true,"href":"https:\/\/www.carseatsandparts.com\/de\/wp-json\/wp\/v2\/media\/10550"}],"wp:attachment":[{"href":"https:\/\/www.carseatsandparts.com\/de\/wp-json\/wp\/v2\/media?parent=10549"}],"wp:term":[{"taxonomy":"product_brand","embeddable":true,"href":"https:\/\/www.carseatsandparts.com\/de\/wp-json\/wp\/v2\/product_brand?post=10549"},{"taxonomy":"product_cat","embeddable":true,"href":"https:\/\/www.carseatsandparts.com\/de\/wp-json\/wp\/v2\/product_cat?post=10549"},{"taxonomy":"product_tag","embeddable":true,"href":"https:\/\/www.carseatsandparts.com\/de\/wp-json\/wp\/v2\/product_tag?post=10549"}],"curies":[{"name":"wp","href":"https:\/\/api.w.org\/{rel}","templated":true}]}}