{"id":10934,"date":"2023-03-23T08:48:26","date_gmt":"2023-03-23T07:48:26","guid":{"rendered":"https:\/\/www.carseatsandparts.com\/?post_type=product&#038;p=10934"},"modified":"2026-01-23T14:19:23","modified_gmt":"2026-01-23T13:19:23","slug":"porsche-bekleding-donker-blauw","status":"publish","type":"product","link":"https:\/\/www.carseatsandparts.com\/de\/produkt\/porsche-bekleding-donker-blauw\/","title":{"rendered":"Porsche Polsterung Dunkelblau"},"content":{"rendered":"","protected":false},"excerpt":{"rendered":"<strong>Polsterung Porsche Dunkelblau pro Laufmeter<\/strong>\r\n\r\nDer Stoff Porsche f\u00fcr die Polsterung von Kofferraum und Hutablage pro Laufmeter eignet sich f\u00fcr die Reparatur, \u00c4nderung und individuelle Polsterung von Autositzen und Innenraumteilen. Diese Polsterung wird h\u00e4ufig f\u00fcr Sportsitze, Schalensitze und individuelle Innenraumprojekte verwendet und eignet sich sowohl f\u00fcr Reparaturen als auch f\u00fcr eine komplette Neupolsterung.\r\n\r\nDa der dunkelblaue Porsche-Bezug als Meterware geliefert wird, k\u00f6nnen Sie genau die Menge bestellen, die Sie f\u00fcr Ihr Projekt ben\u00f6tigen. Damit ist dieser Meterware ideal f\u00fcr Restaurationen, Teilreparaturen und Sonderpolsterungen.","protected":false},"featured_media":10935,"comment_status":"open","ping_status":"closed","template":"","meta":{"_acf_changed":false},"product_brand":[],"product_cat":[1358,225],"product_tag":[995],"class_list":{"0":"post-10934","1":"product","2":"type-product","3":"status-publish","4":"has-post-thumbnail","6":"product_cat-porsche","7":"product_cat-per-strekkende-meter","8":"product_tag-pors11028","9":"product_shipping_class-onderdelen-console","11":"first","12":"instock","13":"taxable","14":"shipping-taxable","15":"purchasable","16":"product-type-simple"},"composite_virtual":false,"composite_layout":"","composite_add_to_cart_form_location":"","composite_editable_in_cart":false,"composite_sold_individually_context":"","composite_shop_price_calc":"","composite_components":[],"composite_scenarios":[],"exclude_global_add_ons":[],"addons":[],"acf":[],"yoast_head":null,"yoast_head_json":null,"_links":{"self":[{"href":"https:\/\/www.carseatsandparts.com\/de\/wp-json\/wp\/v2\/product\/10934","targetHints":{"allow":["GET"]}}],"collection":[{"href":"https:\/\/www.carseatsandparts.com\/de\/wp-json\/wp\/v2\/product"}],"about":[{"href":"https:\/\/www.carseatsandparts.com\/de\/wp-json\/wp\/v2\/types\/product"}],"replies":[{"embeddable":true,"href":"https:\/\/www.carseatsandparts.com\/de\/wp-json\/wp\/v2\/comments?post=10934"}],"wp:featuredmedia":[{"embeddable":true,"href":"https:\/\/www.carseatsandparts.com\/de\/wp-json\/wp\/v2\/media\/10935"}],"wp:attachment":[{"href":"https:\/\/www.carseatsandparts.com\/de\/wp-json\/wp\/v2\/media?parent=10934"}],"wp:term":[{"taxonomy":"product_brand","embeddable":true,"href":"https:\/\/www.carseatsandparts.com\/de\/wp-json\/wp\/v2\/product_brand?post=10934"},{"taxonomy":"product_cat","embeddable":true,"href":"https:\/\/www.carseatsandparts.com\/de\/wp-json\/wp\/v2\/product_cat?post=10934"},{"taxonomy":"product_tag","embeddable":true,"href":"https:\/\/www.carseatsandparts.com\/de\/wp-json\/wp\/v2\/product_tag?post=10934"}],"curies":[{"name":"wp","href":"https:\/\/api.w.org\/{rel}","templated":true}]}}