{"id":10940,"date":"2023-03-23T09:16:02","date_gmt":"2023-03-23T08:16:02","guid":{"rendered":"https:\/\/www.carseatsandparts.com\/?post_type=product&#038;p=10940"},"modified":"2026-01-23T14:38:23","modified_gmt":"2026-01-23T13:38:23","slug":"porsche-bekleding-shetland","status":"publish","type":"product","link":"https:\/\/www.carseatsandparts.com\/de\/produkt\/porsche-bekleding-shetland\/","title":{"rendered":"Porsche Polsterm\u00f6bel SHETLAND"},"content":{"rendered":"","protected":false},"excerpt":{"rendered":"<strong>Porsche SHETLAND Polsterm\u00f6bel pro Laufmeter<\/strong>\r\n\r\nStoff Porsche SHETLAND bestimmt f\u00fcr den 911, 911s &amp; 914 von 1972-. Porsche SHETLAND Polsterung pro Laufmeter eignet sich f\u00fcr die Reparatur, \u00c4nderung und individuelle Polsterung von Autositzen und Innenteilen. Diese Polsterung wird h\u00e4ufig f\u00fcr Sportsitze, Schalensitze und individuelle Innenausstattungsprojekte verwendet und eignet sich sowohl f\u00fcr Reparaturen als auch f\u00fcr eine komplette Neupolsterung.\r\n\r\nDa die Porsche SHETLAND-Polsterung als Meterware geliefert wird, k\u00f6nnen Sie genau die Menge bestellen, die Sie f\u00fcr Ihr Projekt ben\u00f6tigen. Damit ist dieser Meterware ideal f\u00fcr Restaurationen, Teilreparaturen und Sonderpolsterungen.\r\n\r\n&nbsp;","protected":false},"featured_media":10941,"comment_status":"open","ping_status":"closed","template":"","meta":{"_acf_changed":false},"product_brand":[],"product_cat":[225,1358],"product_tag":[998],"class_list":{"0":"post-10940","1":"product","2":"type-product","3":"status-publish","4":"has-post-thumbnail","6":"product_cat-per-strekkende-meter","7":"product_cat-porsche","8":"product_tag-shetland","9":"product_shipping_class-onderdelen-console","11":"first","12":"instock","13":"taxable","14":"shipping-taxable","15":"purchasable","16":"product-type-simple"},"composite_virtual":false,"composite_layout":"","composite_add_to_cart_form_location":"","composite_editable_in_cart":false,"composite_sold_individually_context":"","composite_shop_price_calc":"","composite_components":[],"composite_scenarios":[],"exclude_global_add_ons":[],"addons":[],"acf":[],"yoast_head":null,"yoast_head_json":null,"_links":{"self":[{"href":"https:\/\/www.carseatsandparts.com\/de\/wp-json\/wp\/v2\/product\/10940","targetHints":{"allow":["GET"]}}],"collection":[{"href":"https:\/\/www.carseatsandparts.com\/de\/wp-json\/wp\/v2\/product"}],"about":[{"href":"https:\/\/www.carseatsandparts.com\/de\/wp-json\/wp\/v2\/types\/product"}],"replies":[{"embeddable":true,"href":"https:\/\/www.carseatsandparts.com\/de\/wp-json\/wp\/v2\/comments?post=10940"}],"wp:featuredmedia":[{"embeddable":true,"href":"https:\/\/www.carseatsandparts.com\/de\/wp-json\/wp\/v2\/media\/10941"}],"wp:attachment":[{"href":"https:\/\/www.carseatsandparts.com\/de\/wp-json\/wp\/v2\/media?parent=10940"}],"wp:term":[{"taxonomy":"product_brand","embeddable":true,"href":"https:\/\/www.carseatsandparts.com\/de\/wp-json\/wp\/v2\/product_brand?post=10940"},{"taxonomy":"product_cat","embeddable":true,"href":"https:\/\/www.carseatsandparts.com\/de\/wp-json\/wp\/v2\/product_cat?post=10940"},{"taxonomy":"product_tag","embeddable":true,"href":"https:\/\/www.carseatsandparts.com\/de\/wp-json\/wp\/v2\/product_tag?post=10940"}],"curies":[{"name":"wp","href":"https:\/\/api.w.org\/{rel}","templated":true}]}}