{"id":10957,"date":"2023-03-23T15:35:40","date_gmt":"2023-03-23T14:35:40","guid":{"rendered":"https:\/\/www.carseatsandparts.com\/?post_type=product&#038;p=10957"},"modified":"2026-01-23T15:30:43","modified_gmt":"2026-01-23T14:30:43","slug":"porsche-bekleding-flanell-streifen-beige","status":"publish","type":"product","link":"https:\/\/www.carseatsandparts.com\/de\/produkt\/porsche-bekleding-flanell-streifen-beige\/","title":{"rendered":"Porsche-Polsterung FLANELL STREIFEN Beige"},"content":{"rendered":"","protected":false},"excerpt":{"rendered":"<strong>Porsche Stoff FLANELL STREIFEN Beige Polsterung pro laufendem Meter<\/strong>\r\n\r\nDer Porsche-Stoff FLANELL STREIFEN Beige ist f\u00fcr den 911, 924, 944 &amp; 928 aus dem Jahr 1987- bestimmt. Der Porsche-Stoff FLANELL STREIFEN Beige pro laufendem Meter eignet sich f\u00fcr die Reparatur, \u00c4nderung und individuelle Polsterung von Autositzen und Innenraumteilen. Diese Polsterung wird h\u00e4ufig f\u00fcr Sportsitze, Schalensitze und individuelle Innenausstattungsprojekte verwendet und eignet sich sowohl f\u00fcr Reparaturen als auch f\u00fcr komplette Neupolsterungen.\r\n\r\nDa der Stoff Porsche FLANELL STREIFEN Beige pro Laufmeter geliefert wird, k\u00f6nnen Sie genau die Menge bestellen, die Sie f\u00fcr Ihr Projekt ben\u00f6tigen. Damit ist dieser Meterware-Stoff ideal f\u00fcr Restaurierungen, Teilreparaturen und Sonderpolsterungen.\r\n\r\n&nbsp;","protected":false},"featured_media":10958,"comment_status":"open","ping_status":"closed","template":"","meta":{"_acf_changed":false},"product_brand":[],"product_cat":[1358,225],"product_tag":[1005],"class_list":{"0":"post-10957","1":"product","2":"type-product","3":"status-publish","4":"has-post-thumbnail","6":"product_cat-porsche","7":"product_cat-per-strekkende-meter","8":"product_tag-flanell-streifen","9":"product_shipping_class-onderdelen-console","11":"first","12":"instock","13":"taxable","14":"shipping-taxable","15":"purchasable","16":"product-type-simple"},"composite_virtual":false,"composite_layout":"","composite_add_to_cart_form_location":"","composite_editable_in_cart":false,"composite_sold_individually_context":"","composite_shop_price_calc":"","composite_components":[],"composite_scenarios":[],"exclude_global_add_ons":[],"addons":[],"acf":[],"yoast_head":null,"yoast_head_json":null,"_links":{"self":[{"href":"https:\/\/www.carseatsandparts.com\/de\/wp-json\/wp\/v2\/product\/10957","targetHints":{"allow":["GET"]}}],"collection":[{"href":"https:\/\/www.carseatsandparts.com\/de\/wp-json\/wp\/v2\/product"}],"about":[{"href":"https:\/\/www.carseatsandparts.com\/de\/wp-json\/wp\/v2\/types\/product"}],"replies":[{"embeddable":true,"href":"https:\/\/www.carseatsandparts.com\/de\/wp-json\/wp\/v2\/comments?post=10957"}],"wp:featuredmedia":[{"embeddable":true,"href":"https:\/\/www.carseatsandparts.com\/de\/wp-json\/wp\/v2\/media\/10958"}],"wp:attachment":[{"href":"https:\/\/www.carseatsandparts.com\/de\/wp-json\/wp\/v2\/media?parent=10957"}],"wp:term":[{"taxonomy":"product_brand","embeddable":true,"href":"https:\/\/www.carseatsandparts.com\/de\/wp-json\/wp\/v2\/product_brand?post=10957"},{"taxonomy":"product_cat","embeddable":true,"href":"https:\/\/www.carseatsandparts.com\/de\/wp-json\/wp\/v2\/product_cat?post=10957"},{"taxonomy":"product_tag","embeddable":true,"href":"https:\/\/www.carseatsandparts.com\/de\/wp-json\/wp\/v2\/product_tag?post=10957"}],"curies":[{"name":"wp","href":"https:\/\/api.w.org\/{rel}","templated":true}]}}