{"id":11211,"date":"2023-04-25T08:41:37","date_gmt":"2023-04-25T06:41:37","guid":{"rendered":"https:\/\/www.carseatsandparts.com\/?post_type=product&#038;p=11211"},"modified":"2026-01-01T23:00:09","modified_gmt":"2026-01-01T22:00:09","slug":"interieur-bmw-m2-f87-leder-dacota-black-blue-stitching","status":"publish","type":"product","link":"https:\/\/www.carseatsandparts.com\/de\/product\/interieur-bmw-m2-f87-leder-dacota-black-blue-stitching\/","title":{"rendered":"Interieur BMW M2 (F87) Leder Dacota Schwarz\/Blaue N\u00e4hte"},"content":{"rendered":"","protected":false},"excerpt":{"rendered":"Interieur BMW M2 Coup\u00e9 (F87) in einer Kombination aus schwarzem Dakota-Leder mit blauen Kontrastn\u00e4hten fertig, die Platten sind in einer Kombination aus schwarzem Alcantara mit schwarzem Leder und blauen N\u00e4hten gepolstert. Die Sitze sind elektrisch verstellbar und lassen sich per Plug &amp; Play in einen BMW M2 (Modell F87) einbauen. Der Innenraum stammt aus einem Vorf\u00fchrwagen und ist so gut wie neu, Airbags und Sicherheitsgurte sind enthalten.","protected":false},"featured_media":17384,"comment_status":"open","ping_status":"closed","template":"","meta":{"_acf_changed":false},"product_brand":[],"product_cat":[1356,115],"product_tag":[1111,983,985,972,984],"class_list":{"0":"post-11211","1":"product","2":"type-product","3":"status-publish","4":"has-post-thumbnail","6":"product_cat-bmw","7":"product_cat-demo-interieurs","8":"product_tag-1111","9":"product_tag-bmw","10":"product_tag-f87","11":"product_tag-interieur","12":"product_tag-m2","13":"product_shipping_class-auto-interieurs","15":"first","16":"instock","17":"taxable","18":"shipping-taxable","19":"purchasable","20":"product-type-simple"},"composite_virtual":false,"composite_layout":"","composite_add_to_cart_form_location":"","composite_editable_in_cart":false,"composite_sold_individually_context":"","composite_shop_price_calc":"","composite_components":[],"composite_scenarios":[],"exclude_global_add_ons":[],"addons":[],"acf":[],"yoast_head":null,"yoast_head_json":null,"_links":{"self":[{"href":"https:\/\/www.carseatsandparts.com\/de\/wp-json\/wp\/v2\/product\/11211","targetHints":{"allow":["GET"]}}],"collection":[{"href":"https:\/\/www.carseatsandparts.com\/de\/wp-json\/wp\/v2\/product"}],"about":[{"href":"https:\/\/www.carseatsandparts.com\/de\/wp-json\/wp\/v2\/types\/product"}],"replies":[{"embeddable":true,"href":"https:\/\/www.carseatsandparts.com\/de\/wp-json\/wp\/v2\/comments?post=11211"}],"wp:featuredmedia":[{"embeddable":true,"href":"https:\/\/www.carseatsandparts.com\/de\/wp-json\/wp\/v2\/media\/17384"}],"wp:attachment":[{"href":"https:\/\/www.carseatsandparts.com\/de\/wp-json\/wp\/v2\/media?parent=11211"}],"wp:term":[{"taxonomy":"product_brand","embeddable":true,"href":"https:\/\/www.carseatsandparts.com\/de\/wp-json\/wp\/v2\/product_brand?post=11211"},{"taxonomy":"product_cat","embeddable":true,"href":"https:\/\/www.carseatsandparts.com\/de\/wp-json\/wp\/v2\/product_cat?post=11211"},{"taxonomy":"product_tag","embeddable":true,"href":"https:\/\/www.carseatsandparts.com\/de\/wp-json\/wp\/v2\/product_tag?post=11211"}],"curies":[{"name":"wp","href":"https:\/\/api.w.org\/{rel}","templated":true}]}}