{"id":11286,"date":"2023-04-25T09:00:50","date_gmt":"2023-04-25T07:00:50","guid":{"rendered":"https:\/\/www.carseatsandparts.com\/?post_type=product&#038;p=11286"},"modified":"2026-01-01T23:00:09","modified_gmt":"2026-01-01T22:00:09","slug":"interieur-vw-golf-8-gti-cs-cd-grijs-rood","status":"publish","type":"product","link":"https:\/\/www.carseatsandparts.com\/de\/produkt\/interieur-vw-golf-8-gti-cs-cd-grijs-rood\/","title":{"rendered":"Innenausstattung VW Golf 8 GTI CS (CD) Grau\/Rot"},"content":{"rendered":"","protected":false},"excerpt":{"rendered":"Innenraum Volkswagen 8 GTI CS (CD) in einer Kombination von Leder grau und rot und mit GTI-Logo fertig. Plug and Play Einbau in einen Golf 8, das Interieur stammt aus einem Vorf\u00fchrwagen und ist abgesehen von ein paar kleinen Besch\u00e4digungen aus der Demontage so gut wie neu. Der Fahrersitz verf\u00fcgt \u00fcber folgende Ausstattung: Memory, elektrische H\u00f6hen- und Neigungsverstellung, elektrische Lendenwirbelst\u00fctze, Heizung und elektrische R\u00fcckenlehne. Der Beifahrersitz verf\u00fcgt \u00fcber eine manuelle H\u00f6hen- und Neigungsverstellung, eine manuelle Lendenwirbelst\u00fctze, eine Heizung und eine manuelle Einstellung der R\u00fcckenlehne. BITTE BEACHTEN SIE: Airbags sind bei dieser Innenausstattung nicht enthalten.","protected":false},"featured_media":16599,"comment_status":"open","ping_status":"closed","template":"","meta":{"_acf_changed":false},"product_brand":[],"product_cat":[1355,115],"product_tag":[1114],"class_list":{"0":"post-11286","1":"product","2":"type-product","3":"status-publish","4":"has-post-thumbnail","6":"product_cat-volkswagen","7":"product_cat-demo-interieurs","8":"product_tag-1114","9":"product_shipping_class-auto-interieurs","11":"first","12":"instock","13":"taxable","14":"shipping-taxable","15":"purchasable","16":"product-type-simple"},"composite_virtual":false,"composite_layout":"","composite_add_to_cart_form_location":"","composite_editable_in_cart":false,"composite_sold_individually_context":"","composite_shop_price_calc":"","composite_components":[],"composite_scenarios":[],"exclude_global_add_ons":[],"addons":[],"acf":[],"yoast_head":null,"yoast_head_json":null,"_links":{"self":[{"href":"https:\/\/www.carseatsandparts.com\/de\/wp-json\/wp\/v2\/product\/11286","targetHints":{"allow":["GET"]}}],"collection":[{"href":"https:\/\/www.carseatsandparts.com\/de\/wp-json\/wp\/v2\/product"}],"about":[{"href":"https:\/\/www.carseatsandparts.com\/de\/wp-json\/wp\/v2\/types\/product"}],"replies":[{"embeddable":true,"href":"https:\/\/www.carseatsandparts.com\/de\/wp-json\/wp\/v2\/comments?post=11286"}],"wp:featuredmedia":[{"embeddable":true,"href":"https:\/\/www.carseatsandparts.com\/de\/wp-json\/wp\/v2\/media\/16599"}],"wp:attachment":[{"href":"https:\/\/www.carseatsandparts.com\/de\/wp-json\/wp\/v2\/media?parent=11286"}],"wp:term":[{"taxonomy":"product_brand","embeddable":true,"href":"https:\/\/www.carseatsandparts.com\/de\/wp-json\/wp\/v2\/product_brand?post=11286"},{"taxonomy":"product_cat","embeddable":true,"href":"https:\/\/www.carseatsandparts.com\/de\/wp-json\/wp\/v2\/product_cat?post=11286"},{"taxonomy":"product_tag","embeddable":true,"href":"https:\/\/www.carseatsandparts.com\/de\/wp-json\/wp\/v2\/product_tag?post=11286"}],"curies":[{"name":"wp","href":"https:\/\/api.w.org\/{rel}","templated":true}]}}