{"id":11604,"date":"2023-06-16T10:04:44","date_gmt":"2023-06-16T08:04:44","guid":{"rendered":"https:\/\/www.carseatsandparts.com\/?post_type=product&#038;p=11604"},"modified":"2026-05-13T08:40:43","modified_gmt":"2026-05-13T06:40:43","slug":"schuimdeel-vw-t4-rugleuning-bj-1990-2003","status":"publish","type":"product","link":"https:\/\/www.carseatsandparts.com\/de\/product\/schuimdeel-vw-t4-rugleuning-bj-1990-2003\/","title":{"rendered":"Schaumstoffteil VW T4 R\u00fcckenlehne Baujahr: 1990-2003"},"content":{"rendered":"","protected":false},"excerpt":{"rendered":"Schaumstoffteil f\u00fcr die R\u00fcckenlehne eines VW T4 ab Baujahr: 1990-2003\r\n\r\n<strong>Schaumstoffteil f\u00fcr Volkswagen T4<\/strong>\r\nDas Schaumstoffteil f\u00fcr Volkswagen T4 ist eine ideale L\u00f6sung, um den Halt und den Sitzkomfort Ihres Autositzes wiederherzustellen. Egal, ob Ihr aktuelles Schaumstoffteil durch jahrelangen Gebrauch abgenutzt ist oder einfach nicht mehr die gew\u00fcnschte Unterst\u00fctzung bietet, dieses Ersatzschaumstoffteil wird Ihnen helfen, Ihren Sitz wieder in Topform zu bringen.","protected":false},"featured_media":11605,"comment_status":"open","ping_status":"closed","template":"","meta":{"_acf_changed":false},"product_brand":[],"product_cat":[178,1355],"product_tag":[1158],"class_list":{"0":"post-11604","1":"product","2":"type-product","3":"status-publish","4":"has-post-thumbnail","6":"product_cat-rugleuning","7":"product_cat-volkswagen","8":"product_tag-bestell-nr-54","9":"product_shipping_class-onderdelen-console","11":"first","12":"instock","13":"taxable","14":"shipping-taxable","15":"purchasable","16":"product-type-simple"},"composite_virtual":false,"composite_layout":"","composite_add_to_cart_form_location":"","composite_editable_in_cart":false,"composite_sold_individually_context":"","composite_shop_price_calc":"","composite_components":[],"composite_scenarios":[],"exclude_global_add_ons":[],"addons":[],"acf":[],"yoast_head":null,"yoast_head_json":null,"_links":{"self":[{"href":"https:\/\/www.carseatsandparts.com\/de\/wp-json\/wp\/v2\/product\/11604","targetHints":{"allow":["GET"]}}],"collection":[{"href":"https:\/\/www.carseatsandparts.com\/de\/wp-json\/wp\/v2\/product"}],"about":[{"href":"https:\/\/www.carseatsandparts.com\/de\/wp-json\/wp\/v2\/types\/product"}],"replies":[{"embeddable":true,"href":"https:\/\/www.carseatsandparts.com\/de\/wp-json\/wp\/v2\/comments?post=11604"}],"wp:featuredmedia":[{"embeddable":true,"href":"https:\/\/www.carseatsandparts.com\/de\/wp-json\/wp\/v2\/media\/11605"}],"wp:attachment":[{"href":"https:\/\/www.carseatsandparts.com\/de\/wp-json\/wp\/v2\/media?parent=11604"}],"wp:term":[{"taxonomy":"product_brand","embeddable":true,"href":"https:\/\/www.carseatsandparts.com\/de\/wp-json\/wp\/v2\/product_brand?post=11604"},{"taxonomy":"product_cat","embeddable":true,"href":"https:\/\/www.carseatsandparts.com\/de\/wp-json\/wp\/v2\/product_cat?post=11604"},{"taxonomy":"product_tag","embeddable":true,"href":"https:\/\/www.carseatsandparts.com\/de\/wp-json\/wp\/v2\/product_tag?post=11604"}],"curies":[{"name":"wp","href":"https:\/\/api.w.org\/{rel}","templated":true}]}}