{"id":11624,"date":"2023-06-16T14:46:29","date_gmt":"2023-06-16T12:46:29","guid":{"rendered":"https:\/\/www.carseatsandparts.com\/?post_type=product&#038;p=11624"},"modified":"2026-05-07T10:28:10","modified_gmt":"2026-05-07T08:28:10","slug":"schuimdeel-alfa-romeo-giulietta-zitting-bj-1977-85","status":"publish","type":"product","link":"https:\/\/www.carseatsandparts.com\/de\/product\/schuimdeel-alfa-romeo-giulietta-zitting-bj-1977-85\/","title":{"rendered":"Schaumstoffteil Alfa Romeo Giulietta Sitz Baujahr: 1977\/85"},"content":{"rendered":"","protected":false},"excerpt":{"rendered":"Schaumstoffteil f\u00fcr den Sitz eines Alfa Romeo Giulietta Baujahr: 1977\/85\r\n\r\n<strong>Schaumstoffteil f\u00fcr Alfa Romeo Giulietta<\/strong>\r\n\r\nDas Schaumstoffteil f\u00fcr Alfa Romeo Giulietta ist eine ideale L\u00f6sung, um die Unterst\u00fctzung und den Sitzkomfort Ihres Autositzes wiederherzustellen. Ob Ihr aktuelles Schaumstoffteil durch jahrelangen Gebrauch abgenutzt ist oder einfach nicht mehr die gew\u00fcnschte Unterst\u00fctzung bietet, dieses Ersatzschaumstoffteil wird Ihnen helfen, Ihren Sitz wieder in Top-Zustand zu bringen.","protected":false},"featured_media":11625,"comment_status":"open","ping_status":"closed","template":"","meta":{"_acf_changed":false},"product_brand":[],"product_cat":[2307,177],"product_tag":[1168],"class_list":{"0":"post-11624","1":"product","2":"type-product","3":"status-publish","4":"has-post-thumbnail","6":"product_cat-alfa-romeo","7":"product_cat-zitting","8":"product_tag-bestell-nr-86","9":"product_shipping_class-onderdelen-console","11":"first","12":"instock","13":"taxable","14":"shipping-taxable","15":"purchasable","16":"product-type-simple"},"composite_virtual":false,"composite_layout":"","composite_add_to_cart_form_location":"","composite_editable_in_cart":false,"composite_sold_individually_context":"","composite_shop_price_calc":"","composite_components":[],"composite_scenarios":[],"exclude_global_add_ons":[],"addons":[],"acf":[],"yoast_head":null,"yoast_head_json":null,"_links":{"self":[{"href":"https:\/\/www.carseatsandparts.com\/de\/wp-json\/wp\/v2\/product\/11624","targetHints":{"allow":["GET"]}}],"collection":[{"href":"https:\/\/www.carseatsandparts.com\/de\/wp-json\/wp\/v2\/product"}],"about":[{"href":"https:\/\/www.carseatsandparts.com\/de\/wp-json\/wp\/v2\/types\/product"}],"replies":[{"embeddable":true,"href":"https:\/\/www.carseatsandparts.com\/de\/wp-json\/wp\/v2\/comments?post=11624"}],"wp:featuredmedia":[{"embeddable":true,"href":"https:\/\/www.carseatsandparts.com\/de\/wp-json\/wp\/v2\/media\/11625"}],"wp:attachment":[{"href":"https:\/\/www.carseatsandparts.com\/de\/wp-json\/wp\/v2\/media?parent=11624"}],"wp:term":[{"taxonomy":"product_brand","embeddable":true,"href":"https:\/\/www.carseatsandparts.com\/de\/wp-json\/wp\/v2\/product_brand?post=11624"},{"taxonomy":"product_cat","embeddable":true,"href":"https:\/\/www.carseatsandparts.com\/de\/wp-json\/wp\/v2\/product_cat?post=11624"},{"taxonomy":"product_tag","embeddable":true,"href":"https:\/\/www.carseatsandparts.com\/de\/wp-json\/wp\/v2\/product_tag?post=11624"}],"curies":[{"name":"wp","href":"https:\/\/api.w.org\/{rel}","templated":true}]}}