{"id":11669,"date":"2023-07-11T14:14:08","date_gmt":"2023-07-11T12:14:08","guid":{"rendered":"https:\/\/www.carseatsandparts.com\/?post_type=product&#038;p=11669"},"modified":"2026-05-13T08:31:41","modified_gmt":"2026-05-13T06:31:41","slug":"schuimdeel-rugleuning-w107-mercedes-sl","status":"publish","type":"product","link":"https:\/\/www.carseatsandparts.com\/de\/product\/schuimdeel-rugleuning-w107-mercedes-sl\/","title":{"rendered":"Schaumstoffteil R\u00fcckenlehne W107 Mercedes SL"},"content":{"rendered":"","protected":false},"excerpt":{"rendered":"Schaumstoffteil f\u00fcr die R\u00fcckenlehne eines W107 Mercedes SL\r\n\r\n<strong>Schaumstoffteil f\u00fcr W107 Mercedes SL<\/strong>\r\n\r\nDas Schaumstoffteil f\u00fcr W107 Mercedes SL ist eine ideale L\u00f6sung, um den Halt und den Sitzkomfort Ihres Autositzes wiederherzustellen. Ob Ihr aktuelles Schaumstoffteil durch jahrelangen Gebrauch abgenutzt ist oder einfach nicht mehr die gew\u00fcnschte Unterst\u00fctzung bietet, dieses Ersatzschaumstoffteil wird Ihnen helfen, Ihren Sitz wieder in Top-Zustand zu bringen.","protected":false},"featured_media":11670,"comment_status":"open","ping_status":"closed","template":"","meta":{"_acf_changed":false},"product_brand":[],"product_cat":[178],"product_tag":[1178],"class_list":{"0":"post-11669","1":"product","2":"type-product","3":"status-publish","4":"has-post-thumbnail","6":"product_cat-rugleuning","7":"product_tag-bestell-nr-94","8":"product_shipping_class-onderdelen-console","10":"first","11":"instock","12":"taxable","13":"shipping-taxable","14":"purchasable","15":"product-type-simple"},"composite_virtual":false,"composite_layout":"","composite_add_to_cart_form_location":"","composite_editable_in_cart":false,"composite_sold_individually_context":"","composite_shop_price_calc":"","composite_components":[],"composite_scenarios":[],"exclude_global_add_ons":[],"addons":[],"acf":[],"yoast_head":null,"yoast_head_json":null,"_links":{"self":[{"href":"https:\/\/www.carseatsandparts.com\/de\/wp-json\/wp\/v2\/product\/11669","targetHints":{"allow":["GET"]}}],"collection":[{"href":"https:\/\/www.carseatsandparts.com\/de\/wp-json\/wp\/v2\/product"}],"about":[{"href":"https:\/\/www.carseatsandparts.com\/de\/wp-json\/wp\/v2\/types\/product"}],"replies":[{"embeddable":true,"href":"https:\/\/www.carseatsandparts.com\/de\/wp-json\/wp\/v2\/comments?post=11669"}],"wp:featuredmedia":[{"embeddable":true,"href":"https:\/\/www.carseatsandparts.com\/de\/wp-json\/wp\/v2\/media\/11670"}],"wp:attachment":[{"href":"https:\/\/www.carseatsandparts.com\/de\/wp-json\/wp\/v2\/media?parent=11669"}],"wp:term":[{"taxonomy":"product_brand","embeddable":true,"href":"https:\/\/www.carseatsandparts.com\/de\/wp-json\/wp\/v2\/product_brand?post=11669"},{"taxonomy":"product_cat","embeddable":true,"href":"https:\/\/www.carseatsandparts.com\/de\/wp-json\/wp\/v2\/product_cat?post=11669"},{"taxonomy":"product_tag","embeddable":true,"href":"https:\/\/www.carseatsandparts.com\/de\/wp-json\/wp\/v2\/product_tag?post=11669"}],"curies":[{"name":"wp","href":"https:\/\/api.w.org\/{rel}","templated":true}]}}