{"id":12590,"date":"2023-11-01T08:31:51","date_gmt":"2023-11-01T07:31:51","guid":{"rendered":"https:\/\/www.carseatsandparts.com\/?post_type=product&#038;p=12590"},"modified":"2024-12-04T11:21:42","modified_gmt":"2024-12-04T10:21:42","slug":"recaro-autostoelen-vw-golf-7-r-alcantara-stof-zwart","status":"publish","type":"product","link":"https:\/\/www.carseatsandparts.com\/de\/produkt\/recaro-autostoelen-vw-golf-7-r-alcantara-stof-zwart\/","title":{"rendered":"RECARO Autositze VW Golf 7 R Alcantara\/Stoff Schwarz"},"content":{"rendered":"","protected":false},"excerpt":{"rendered":"RECARO Autositze VW Golf 7 R fertig in einer Kombination aus Alcantara \/ Stoff Schwarz und schwarzem Leder mit wei\u00dfen N\u00e4hten. Plug-and-Play-Installation in einem Golf 7, die Sitze kommen aus einem Demo-Auto und sind so gut wie neu, abgesehen von ein paar kleine Sch\u00e4den aus der Demontage. Diese sind auf den Bildern zu sehen. Features: klappbare R\u00fcckenlehne, manuelle H\u00f6henverstellung und manuelle Einstellung der R\u00fcckenlehne.","protected":false},"featured_media":12591,"comment_status":"open","ping_status":"closed","template":"","meta":{"_acf_changed":false},"product_brand":[1284,1294],"product_cat":[187,1359],"product_tag":[976,946,973],"class_list":{"0":"post-12590","1":"product","2":"type-product","3":"status-publish","4":"has-post-thumbnail","6":"product_brand-recaro","7":"product_brand-volkswagen","8":"product_cat-demo-autostoelen","9":"product_cat-recaro","10":"product_tag-golf-7","11":"product_tag-recaro","12":"product_tag-volkswagen","13":"product_shipping_class-auto-interieurs","15":"first","16":"outofstock","17":"taxable","18":"shipping-taxable","19":"purchasable","20":"product-type-simple"},"composite_virtual":false,"composite_layout":"","composite_add_to_cart_form_location":"","composite_editable_in_cart":false,"composite_sold_individually_context":"","composite_shop_price_calc":"","composite_components":[],"composite_scenarios":[],"exclude_global_add_ons":[],"addons":[],"acf":[],"yoast_head":null,"yoast_head_json":null,"_links":{"self":[{"href":"https:\/\/www.carseatsandparts.com\/de\/wp-json\/wp\/v2\/product\/12590","targetHints":{"allow":["GET"]}}],"collection":[{"href":"https:\/\/www.carseatsandparts.com\/de\/wp-json\/wp\/v2\/product"}],"about":[{"href":"https:\/\/www.carseatsandparts.com\/de\/wp-json\/wp\/v2\/types\/product"}],"replies":[{"embeddable":true,"href":"https:\/\/www.carseatsandparts.com\/de\/wp-json\/wp\/v2\/comments?post=12590"}],"wp:featuredmedia":[{"embeddable":true,"href":"https:\/\/www.carseatsandparts.com\/de\/wp-json\/wp\/v2\/media\/12591"}],"wp:attachment":[{"href":"https:\/\/www.carseatsandparts.com\/de\/wp-json\/wp\/v2\/media?parent=12590"}],"wp:term":[{"taxonomy":"product_brand","embeddable":true,"href":"https:\/\/www.carseatsandparts.com\/de\/wp-json\/wp\/v2\/product_brand?post=12590"},{"taxonomy":"product_cat","embeddable":true,"href":"https:\/\/www.carseatsandparts.com\/de\/wp-json\/wp\/v2\/product_cat?post=12590"},{"taxonomy":"product_tag","embeddable":true,"href":"https:\/\/www.carseatsandparts.com\/de\/wp-json\/wp\/v2\/product_tag?post=12590"}],"curies":[{"name":"wp","href":"https:\/\/api.w.org\/{rel}","templated":true}]}}