{"id":12818,"date":"2023-12-09T12:16:43","date_gmt":"2023-12-09T11:16:43","guid":{"rendered":"https:\/\/www.carseatsandparts.com\/?post_type=product&#038;p=12818"},"modified":"2025-09-25T14:01:22","modified_gmt":"2025-09-25T12:01:22","slug":"recaro-young-sport-hero-reha","status":"publish","type":"product","link":"https:\/\/www.carseatsandparts.com\/de\/produkt\/recaro-young-sport-hero-reha\/","title":{"rendered":"RECARO Young Sport Hero Reha"},"content":{"rendered":"","protected":false},"excerpt":{"rendered":"Der RECARO Young Sport REHA hat ein integriertes 5-Punkt-Gurtsystem f\u00fcr die Kleinsten (Gruppe I). Bei Bedarf ist der Gurt dann abnehmbar und Sie befestigen das Kind mit dem fahrzeugeigenen Dreipunktgurt. Beim Verstellen der R\u00fcckenh\u00f6he \"w\u00e4chst\" das Gurtsystem mit. Bequemer geht's nicht!\r\n\r\nIm Vergleich zur Standardversion ist der Young Sport Reha mit zus\u00e4tzlichen Seitenpolstern, einer Abdeckung f\u00fcr das Gurtschloss und einer Vorbereitung f\u00fcr diverses Zubeh\u00f6r ausgestattet. Diese verschiedenen Zubeh\u00f6rteile machen den Recaro Young Sport Reha noch kompletter. Sie sorgen f\u00fcr noch mehr Stabilit\u00e4t, Benutzerfreundlichkeit und Komfort f\u00fcr Eltern und Kind.","protected":false},"featured_media":12819,"comment_status":"open","ping_status":"closed","template":"","meta":{"_acf_changed":false},"product_brand":[1284,1400],"product_cat":[936,1359],"product_tag":[1404,946,1402,1403],"class_list":{"0":"post-12818","1":"product","2":"type-product","3":"status-publish","4":"has-post-thumbnail","6":"product_brand-recaro","7":"product_brand-thomashilfen","8":"product_cat-diversen-producten","9":"product_cat-recaro","10":"product_tag-1404","11":"product_tag-recaro","12":"product_tag-thomashilfen","13":"product_tag-young-sport-reha","14":"product_shipping_class-onderdelen-mobility-zitting","16":"first","17":"instock","18":"taxable","19":"shipping-taxable","20":"purchasable","21":"product-type-simple"},"composite_virtual":false,"composite_layout":"","composite_add_to_cart_form_location":"","composite_editable_in_cart":false,"composite_sold_individually_context":"","composite_shop_price_calc":"","composite_components":[],"composite_scenarios":[],"exclude_global_add_ons":[],"addons":[],"acf":[],"yoast_head":null,"yoast_head_json":null,"_links":{"self":[{"href":"https:\/\/www.carseatsandparts.com\/de\/wp-json\/wp\/v2\/product\/12818","targetHints":{"allow":["GET"]}}],"collection":[{"href":"https:\/\/www.carseatsandparts.com\/de\/wp-json\/wp\/v2\/product"}],"about":[{"href":"https:\/\/www.carseatsandparts.com\/de\/wp-json\/wp\/v2\/types\/product"}],"replies":[{"embeddable":true,"href":"https:\/\/www.carseatsandparts.com\/de\/wp-json\/wp\/v2\/comments?post=12818"}],"wp:featuredmedia":[{"embeddable":true,"href":"https:\/\/www.carseatsandparts.com\/de\/wp-json\/wp\/v2\/media\/12819"}],"wp:attachment":[{"href":"https:\/\/www.carseatsandparts.com\/de\/wp-json\/wp\/v2\/media?parent=12818"}],"wp:term":[{"taxonomy":"product_brand","embeddable":true,"href":"https:\/\/www.carseatsandparts.com\/de\/wp-json\/wp\/v2\/product_brand?post=12818"},{"taxonomy":"product_cat","embeddable":true,"href":"https:\/\/www.carseatsandparts.com\/de\/wp-json\/wp\/v2\/product_cat?post=12818"},{"taxonomy":"product_tag","embeddable":true,"href":"https:\/\/www.carseatsandparts.com\/de\/wp-json\/wp\/v2\/product_tag?post=12818"}],"curies":[{"name":"wp","href":"https:\/\/api.w.org\/{rel}","templated":true}]}}