{"id":12903,"date":"2023-12-22T14:45:06","date_gmt":"2023-12-22T13:45:06","guid":{"rendered":"https:\/\/www.carseatsandparts.com\/?post_type=product&#038;p=12903"},"modified":"2025-06-17T09:21:44","modified_gmt":"2025-06-17T07:21:44","slug":"recaro-ford-puma-st-leder","status":"publish","type":"product","link":"https:\/\/www.carseatsandparts.com\/de\/product\/recaro-ford-puma-st-leder\/","title":{"rendered":"RECARO Ford Puma ST Leder"},"content":{"rendered":"","protected":false},"excerpt":{"rendered":"Set von RECARO Ford Puma ST Sitze in einer Kombination aus schwarzem Stoff und Leder mit wei\u00dfen N\u00e4hten fertig. Die Autositze sind neu aus der Originalverpackung und mit Sitzheizung und Seitenairbag ausgestattet. Das Set ist Plug and Play f\u00fcr den Einbau in den Ford Puma der zweiten Generation (MK2) f\u00fcr die 5-t\u00fcrige Version. Artikel-Nummern: 7228335.B04, 7228337.B04","protected":false},"featured_media":16511,"comment_status":"open","ping_status":"closed","template":"","meta":{"_acf_changed":false},"product_brand":[1381,1284],"product_cat":[1357,112,1359],"product_tag":[910,1379,1380,1377,1378,946],"class_list":{"0":"post-12903","1":"product","2":"type-product","3":"status-publish","4":"has-post-thumbnail","6":"product_brand-ford","7":"product_brand-recaro","8":"product_cat-ford","9":"product_cat-nieuwe-autostoelen","10":"product_cat-recaro","11":"product_tag-7225992h-2-b04","12":"product_tag-7228335-b04","13":"product_tag-7228337-b04","14":"product_tag-ford","15":"product_tag-puma","16":"product_tag-recaro","17":"product_shipping_class-auto-interieurs","19":"first","20":"outofstock","21":"taxable","22":"shipping-taxable","23":"purchasable","24":"product-type-simple"},"composite_virtual":false,"composite_layout":"","composite_add_to_cart_form_location":"","composite_editable_in_cart":false,"composite_sold_individually_context":"","composite_shop_price_calc":"","composite_components":[],"composite_scenarios":[],"exclude_global_add_ons":[],"addons":[],"acf":[],"yoast_head":null,"yoast_head_json":null,"_links":{"self":[{"href":"https:\/\/www.carseatsandparts.com\/de\/wp-json\/wp\/v2\/product\/12903","targetHints":{"allow":["GET"]}}],"collection":[{"href":"https:\/\/www.carseatsandparts.com\/de\/wp-json\/wp\/v2\/product"}],"about":[{"href":"https:\/\/www.carseatsandparts.com\/de\/wp-json\/wp\/v2\/types\/product"}],"replies":[{"embeddable":true,"href":"https:\/\/www.carseatsandparts.com\/de\/wp-json\/wp\/v2\/comments?post=12903"}],"wp:featuredmedia":[{"embeddable":true,"href":"https:\/\/www.carseatsandparts.com\/de\/wp-json\/wp\/v2\/media\/16511"}],"wp:attachment":[{"href":"https:\/\/www.carseatsandparts.com\/de\/wp-json\/wp\/v2\/media?parent=12903"}],"wp:term":[{"taxonomy":"product_brand","embeddable":true,"href":"https:\/\/www.carseatsandparts.com\/de\/wp-json\/wp\/v2\/product_brand?post=12903"},{"taxonomy":"product_cat","embeddable":true,"href":"https:\/\/www.carseatsandparts.com\/de\/wp-json\/wp\/v2\/product_cat?post=12903"},{"taxonomy":"product_tag","embeddable":true,"href":"https:\/\/www.carseatsandparts.com\/de\/wp-json\/wp\/v2\/product_tag?post=12903"}],"curies":[{"name":"wp","href":"https:\/\/api.w.org\/{rel}","templated":true}]}}