{"id":13029,"date":"2024-01-04T16:45:35","date_gmt":"2024-01-04T15:45:35","guid":{"rendered":"https:\/\/www.carseatsandparts.com\/?post_type=product&#038;p=13029"},"modified":"2026-04-09T10:10:19","modified_gmt":"2026-04-09T08:10:19","slug":"recaro-elektrische-zeswegverstelling-nieuw","status":"publish","type":"product","link":"https:\/\/www.carseatsandparts.com\/de\/product\/recaro-elektrische-zeswegverstelling-nieuw\/","title":{"rendered":"RECARO Electric Sechsfachverstellung (ohne Schalter)"},"content":{"rendered":"","protected":false},"excerpt":{"rendered":"Das RECARO Sechs-Wege-Untergestell ist ein vollelektrisches Universaluntergestell, das f\u00fcr die Montage eines RECARO Autositzes geeignet ist. Mit diesem Untergestell k\u00f6nnen Sie elektrisch vorw\u00e4rts und r\u00fcckw\u00e4rts fahren und es gibt eine elektrische H\u00f6henverstellung vorne und hinten. Auf diese Weise k\u00f6nnen Sie immer die richtige Sitzposition einstellen. Artikel Nummer 7201440\r\n\r\n<strong>REMEMBER<\/strong> : derzeit nur ohne Schalter erh\u00e4ltlich!","protected":false},"featured_media":13030,"comment_status":"open","ping_status":"closed","template":"","meta":{"_acf_changed":false},"product_brand":[1284],"product_cat":[158,936,1359],"product_tag":[946,1364],"class_list":{"0":"post-13029","1":"product","2":"type-product","3":"status-publish","4":"has-post-thumbnail","6":"product_brand-recaro","7":"product_cat-consoles","8":"product_cat-diversen-producten","9":"product_cat-recaro","10":"product_tag-recaro","11":"product_tag-zeswegverstelling","12":"product_shipping_class-onderdelen-mobility-zitting","14":"first","15":"instock","16":"taxable","17":"shipping-taxable","18":"purchasable","19":"product-type-simple"},"composite_virtual":false,"composite_layout":"","composite_add_to_cart_form_location":"","composite_editable_in_cart":false,"composite_sold_individually_context":"","composite_shop_price_calc":"","composite_components":[],"composite_scenarios":[],"exclude_global_add_ons":[],"addons":[],"acf":[],"yoast_head":null,"yoast_head_json":null,"_links":{"self":[{"href":"https:\/\/www.carseatsandparts.com\/de\/wp-json\/wp\/v2\/product\/13029","targetHints":{"allow":["GET"]}}],"collection":[{"href":"https:\/\/www.carseatsandparts.com\/de\/wp-json\/wp\/v2\/product"}],"about":[{"href":"https:\/\/www.carseatsandparts.com\/de\/wp-json\/wp\/v2\/types\/product"}],"replies":[{"embeddable":true,"href":"https:\/\/www.carseatsandparts.com\/de\/wp-json\/wp\/v2\/comments?post=13029"}],"wp:featuredmedia":[{"embeddable":true,"href":"https:\/\/www.carseatsandparts.com\/de\/wp-json\/wp\/v2\/media\/13030"}],"wp:attachment":[{"href":"https:\/\/www.carseatsandparts.com\/de\/wp-json\/wp\/v2\/media?parent=13029"}],"wp:term":[{"taxonomy":"product_brand","embeddable":true,"href":"https:\/\/www.carseatsandparts.com\/de\/wp-json\/wp\/v2\/product_brand?post=13029"},{"taxonomy":"product_cat","embeddable":true,"href":"https:\/\/www.carseatsandparts.com\/de\/wp-json\/wp\/v2\/product_cat?post=13029"},{"taxonomy":"product_tag","embeddable":true,"href":"https:\/\/www.carseatsandparts.com\/de\/wp-json\/wp\/v2\/product_tag?post=13029"}],"curies":[{"name":"wp","href":"https:\/\/api.w.org\/{rel}","templated":true}]}}