{"id":13495,"date":"2024-02-23T15:57:20","date_gmt":"2024-02-23T14:57:20","guid":{"rendered":"https:\/\/www.carseatsandparts.com\/?post_type=product&#038;p=13495"},"modified":"2026-04-17T15:54:58","modified_gmt":"2026-04-17T13:54:58","slug":"interieur-vw-polo-6-r-aw-stof-alcantara-zwart-grijs","status":"publish","type":"product","link":"https:\/\/www.carseatsandparts.com\/de\/product\/interieur-vw-polo-6-r-aw-stof-alcantara-zwart-grijs\/","title":{"rendered":"Innenausstattung VW Polo 6 R (AW) Stoff\/Alcantara Schwarz\/Grau"},"content":{"rendered":"","protected":false},"excerpt":{"rendered":"Innenraum Volkswagen Polo 6R (AW) in schwarzem Stoff und grauem Alcantara mit grauen N\u00e4hten und R-Logo beendet. Plug and Play Einbau in einen Polo 6. Der Innenraum stammt aus einem Demo-Auto und ist daher so gut wie neu abgesehen von einigen leichten Benutzer und Demontage Schaden, der in den Bildern zu sehen ist.\r\n\r\nAusstattung: manuelle H\u00f6hen- und Neigungsverstellung, manuelle Lendenwirbelst\u00fctze und eine manuelle R\u00fcckenlehnenverstellung. Die Airbags und Sicherheitsgurte sind bei dieser Innenausstattung vorhanden und noch im Originalzustand.\r\n\r\nBitte beachten Sie, dass die hintere rechte T\u00fcrverkleidung und der hintere Gurtpunkt fehlen.","protected":false},"featured_media":17386,"comment_status":"open","ping_status":"closed","template":"","meta":{"_acf_changed":false},"product_brand":[1294],"product_cat":[115,1355],"product_tag":[2321,972,990,989,973],"class_list":{"0":"post-13495","1":"product","2":"type-product","3":"status-publish","4":"has-post-thumbnail","6":"product_brand-volkswagen","7":"product_cat-demo-interieurs","8":"product_cat-volkswagen","9":"product_tag-2321","10":"product_tag-interieur","11":"product_tag-mk6","12":"product_tag-polo-6","13":"product_tag-volkswagen","14":"product_shipping_class-auto-interieurs","16":"first","17":"outofstock","18":"taxable","19":"shipping-taxable","20":"purchasable","21":"product-type-simple"},"composite_virtual":false,"composite_layout":"","composite_add_to_cart_form_location":"","composite_editable_in_cart":false,"composite_sold_individually_context":"","composite_shop_price_calc":"","composite_components":[],"composite_scenarios":[],"exclude_global_add_ons":[],"addons":[],"acf":[],"yoast_head":null,"yoast_head_json":null,"_links":{"self":[{"href":"https:\/\/www.carseatsandparts.com\/de\/wp-json\/wp\/v2\/product\/13495","targetHints":{"allow":["GET"]}}],"collection":[{"href":"https:\/\/www.carseatsandparts.com\/de\/wp-json\/wp\/v2\/product"}],"about":[{"href":"https:\/\/www.carseatsandparts.com\/de\/wp-json\/wp\/v2\/types\/product"}],"replies":[{"embeddable":true,"href":"https:\/\/www.carseatsandparts.com\/de\/wp-json\/wp\/v2\/comments?post=13495"}],"wp:featuredmedia":[{"embeddable":true,"href":"https:\/\/www.carseatsandparts.com\/de\/wp-json\/wp\/v2\/media\/17386"}],"wp:attachment":[{"href":"https:\/\/www.carseatsandparts.com\/de\/wp-json\/wp\/v2\/media?parent=13495"}],"wp:term":[{"taxonomy":"product_brand","embeddable":true,"href":"https:\/\/www.carseatsandparts.com\/de\/wp-json\/wp\/v2\/product_brand?post=13495"},{"taxonomy":"product_cat","embeddable":true,"href":"https:\/\/www.carseatsandparts.com\/de\/wp-json\/wp\/v2\/product_cat?post=13495"},{"taxonomy":"product_tag","embeddable":true,"href":"https:\/\/www.carseatsandparts.com\/de\/wp-json\/wp\/v2\/product_tag?post=13495"}],"curies":[{"name":"wp","href":"https:\/\/api.w.org\/{rel}","templated":true}]}}