{"id":13704,"date":"2024-04-02T15:30:56","date_gmt":"2024-04-02T13:30:56","guid":{"rendered":"https:\/\/www.carseatsandparts.com\/?post_type=product&#038;p=13704"},"modified":"2026-01-01T23:00:10","modified_gmt":"2026-01-01T22:00:10","slug":"interieur-vw-golf-8-gti-alcantara-stof-grijs-geruit-rood-wit-grijs","status":"publish","type":"product","link":"https:\/\/www.carseatsandparts.com\/de\/product\/interieur-vw-golf-8-gti-alcantara-stof-grijs-geruit-rood-wit-grijs\/","title":{"rendered":"Innenausstattung VW Golf 8 GTI Alcantara\/Stoff Rot\/Wei\u00df\/Grau"},"content":{"rendered":"","protected":false},"excerpt":{"rendered":"Innenausstattung Volkswagen 8 GTI in einer Kombination aus grauem Alcantara und einem Mittelstreifen mit rot-wei\u00df-grauem und rotem GTI-Logo im Schachbrettmuster. Plug and Play Einbau in einen Golf 8. Der Innenraum stammt aus einem Vorf\u00fchrwagen und ist daher so gut wie neu, abgesehen von einigen leichten Gebrauchs- und Ausbausch\u00e4den, die auf den Bildern zu sehen sind.\r\n\r\nAusstattung: manuelle H\u00f6hen- und Neigungsverstellung, manuelle Lendenwirbelst\u00fctze und manuelle R\u00fcckenlehnenverstellung. Airbags und Sicherheitsgurte sind bei dieser Ausstattung vorhanden und noch im Originalzustand. Ein Schalthebel und eine Armlehne sind auch noch bei dieser Innenausstattung vorhanden.\r\n\r\nBITTE BEACHTEN SIE: Diese Innenausstattung stammt aus einem Auto mit Rechtslenkung.","protected":false},"featured_media":16623,"comment_status":"open","ping_status":"closed","template":"","meta":{"_acf_changed":false},"product_brand":[1294],"product_cat":[115],"product_tag":[2320,974,1479,972,975,973],"class_list":{"0":"post-13704","1":"product","2":"type-product","3":"status-publish","4":"has-post-thumbnail","6":"product_brand-volkswagen","7":"product_cat-demo-interieurs","8":"product_tag-2320","9":"product_tag-golf-8","10":"product_tag-gti","11":"product_tag-interieur","12":"product_tag-mk8","13":"product_tag-volkswagen","14":"product_shipping_class-auto-interieurs","16":"first","17":"instock","18":"shipping-taxable","19":"purchasable","20":"product-type-simple"},"composite_virtual":false,"composite_layout":"","composite_add_to_cart_form_location":"","composite_editable_in_cart":false,"composite_sold_individually_context":"","composite_shop_price_calc":"","composite_components":[],"composite_scenarios":[],"exclude_global_add_ons":[],"addons":[],"acf":[],"yoast_head":null,"yoast_head_json":null,"_links":{"self":[{"href":"https:\/\/www.carseatsandparts.com\/de\/wp-json\/wp\/v2\/product\/13704","targetHints":{"allow":["GET"]}}],"collection":[{"href":"https:\/\/www.carseatsandparts.com\/de\/wp-json\/wp\/v2\/product"}],"about":[{"href":"https:\/\/www.carseatsandparts.com\/de\/wp-json\/wp\/v2\/types\/product"}],"replies":[{"embeddable":true,"href":"https:\/\/www.carseatsandparts.com\/de\/wp-json\/wp\/v2\/comments?post=13704"}],"wp:featuredmedia":[{"embeddable":true,"href":"https:\/\/www.carseatsandparts.com\/de\/wp-json\/wp\/v2\/media\/16623"}],"wp:attachment":[{"href":"https:\/\/www.carseatsandparts.com\/de\/wp-json\/wp\/v2\/media?parent=13704"}],"wp:term":[{"taxonomy":"product_brand","embeddable":true,"href":"https:\/\/www.carseatsandparts.com\/de\/wp-json\/wp\/v2\/product_brand?post=13704"},{"taxonomy":"product_cat","embeddable":true,"href":"https:\/\/www.carseatsandparts.com\/de\/wp-json\/wp\/v2\/product_cat?post=13704"},{"taxonomy":"product_tag","embeddable":true,"href":"https:\/\/www.carseatsandparts.com\/de\/wp-json\/wp\/v2\/product_tag?post=13704"}],"curies":[{"name":"wp","href":"https:\/\/api.w.org\/{rel}","templated":true}]}}