{"id":13740,"date":"2024-04-02T15:49:57","date_gmt":"2024-04-02T13:49:57","guid":{"rendered":"https:\/\/www.carseatsandparts.com\/?post_type=product&#038;p=13740"},"modified":"2026-01-01T23:00:07","modified_gmt":"2026-01-01T22:00:07","slug":"interieur-bmw-3-serie-g20-m-sport-leder-alcantara-zwart","status":"publish","type":"product","link":"https:\/\/www.carseatsandparts.com\/de\/product\/interieur-bmw-3-serie-g20-m-sport-leder-alcantara-zwart\/","title":{"rendered":"Innenausstattung BMW 3er (G20) M-Sport Leder\/Alcantara schwarz"},"content":{"rendered":"","protected":false},"excerpt":{"rendered":"Interieur BMW 3er (G20) M-Sport in einer Kombination aus schwarzem Alcantara und Leder mit blauen N\u00e4hten und M Flagge beendet. Plug and Play Einbau in einen BMW 3er (G20). Der Innenraum stammt aus einem Demo-Auto und ist daher so gut wie neu abgesehen von einigen leichten Benutzer und Demontage Sch\u00e4den, die in den Bildern zu sehen sind.\r\n\r\nAusstattung: manuelle Gleitschienen, manuelle H\u00f6hen- und Neigungsverstellung, manuelle R\u00fcckenlehnenverstellung, manuelle Sitzverl\u00e4ngerung und Sitzheizung. Airbags und Sicherheitsgurte sind bei dieser Ausstattung vorhanden und noch im Originalzustand.","protected":false},"featured_media":17382,"comment_status":"open","ping_status":"closed","template":"","meta":{"_acf_changed":false},"product_brand":[1486],"product_cat":[1356,115],"product_tag":[2319,1482,983,1483,972,1485,1484],"class_list":{"0":"post-13740","1":"product","2":"type-product","3":"status-publish","4":"has-post-thumbnail","6":"product_brand-bmw","7":"product_cat-bmw","8":"product_cat-demo-interieurs","9":"product_tag-2319","10":"product_tag-1482","11":"product_tag-bmw","12":"product_tag-g20","13":"product_tag-interieur","14":"product_tag-m","15":"product_tag-m-sport","16":"product_shipping_class-auto-interieurs","18":"first","19":"instock","20":"taxable","21":"shipping-taxable","22":"purchasable","23":"product-type-simple"},"composite_virtual":false,"composite_layout":"","composite_add_to_cart_form_location":"","composite_editable_in_cart":false,"composite_sold_individually_context":"","composite_shop_price_calc":"","composite_components":[],"composite_scenarios":[],"exclude_global_add_ons":[],"addons":[],"acf":[],"yoast_head":null,"yoast_head_json":null,"_links":{"self":[{"href":"https:\/\/www.carseatsandparts.com\/de\/wp-json\/wp\/v2\/product\/13740","targetHints":{"allow":["GET"]}}],"collection":[{"href":"https:\/\/www.carseatsandparts.com\/de\/wp-json\/wp\/v2\/product"}],"about":[{"href":"https:\/\/www.carseatsandparts.com\/de\/wp-json\/wp\/v2\/types\/product"}],"replies":[{"embeddable":true,"href":"https:\/\/www.carseatsandparts.com\/de\/wp-json\/wp\/v2\/comments?post=13740"}],"wp:featuredmedia":[{"embeddable":true,"href":"https:\/\/www.carseatsandparts.com\/de\/wp-json\/wp\/v2\/media\/17382"}],"wp:attachment":[{"href":"https:\/\/www.carseatsandparts.com\/de\/wp-json\/wp\/v2\/media?parent=13740"}],"wp:term":[{"taxonomy":"product_brand","embeddable":true,"href":"https:\/\/www.carseatsandparts.com\/de\/wp-json\/wp\/v2\/product_brand?post=13740"},{"taxonomy":"product_cat","embeddable":true,"href":"https:\/\/www.carseatsandparts.com\/de\/wp-json\/wp\/v2\/product_cat?post=13740"},{"taxonomy":"product_tag","embeddable":true,"href":"https:\/\/www.carseatsandparts.com\/de\/wp-json\/wp\/v2\/product_tag?post=13740"}],"curies":[{"name":"wp","href":"https:\/\/api.w.org\/{rel}","templated":true}]}}