{"id":13959,"date":"2024-04-16T12:05:54","date_gmt":"2024-04-16T10:05:54","guid":{"rendered":"https:\/\/www.carseatsandparts.com\/?post_type=product&#038;p=13959"},"modified":"2025-01-21T11:34:57","modified_gmt":"2025-01-21T10:34:57","slug":"recaro-speed-star-bureaustoel","status":"publish","type":"product","link":"https:\/\/www.carseatsandparts.com\/de\/product\/recaro-speed-star-bureaustoel\/","title":{"rendered":"RECARO Speed Star B\u00fcrostuhl"},"content":{"rendered":"","protected":false},"excerpt":{"rendered":"Der RECARO Speed Star B\u00fcrostuhl hat alles, was ein sportlicher B\u00fcrostuhl braucht. Ausgef\u00fchrt in einer Kombination aus Kunstleder und Dinamica schwarz mit roten N\u00e4hten und passenden Streifen. Mit seinem neuen Gurtdurchgang, dem langen, flachen Sitzkissen und den markanten Schulterst\u00fctzen und Seitenwangen bietet der RECARO Speed Star den perfekten Einstieg in die Welt der sportlich-ergonomischen RECARO Designerst\u00fchle. Der Stuhl verf\u00fcgt \u00fcber eine H\u00f6hen- und Neigungsverstellung mittels Schwingmechanik, 3D-Armauflagen und ist f\u00fcr jeden Untergrund geeignet.","protected":false},"featured_media":13960,"comment_status":"open","ping_status":"closed","template":"","meta":{"_acf_changed":false},"product_brand":[1284],"product_cat":[936,1359],"product_tag":[1515,1516,1518,1517,946,1512],"class_list":{"0":"post-13959","1":"product","2":"type-product","3":"status-publish","4":"has-post-thumbnail","6":"product_brand-recaro","7":"product_cat-diversen-producten","8":"product_cat-recaro","9":"product_tag-20055373-b47","10":"product_tag-bureaustoel","11":"product_tag-kantoorstoel","12":"product_tag-office-chair","13":"product_tag-recaro","14":"product_tag-speed-star","15":"product_shipping_class-auto-stoelen","17":"first","18":"onbackorder","19":"taxable","20":"shipping-taxable","21":"purchasable","22":"product-type-simple"},"composite_virtual":false,"composite_layout":"","composite_add_to_cart_form_location":"","composite_editable_in_cart":false,"composite_sold_individually_context":"","composite_shop_price_calc":"","composite_components":[],"composite_scenarios":[],"exclude_global_add_ons":[],"addons":[],"acf":[],"yoast_head":null,"yoast_head_json":null,"_links":{"self":[{"href":"https:\/\/www.carseatsandparts.com\/de\/wp-json\/wp\/v2\/product\/13959","targetHints":{"allow":["GET"]}}],"collection":[{"href":"https:\/\/www.carseatsandparts.com\/de\/wp-json\/wp\/v2\/product"}],"about":[{"href":"https:\/\/www.carseatsandparts.com\/de\/wp-json\/wp\/v2\/types\/product"}],"replies":[{"embeddable":true,"href":"https:\/\/www.carseatsandparts.com\/de\/wp-json\/wp\/v2\/comments?post=13959"}],"wp:featuredmedia":[{"embeddable":true,"href":"https:\/\/www.carseatsandparts.com\/de\/wp-json\/wp\/v2\/media\/13960"}],"wp:attachment":[{"href":"https:\/\/www.carseatsandparts.com\/de\/wp-json\/wp\/v2\/media?parent=13959"}],"wp:term":[{"taxonomy":"product_brand","embeddable":true,"href":"https:\/\/www.carseatsandparts.com\/de\/wp-json\/wp\/v2\/product_brand?post=13959"},{"taxonomy":"product_cat","embeddable":true,"href":"https:\/\/www.carseatsandparts.com\/de\/wp-json\/wp\/v2\/product_cat?post=13959"},{"taxonomy":"product_tag","embeddable":true,"href":"https:\/\/www.carseatsandparts.com\/de\/wp-json\/wp\/v2\/product_tag?post=13959"}],"curies":[{"name":"wp","href":"https:\/\/api.w.org\/{rel}","templated":true}]}}