{"id":14261,"date":"2024-06-17T10:06:53","date_gmt":"2024-06-17T08:06:53","guid":{"rendered":"https:\/\/www.carseatsandparts.com\/?post_type=product&#038;p=14261"},"modified":"2024-12-04T11:21:55","modified_gmt":"2024-12-04T10:21:55","slug":"interieur-vw-golf-7-gte-leder-zwart","status":"publish","type":"product","link":"https:\/\/www.carseatsandparts.com\/de\/produkt\/interieur-vw-golf-7-gte-leder-zwart\/","title":{"rendered":"Innenausstattung VW Golf 7 GTE Leder Schwarz"},"content":{"rendered":"","protected":false},"excerpt":{"rendered":"Innenraum Volkswagen Golf 7 GTE in schwarzem Leder und blauen N\u00e4hten fertig. Plug and Play in einem Golf 7 zu installieren. Der Innenraum stammt aus einem Vorf\u00fchrwagen und ist daher so gut wie neu, abgesehen von einigen leichten Gebrauchs- und Demontagesch\u00e4den, die auf den Bildern zu sehen sind. Bitte beachten Sie: von Rechtslenker Auto.\r\n\r\nAusstattung: Sitzheizung, manuelle H\u00f6hen- und Neigungsverstellung, manuelle Lendenwirbelst\u00fctze und eine manuelle Lehnenverstellung. Die Airbags und Sicherheitsgurte sind bei dieser Ausstattung noch im Originalzustand.","protected":false},"featured_media":14313,"comment_status":"open","ping_status":"closed","template":"","meta":{"_acf_changed":false},"product_brand":[1294],"product_cat":[115,1355],"product_tag":[976,988,972,977,973],"class_list":{"0":"post-14261","1":"product","2":"type-product","3":"status-publish","4":"has-post-thumbnail","6":"product_brand-volkswagen","7":"product_cat-demo-interieurs","8":"product_cat-volkswagen","9":"product_tag-golf-7","10":"product_tag-gte","11":"product_tag-interieur","12":"product_tag-mk7","13":"product_tag-volkswagen","14":"product_shipping_class-auto-interieurs","16":"first","17":"outofstock","18":"taxable","19":"shipping-taxable","20":"purchasable","21":"product-type-simple"},"composite_virtual":false,"composite_layout":"","composite_add_to_cart_form_location":"","composite_editable_in_cart":false,"composite_sold_individually_context":"","composite_shop_price_calc":"","composite_components":[],"composite_scenarios":[],"exclude_global_add_ons":[],"addons":[],"acf":[],"yoast_head":null,"yoast_head_json":null,"_links":{"self":[{"href":"https:\/\/www.carseatsandparts.com\/de\/wp-json\/wp\/v2\/product\/14261","targetHints":{"allow":["GET"]}}],"collection":[{"href":"https:\/\/www.carseatsandparts.com\/de\/wp-json\/wp\/v2\/product"}],"about":[{"href":"https:\/\/www.carseatsandparts.com\/de\/wp-json\/wp\/v2\/types\/product"}],"replies":[{"embeddable":true,"href":"https:\/\/www.carseatsandparts.com\/de\/wp-json\/wp\/v2\/comments?post=14261"}],"wp:featuredmedia":[{"embeddable":true,"href":"https:\/\/www.carseatsandparts.com\/de\/wp-json\/wp\/v2\/media\/14313"}],"wp:attachment":[{"href":"https:\/\/www.carseatsandparts.com\/de\/wp-json\/wp\/v2\/media?parent=14261"}],"wp:term":[{"taxonomy":"product_brand","embeddable":true,"href":"https:\/\/www.carseatsandparts.com\/de\/wp-json\/wp\/v2\/product_brand?post=14261"},{"taxonomy":"product_cat","embeddable":true,"href":"https:\/\/www.carseatsandparts.com\/de\/wp-json\/wp\/v2\/product_cat?post=14261"},{"taxonomy":"product_tag","embeddable":true,"href":"https:\/\/www.carseatsandparts.com\/de\/wp-json\/wp\/v2\/product_tag?post=14261"}],"curies":[{"name":"wp","href":"https:\/\/api.w.org\/{rel}","templated":true}]}}