{"id":14364,"date":"2024-06-18T10:02:07","date_gmt":"2024-06-18T08:02:07","guid":{"rendered":"https:\/\/www.carseatsandparts.com\/?post_type=product&#038;p=14364"},"modified":"2025-07-23T12:10:45","modified_gmt":"2025-07-23T10:10:45","slug":"renault-trafic-opel-vivaro-nissan-primastar-bouwjaar-2001-2014","status":"publish","type":"product","link":"https:\/\/www.carseatsandparts.com\/de\/produkt\/renault-trafic-opel-vivaro-nissan-primastar-bouwjaar-2001-2014\/","title":{"rendered":"Renault Trafic \/ Opel Vivaro \/ Nissan Primastar Jahr der Herstellung. 2001 -2014"},"content":{"rendered":"","protected":false},"excerpt":{"rendered":"<strong data-start=\"61\" data-end=\"149\">Schaumstoffteil f\u00fcr Renault Trafic \/ Opel Vivaro \/ Nissan Primastar (Baujahr 2001-2014)<\/strong>\r\n\r\n<strong data-start=\"153\" data-end=\"203\">Ersatzschaumteil f\u00fcr optimalen Sitzkomfort<\/strong>\r\n\r\nIst der Sitz Ihres Renault Trafic, Opel Vivaro oder Nissan Primastar abgenutzt? Dieses hochwertige Schaumstoffteil bietet die perfekte L\u00f6sung, um den urspr\u00fcnglichen Halt und Sitzkomfort wiederherzustellen. Entwickelt f\u00fcr Modelle von 2001-2014, sorgt es f\u00fcr eine ideale Passform und ein komfortables Fahrerlebnis.","protected":false},"featured_media":14365,"comment_status":"open","ping_status":"closed","template":"","meta":{"_acf_changed":false},"product_brand":[],"product_cat":[2820,2841,177],"product_tag":[1786],"class_list":{"0":"post-14364","1":"product","2":"type-product","3":"status-publish","4":"has-post-thumbnail","6":"product_cat-bedrijfswagens","7":"product_cat-schuimdelen-voor-bedrijfswagens","8":"product_cat-zitting","9":"product_tag-bestell-nr-03","10":"product_shipping_class-onderdelen-console","12":"first","13":"instock","14":"taxable","15":"shipping-taxable","16":"purchasable","17":"product-type-simple"},"composite_virtual":false,"composite_layout":"","composite_add_to_cart_form_location":"","composite_editable_in_cart":false,"composite_sold_individually_context":"","composite_shop_price_calc":"","composite_components":[],"composite_scenarios":[],"exclude_global_add_ons":[],"addons":[],"acf":[],"yoast_head":null,"yoast_head_json":null,"_links":{"self":[{"href":"https:\/\/www.carseatsandparts.com\/de\/wp-json\/wp\/v2\/product\/14364","targetHints":{"allow":["GET"]}}],"collection":[{"href":"https:\/\/www.carseatsandparts.com\/de\/wp-json\/wp\/v2\/product"}],"about":[{"href":"https:\/\/www.carseatsandparts.com\/de\/wp-json\/wp\/v2\/types\/product"}],"replies":[{"embeddable":true,"href":"https:\/\/www.carseatsandparts.com\/de\/wp-json\/wp\/v2\/comments?post=14364"}],"wp:featuredmedia":[{"embeddable":true,"href":"https:\/\/www.carseatsandparts.com\/de\/wp-json\/wp\/v2\/media\/14365"}],"wp:attachment":[{"href":"https:\/\/www.carseatsandparts.com\/de\/wp-json\/wp\/v2\/media?parent=14364"}],"wp:term":[{"taxonomy":"product_brand","embeddable":true,"href":"https:\/\/www.carseatsandparts.com\/de\/wp-json\/wp\/v2\/product_brand?post=14364"},{"taxonomy":"product_cat","embeddable":true,"href":"https:\/\/www.carseatsandparts.com\/de\/wp-json\/wp\/v2\/product_cat?post=14364"},{"taxonomy":"product_tag","embeddable":true,"href":"https:\/\/www.carseatsandparts.com\/de\/wp-json\/wp\/v2\/product_tag?post=14364"}],"curies":[{"name":"wp","href":"https:\/\/api.w.org\/{rel}","templated":true}]}}