{"id":14369,"date":"2024-06-18T10:29:01","date_gmt":"2024-06-18T08:29:01","guid":{"rendered":"https:\/\/www.carseatsandparts.com\/?post_type=product&#038;p=14369"},"modified":"2025-07-23T12:11:58","modified_gmt":"2025-07-23T10:11:58","slug":"ford-transit-zitting-nieuw-bouwjaar-2000-2013","status":"publish","type":"product","link":"https:\/\/www.carseatsandparts.com\/de\/product\/ford-transit-zitting-nieuw-bouwjaar-2000-2013\/","title":{"rendered":"Ford Transit Sitz Baujahr. 2000 - 2013"},"content":{"rendered":"","protected":false},"excerpt":{"rendered":"<strong data-start=\"61\" data-end=\"124\">Schuimdeel voor Ford Transit Zitting (Bouwjaar 2000 &#8211; 2013)<\/strong>\r\n\r\n<strong data-start=\"128\" data-end=\"175\">Erneuern Sie den Sitzkomfort in Ihrem Ford Transit<\/strong>\r\n\r\nIst der Sitz Ihres Ford Transit verschlissen oder bietet er nicht mehr den n\u00f6tigen Halt? Dieses hochwertige Schaumstoffteil wurde speziell f\u00fcr die Modelle 2000-2013 entwickelt und hilft Ihnen, Ihren Sitz wieder in einen Top-Zustand zu bringen. So k\u00f6nnen Sie wieder ein komfortables und ergonomisches Fahrerlebnis genie\u00dfen.","protected":false},"featured_media":14370,"comment_status":"open","ping_status":"closed","template":"","meta":{"_acf_changed":false},"product_brand":[],"product_cat":[2820,2841,177],"product_tag":[1792],"class_list":{"0":"post-14369","1":"product","2":"type-product","3":"status-publish","4":"has-post-thumbnail","6":"product_cat-bedrijfswagens","7":"product_cat-schuimdelen-voor-bedrijfswagens","8":"product_cat-zitting","9":"product_tag-bestell-nr-05","10":"product_shipping_class-onderdelen-console","12":"first","13":"instock","14":"taxable","15":"shipping-taxable","16":"purchasable","17":"product-type-simple"},"composite_virtual":false,"composite_layout":"","composite_add_to_cart_form_location":"","composite_editable_in_cart":false,"composite_sold_individually_context":"","composite_shop_price_calc":"","composite_components":[],"composite_scenarios":[],"exclude_global_add_ons":[],"addons":[],"acf":[],"yoast_head":null,"yoast_head_json":null,"_links":{"self":[{"href":"https:\/\/www.carseatsandparts.com\/de\/wp-json\/wp\/v2\/product\/14369","targetHints":{"allow":["GET"]}}],"collection":[{"href":"https:\/\/www.carseatsandparts.com\/de\/wp-json\/wp\/v2\/product"}],"about":[{"href":"https:\/\/www.carseatsandparts.com\/de\/wp-json\/wp\/v2\/types\/product"}],"replies":[{"embeddable":true,"href":"https:\/\/www.carseatsandparts.com\/de\/wp-json\/wp\/v2\/comments?post=14369"}],"wp:featuredmedia":[{"embeddable":true,"href":"https:\/\/www.carseatsandparts.com\/de\/wp-json\/wp\/v2\/media\/14370"}],"wp:attachment":[{"href":"https:\/\/www.carseatsandparts.com\/de\/wp-json\/wp\/v2\/media?parent=14369"}],"wp:term":[{"taxonomy":"product_brand","embeddable":true,"href":"https:\/\/www.carseatsandparts.com\/de\/wp-json\/wp\/v2\/product_brand?post=14369"},{"taxonomy":"product_cat","embeddable":true,"href":"https:\/\/www.carseatsandparts.com\/de\/wp-json\/wp\/v2\/product_cat?post=14369"},{"taxonomy":"product_tag","embeddable":true,"href":"https:\/\/www.carseatsandparts.com\/de\/wp-json\/wp\/v2\/product_tag?post=14369"}],"curies":[{"name":"wp","href":"https:\/\/api.w.org\/{rel}","templated":true}]}}