{"id":14395,"date":"2024-06-18T11:50:54","date_gmt":"2024-06-18T09:50:54","guid":{"rendered":"https:\/\/www.carseatsandparts.com\/?post_type=product&#038;p=14395"},"modified":"2025-04-09T08:51:02","modified_gmt":"2025-04-09T06:51:02","slug":"grammer-rugleuning","status":"publish","type":"product","link":"https:\/\/www.carseatsandparts.com\/de\/product\/grammer-rugleuning\/","title":{"rendered":"Grammer R\u00fcckenlehne"},"content":{"rendered":"","protected":false},"excerpt":{"rendered":"<strong data-start=\"167\" data-end=\"222\">R\u00fcckenlehnenschaumteil passend f\u00fcr Grammer St\u00fchle<\/strong>\r\n\r\nIst die R\u00fcckenlehne Ihres Grammer Stuhls nicht mehr das, was sie einmal war? Dieses Ersatzschaumteil wurde speziell entwickelt, um die urspr\u00fcngliche Unterst\u00fctzung der R\u00fcckenlehne wiederherzustellen. Ideal, wenn der vorhandene Schaumstoff abgenutzt oder verformt ist, um den Komfort und eine ergonomische Sitzposition wiederherzustellen.","protected":false},"featured_media":14396,"comment_status":"open","ping_status":"closed","template":"","meta":{"_acf_changed":false},"product_brand":[1963],"product_cat":[178],"product_tag":[1833,1962,1930,1937],"class_list":{"0":"post-14395","1":"product","2":"type-product","3":"status-publish","4":"has-post-thumbnail","6":"product_brand-grammer","7":"product_cat-rugleuning","8":"product_tag-bestell-nr-20","9":"product_tag-grammer","10":"product_tag-rugleuning","11":"product_tag-schuimdeel","12":"product_shipping_class-onderdelen-console","14":"first","15":"instock","16":"taxable","17":"shipping-taxable","18":"purchasable","19":"product-type-simple"},"composite_virtual":false,"composite_layout":"","composite_add_to_cart_form_location":"","composite_editable_in_cart":false,"composite_sold_individually_context":"","composite_shop_price_calc":"","composite_components":[],"composite_scenarios":[],"exclude_global_add_ons":[],"addons":[],"acf":[],"yoast_head":null,"yoast_head_json":null,"_links":{"self":[{"href":"https:\/\/www.carseatsandparts.com\/de\/wp-json\/wp\/v2\/product\/14395","targetHints":{"allow":["GET"]}}],"collection":[{"href":"https:\/\/www.carseatsandparts.com\/de\/wp-json\/wp\/v2\/product"}],"about":[{"href":"https:\/\/www.carseatsandparts.com\/de\/wp-json\/wp\/v2\/types\/product"}],"replies":[{"embeddable":true,"href":"https:\/\/www.carseatsandparts.com\/de\/wp-json\/wp\/v2\/comments?post=14395"}],"wp:featuredmedia":[{"embeddable":true,"href":"https:\/\/www.carseatsandparts.com\/de\/wp-json\/wp\/v2\/media\/14396"}],"wp:attachment":[{"href":"https:\/\/www.carseatsandparts.com\/de\/wp-json\/wp\/v2\/media?parent=14395"}],"wp:term":[{"taxonomy":"product_brand","embeddable":true,"href":"https:\/\/www.carseatsandparts.com\/de\/wp-json\/wp\/v2\/product_brand?post=14395"},{"taxonomy":"product_cat","embeddable":true,"href":"https:\/\/www.carseatsandparts.com\/de\/wp-json\/wp\/v2\/product_cat?post=14395"},{"taxonomy":"product_tag","embeddable":true,"href":"https:\/\/www.carseatsandparts.com\/de\/wp-json\/wp\/v2\/product_tag?post=14395"}],"curies":[{"name":"wp","href":"https:\/\/api.w.org\/{rel}","templated":true}]}}