{"id":14421,"date":"2024-06-18T14:32:01","date_gmt":"2024-06-18T12:32:01","guid":{"rendered":"https:\/\/www.carseatsandparts.com\/?post_type=product&#038;p=14421"},"modified":"2026-05-01T15:51:47","modified_gmt":"2026-05-01T13:51:47","slug":"iveco-eurocargo-zitting-nieuw-bouwjaar-vanaf-2005","status":"publish","type":"product","link":"https:\/\/www.carseatsandparts.com\/de\/product\/iveco-eurocargo-zitting-nieuw-bouwjaar-vanaf-2005\/","title":{"rendered":"Iveco Eurocargo Sitz Neujahr ab 2005"},"content":{"rendered":"","protected":false},"excerpt":{"rendered":"Iveco Eurocargo Sitz neu ab 2005\r\n\r\n<strong>Schaumstoffteil f\u00fcr Iveco Eurocargo<\/strong>\r\nDas Schaumstoffteil f\u00fcr den Iveco Eurocargo ist eine ideale L\u00f6sung, um die Unterst\u00fctzung und den Sitzkomfort Ihres Autositzes wiederherzustellen. Egal, ob Ihr aktuelles Schaumstoffteil durch jahrelangen Gebrauch abgenutzt ist oder einfach nicht mehr die gew\u00fcnschte Unterst\u00fctzung bietet, dieses Ersatzschaumteil wird Ihnen helfen, Ihren Sitz wieder in einen Top-Zustand zu bringen.\r\n\r\n&nbsp;","protected":false},"featured_media":14422,"comment_status":"open","ping_status":"closed","template":"","meta":{"_acf_changed":false},"product_brand":[1958],"product_cat":[177],"product_tag":[1866,1957,1937,1944],"class_list":{"0":"post-14421","1":"product","2":"type-product","3":"status-publish","4":"has-post-thumbnail","6":"product_brand-iveco","7":"product_cat-zitting","8":"product_tag-bestell-nr-34","9":"product_tag-iveco","10":"product_tag-schuimdeel","11":"product_tag-zitting","12":"product_shipping_class-onderdelen-console","14":"first","15":"instock","16":"taxable","17":"shipping-taxable","18":"purchasable","19":"product-type-simple"},"composite_virtual":false,"composite_layout":"","composite_add_to_cart_form_location":"","composite_editable_in_cart":false,"composite_sold_individually_context":"","composite_shop_price_calc":"","composite_components":[],"composite_scenarios":[],"exclude_global_add_ons":[],"addons":[],"acf":[],"yoast_head":null,"yoast_head_json":null,"_links":{"self":[{"href":"https:\/\/www.carseatsandparts.com\/de\/wp-json\/wp\/v2\/product\/14421","targetHints":{"allow":["GET"]}}],"collection":[{"href":"https:\/\/www.carseatsandparts.com\/de\/wp-json\/wp\/v2\/product"}],"about":[{"href":"https:\/\/www.carseatsandparts.com\/de\/wp-json\/wp\/v2\/types\/product"}],"replies":[{"embeddable":true,"href":"https:\/\/www.carseatsandparts.com\/de\/wp-json\/wp\/v2\/comments?post=14421"}],"wp:featuredmedia":[{"embeddable":true,"href":"https:\/\/www.carseatsandparts.com\/de\/wp-json\/wp\/v2\/media\/14422"}],"wp:attachment":[{"href":"https:\/\/www.carseatsandparts.com\/de\/wp-json\/wp\/v2\/media?parent=14421"}],"wp:term":[{"taxonomy":"product_brand","embeddable":true,"href":"https:\/\/www.carseatsandparts.com\/de\/wp-json\/wp\/v2\/product_brand?post=14421"},{"taxonomy":"product_cat","embeddable":true,"href":"https:\/\/www.carseatsandparts.com\/de\/wp-json\/wp\/v2\/product_cat?post=14421"},{"taxonomy":"product_tag","embeddable":true,"href":"https:\/\/www.carseatsandparts.com\/de\/wp-json\/wp\/v2\/product_tag?post=14421"}],"curies":[{"name":"wp","href":"https:\/\/api.w.org\/{rel}","templated":true}]}}