{"id":14684,"date":"2024-08-23T15:10:58","date_gmt":"2024-08-23T13:10:58","guid":{"rendered":"https:\/\/www.carseatsandparts.com\/?post_type=product&#038;p=14684"},"modified":"2025-12-18T13:46:09","modified_gmt":"2025-12-18T12:46:09","slug":"fiat-scudo-rugleuning","status":"publish","type":"product","link":"https:\/\/www.carseatsandparts.com\/de\/product\/fiat-scudo-rugleuning\/","title":{"rendered":"Fiat Scudo R\u00fcckenlehne"},"content":{"rendered":"","protected":false},"excerpt":{"rendered":"Schaumstoffteil passend f\u00fcr die R\u00fcckenlehne eines Fiat Scudo\r\n\r\n<strong>Schaumstoffteil f\u00fcr Fiat Scudo<\/strong>\r\n\r\nDas Schaumstoffteil f\u00fcr Fiat Scudo ist eine ideale L\u00f6sung, um den Halt und den Sitzkomfort Ihres Autositzes wiederherzustellen. Egal, ob Ihr aktuelles Schaumstoffteil durch jahrelangen Gebrauch abgenutzt ist oder einfach nicht mehr die gew\u00fcnschte Unterst\u00fctzung bietet, dieses Ersatzschaumteil wird Ihnen helfen, Ihren Sitz wieder in einen Top-Zustand zu bringen.","protected":false},"featured_media":14685,"comment_status":"open","ping_status":"closed","template":"","meta":{"_acf_changed":false},"product_brand":[1942],"product_cat":[178],"product_tag":[1923,1930,1937,1965],"class_list":{"0":"post-14684","1":"product","2":"type-product","3":"status-publish","4":"has-post-thumbnail","6":"product_brand-fiat","7":"product_cat-rugleuning","8":"product_tag-fiat","9":"product_tag-rugleuning","10":"product_tag-schuimdeel","11":"product_tag-scudo","12":"product_shipping_class-onderdelen-console","14":"first","15":"instock","16":"taxable","17":"shipping-taxable","18":"purchasable","19":"product-type-simple"},"composite_virtual":false,"composite_layout":"","composite_add_to_cart_form_location":"","composite_editable_in_cart":false,"composite_sold_individually_context":"","composite_shop_price_calc":"","composite_components":[],"composite_scenarios":[],"exclude_global_add_ons":[],"addons":[],"acf":[],"yoast_head":null,"yoast_head_json":null,"_links":{"self":[{"href":"https:\/\/www.carseatsandparts.com\/de\/wp-json\/wp\/v2\/product\/14684","targetHints":{"allow":["GET"]}}],"collection":[{"href":"https:\/\/www.carseatsandparts.com\/de\/wp-json\/wp\/v2\/product"}],"about":[{"href":"https:\/\/www.carseatsandparts.com\/de\/wp-json\/wp\/v2\/types\/product"}],"replies":[{"embeddable":true,"href":"https:\/\/www.carseatsandparts.com\/de\/wp-json\/wp\/v2\/comments?post=14684"}],"wp:featuredmedia":[{"embeddable":true,"href":"https:\/\/www.carseatsandparts.com\/de\/wp-json\/wp\/v2\/media\/14685"}],"wp:attachment":[{"href":"https:\/\/www.carseatsandparts.com\/de\/wp-json\/wp\/v2\/media?parent=14684"}],"wp:term":[{"taxonomy":"product_brand","embeddable":true,"href":"https:\/\/www.carseatsandparts.com\/de\/wp-json\/wp\/v2\/product_brand?post=14684"},{"taxonomy":"product_cat","embeddable":true,"href":"https:\/\/www.carseatsandparts.com\/de\/wp-json\/wp\/v2\/product_cat?post=14684"},{"taxonomy":"product_tag","embeddable":true,"href":"https:\/\/www.carseatsandparts.com\/de\/wp-json\/wp\/v2\/product_tag?post=14684"}],"curies":[{"name":"wp","href":"https:\/\/api.w.org\/{rel}","templated":true}]}}