{"id":14831,"date":"2024-09-24T16:13:22","date_gmt":"2024-09-24T14:13:22","guid":{"rendered":"https:\/\/www.carseatsandparts.com\/?post_type=product&#038;p=14831"},"modified":"2025-12-18T13:48:52","modified_gmt":"2025-12-18T12:48:52","slug":"ford-connect-rugleuning","status":"publish","type":"product","link":"https:\/\/www.carseatsandparts.com\/de\/product\/ford-connect-rugleuning\/","title":{"rendered":"Ford Connect R\u00fcckenlehne"},"content":{"rendered":"","protected":false},"excerpt":{"rendered":"Schaumstoffteil passend f\u00fcr die R\u00fcckenlehne des Ford Connect\r\n\r\n<strong>Schaumstoffteil f\u00fcr Ford Connect<\/strong>\r\n\r\nDas Schaumstoffteil f\u00fcr Ford Connect ist eine ideale L\u00f6sung, um den Halt und den Komfort Ihres Autositzes wiederherzustellen. Egal, ob Ihr aktuelles Schaumstoffteil durch jahrelangen Gebrauch abgenutzt ist oder einfach nicht mehr die gew\u00fcnschte Unterst\u00fctzung bietet, dieses Ersatzschaumstoffteil wird Ihnen helfen, Ihren Sitz wieder in einen Topzustand zu versetzen.","protected":false},"featured_media":14832,"comment_status":"open","ping_status":"closed","template":"","meta":{"_acf_changed":false},"product_brand":[1381],"product_cat":[178],"product_tag":[2088,1377,1930,1937],"class_list":{"0":"post-14831","1":"product","2":"type-product","3":"status-publish","4":"has-post-thumbnail","6":"product_brand-ford","7":"product_cat-rugleuning","8":"product_tag-connect","9":"product_tag-ford","10":"product_tag-rugleuning","11":"product_tag-schuimdeel","12":"product_shipping_class-onderdelen-console","14":"first","15":"instock","16":"taxable","17":"shipping-taxable","18":"purchasable","19":"product-type-simple"},"composite_virtual":false,"composite_layout":"","composite_add_to_cart_form_location":"","composite_editable_in_cart":false,"composite_sold_individually_context":"","composite_shop_price_calc":"","composite_components":[],"composite_scenarios":[],"exclude_global_add_ons":[],"addons":[],"acf":[],"yoast_head":null,"yoast_head_json":null,"_links":{"self":[{"href":"https:\/\/www.carseatsandparts.com\/de\/wp-json\/wp\/v2\/product\/14831","targetHints":{"allow":["GET"]}}],"collection":[{"href":"https:\/\/www.carseatsandparts.com\/de\/wp-json\/wp\/v2\/product"}],"about":[{"href":"https:\/\/www.carseatsandparts.com\/de\/wp-json\/wp\/v2\/types\/product"}],"replies":[{"embeddable":true,"href":"https:\/\/www.carseatsandparts.com\/de\/wp-json\/wp\/v2\/comments?post=14831"}],"wp:featuredmedia":[{"embeddable":true,"href":"https:\/\/www.carseatsandparts.com\/de\/wp-json\/wp\/v2\/media\/14832"}],"wp:attachment":[{"href":"https:\/\/www.carseatsandparts.com\/de\/wp-json\/wp\/v2\/media?parent=14831"}],"wp:term":[{"taxonomy":"product_brand","embeddable":true,"href":"https:\/\/www.carseatsandparts.com\/de\/wp-json\/wp\/v2\/product_brand?post=14831"},{"taxonomy":"product_cat","embeddable":true,"href":"https:\/\/www.carseatsandparts.com\/de\/wp-json\/wp\/v2\/product_cat?post=14831"},{"taxonomy":"product_tag","embeddable":true,"href":"https:\/\/www.carseatsandparts.com\/de\/wp-json\/wp\/v2\/product_tag?post=14831"}],"curies":[{"name":"wp","href":"https:\/\/api.w.org\/{rel}","templated":true}]}}