{"id":14854,"date":"2024-10-01T09:44:17","date_gmt":"2024-10-01T07:44:17","guid":{"rendered":"https:\/\/www.carseatsandparts.com\/?post_type=product&#038;p=14854"},"modified":"2025-12-19T13:55:40","modified_gmt":"2025-12-19T12:55:40","slug":"fiat-ducato-camper","status":"publish","type":"product","link":"https:\/\/www.carseatsandparts.com\/de\/product\/fiat-ducato-camper\/","title":{"rendered":"Fiat Ducato Wohnmobil (gebraucht)"},"content":{"rendered":"","protected":false},"excerpt":{"rendered":"(gebraucht) Schaumstoffteil passend f\u00fcr den Fiat Ducato Camper\r\n\r\n<strong>Schaumstoffteil f\u00fcr Fiat Ducato Camper<\/strong>\r\n\r\nDas Schaumstoffteil f\u00fcr Fiat Ducato Camper ist eine ideale L\u00f6sung, um die Unterst\u00fctzung und den Sitzkomfort Ihres Autositzes wiederherzustellen. Ob Ihr aktuelles Schaumstoffteil durch jahrelangen Gebrauch abgenutzt ist oder einfach nicht mehr die gew\u00fcnschte Unterst\u00fctzung bietet, dieses Ersatzschaumstoffteil wird Ihnen helfen, Ihren Sitz wieder in einen Top-Zustand zu bringen.","protected":false},"featured_media":14855,"comment_status":"open","ping_status":"closed","template":"","meta":{"_acf_changed":false},"product_brand":[1942],"product_cat":[2821,2842,177],"product_tag":[2099,1940,1923,1937],"class_list":{"0":"post-14854","1":"product","2":"type-product","3":"status-publish","4":"has-post-thumbnail","6":"product_brand-fiat","7":"product_cat-campers","8":"product_cat-schuimdelen-voor-campers","9":"product_cat-zitting","10":"product_tag-camper","11":"product_tag-ducato","12":"product_tag-fiat","13":"product_tag-schuimdeel","14":"product_shipping_class-onderdelen-console","16":"first","17":"instock","18":"taxable","19":"shipping-taxable","20":"purchasable","21":"product-type-simple"},"composite_virtual":false,"composite_layout":"","composite_add_to_cart_form_location":"","composite_editable_in_cart":false,"composite_sold_individually_context":"","composite_shop_price_calc":"","composite_components":[],"composite_scenarios":[],"exclude_global_add_ons":[],"addons":[],"acf":[],"yoast_head":null,"yoast_head_json":null,"_links":{"self":[{"href":"https:\/\/www.carseatsandparts.com\/de\/wp-json\/wp\/v2\/product\/14854","targetHints":{"allow":["GET"]}}],"collection":[{"href":"https:\/\/www.carseatsandparts.com\/de\/wp-json\/wp\/v2\/product"}],"about":[{"href":"https:\/\/www.carseatsandparts.com\/de\/wp-json\/wp\/v2\/types\/product"}],"replies":[{"embeddable":true,"href":"https:\/\/www.carseatsandparts.com\/de\/wp-json\/wp\/v2\/comments?post=14854"}],"wp:featuredmedia":[{"embeddable":true,"href":"https:\/\/www.carseatsandparts.com\/de\/wp-json\/wp\/v2\/media\/14855"}],"wp:attachment":[{"href":"https:\/\/www.carseatsandparts.com\/de\/wp-json\/wp\/v2\/media?parent=14854"}],"wp:term":[{"taxonomy":"product_brand","embeddable":true,"href":"https:\/\/www.carseatsandparts.com\/de\/wp-json\/wp\/v2\/product_brand?post=14854"},{"taxonomy":"product_cat","embeddable":true,"href":"https:\/\/www.carseatsandparts.com\/de\/wp-json\/wp\/v2\/product_cat?post=14854"},{"taxonomy":"product_tag","embeddable":true,"href":"https:\/\/www.carseatsandparts.com\/de\/wp-json\/wp\/v2\/product_tag?post=14854"}],"curies":[{"name":"wp","href":"https:\/\/api.w.org\/{rel}","templated":true}]}}