{"id":14920,"date":"2024-10-08T17:25:02","date_gmt":"2024-10-08T15:25:02","guid":{"rendered":"https:\/\/www.carseatsandparts.com\/?post_type=product&#038;p=14920"},"modified":"2025-12-18T13:25:57","modified_gmt":"2025-12-18T12:25:57","slug":"daf-isri-volvo-rugleuning","status":"publish","type":"product","link":"https:\/\/www.carseatsandparts.com\/de\/product\/daf-isri-volvo-rugleuning\/","title":{"rendered":"DAF \/ ISRI \/ VOLVO R\u00fcckenlehne (kurz)"},"content":{"rendered":"","protected":false},"excerpt":{"rendered":"Schaumstoffteil passend f\u00fcr die R\u00fcckenlehne von DAF \/ ISRI \/ VOLVO\r\n\r\n<strong>Schaumstoffteil f\u00fcr DAF \/ ISRI \/ VOLVO<\/strong>\r\n\r\nDas Schaumstoffteil f\u00fcr DAF \/ ISRI \/ VOLVO ist eine ideale L\u00f6sung, um die Unterst\u00fctzung und den Sitzkomfort Ihres Autositzes wiederherzustellen. Egal, ob Ihr aktuelles Schaumteil durch jahrelangen Gebrauch abgenutzt ist oder einfach nicht mehr die gew\u00fcnschte Unterst\u00fctzung bietet, dieses Ersatzschaumteil wird Ihnen helfen, Ihren Sitz wieder in einen Top-Zustand zu bringen.\r\n\r\n&nbsp;","protected":false},"featured_media":14921,"comment_status":"open","ping_status":"closed","template":"","meta":{"_acf_changed":false},"product_brand":[2129,1960,1981],"product_cat":[178],"product_tag":[2126,1959,1930,1937,1979],"class_list":{"0":"post-14920","1":"product","2":"type-product","3":"status-publish","4":"has-post-thumbnail","6":"product_brand-daf","7":"product_brand-isri","8":"product_brand-volvo","9":"product_cat-rugleuning","10":"product_tag-daf","11":"product_tag-isri","12":"product_tag-rugleuning","13":"product_tag-schuimdeel","14":"product_tag-volvo","15":"product_shipping_class-onderdelen-console","17":"first","18":"instock","19":"taxable","20":"shipping-taxable","21":"purchasable","22":"product-type-simple"},"composite_virtual":false,"composite_layout":"","composite_add_to_cart_form_location":"","composite_editable_in_cart":false,"composite_sold_individually_context":"","composite_shop_price_calc":"","composite_components":[],"composite_scenarios":[],"exclude_global_add_ons":[],"addons":[],"acf":[],"yoast_head":null,"yoast_head_json":null,"_links":{"self":[{"href":"https:\/\/www.carseatsandparts.com\/de\/wp-json\/wp\/v2\/product\/14920","targetHints":{"allow":["GET"]}}],"collection":[{"href":"https:\/\/www.carseatsandparts.com\/de\/wp-json\/wp\/v2\/product"}],"about":[{"href":"https:\/\/www.carseatsandparts.com\/de\/wp-json\/wp\/v2\/types\/product"}],"replies":[{"embeddable":true,"href":"https:\/\/www.carseatsandparts.com\/de\/wp-json\/wp\/v2\/comments?post=14920"}],"wp:featuredmedia":[{"embeddable":true,"href":"https:\/\/www.carseatsandparts.com\/de\/wp-json\/wp\/v2\/media\/14921"}],"wp:attachment":[{"href":"https:\/\/www.carseatsandparts.com\/de\/wp-json\/wp\/v2\/media?parent=14920"}],"wp:term":[{"taxonomy":"product_brand","embeddable":true,"href":"https:\/\/www.carseatsandparts.com\/de\/wp-json\/wp\/v2\/product_brand?post=14920"},{"taxonomy":"product_cat","embeddable":true,"href":"https:\/\/www.carseatsandparts.com\/de\/wp-json\/wp\/v2\/product_cat?post=14920"},{"taxonomy":"product_tag","embeddable":true,"href":"https:\/\/www.carseatsandparts.com\/de\/wp-json\/wp\/v2\/product_tag?post=14920"}],"curies":[{"name":"wp","href":"https:\/\/api.w.org\/{rel}","templated":true}]}}