{"id":14946,"date":"2024-10-15T08:30:28","date_gmt":"2024-10-15T06:30:28","guid":{"rendered":"https:\/\/www.carseatsandparts.com\/?post_type=product&#038;p=14946"},"modified":"2025-12-18T14:18:15","modified_gmt":"2025-12-18T13:18:15","slug":"opel-movano-renault-master-3-rugleuning","status":"publish","type":"product","link":"https:\/\/www.carseatsandparts.com\/de\/product\/opel-movano-renault-master-3-rugleuning\/","title":{"rendered":"Opel Movano &amp; Renault Master 3 R\u00fcckenlehne"},"content":{"rendered":"","protected":false},"excerpt":{"rendered":"Schaumstoffteil passend f\u00fcr die R\u00fcckenlehne des Opel Movano &amp; Renault Master 3\r\n\r\n<strong>Schaumstoffteil f\u00fcr Opel Movano &amp; Renault Master 3<\/strong>\r\n\r\nDas Schaumstoffteil f\u00fcr Opel Movano &amp; Renault Master 3 ist eine ideale L\u00f6sung, um die Unterst\u00fctzung und den Sitzkomfort Ihres Autositzes wiederherzustellen. Ob Ihr aktuelles Schaumstoffteil durch jahrelangen Gebrauch abgenutzt ist oder einfach nicht mehr die gew\u00fcnschte Unterst\u00fctzung bietet, dieses Ersatzschaumstoffteil wird Ihnen helfen, Ihren Sitz wieder in einen Top-Zustand zu bringen.\r\n\r\n&nbsp;","protected":false},"featured_media":14947,"comment_status":"open","ping_status":"closed","template":"","meta":{"_acf_changed":false},"product_brand":[2040,1651],"product_cat":[2820,2841,178],"product_tag":[2038,2037,2036,1650,1930,1937],"class_list":{"0":"post-14946","1":"product","2":"type-product","3":"status-publish","4":"has-post-thumbnail","6":"product_brand-opel","7":"product_brand-renault","8":"product_cat-bedrijfswagens","9":"product_cat-schuimdelen-voor-bedrijfswagens","10":"product_cat-rugleuning","11":"product_tag-master","12":"product_tag-movano","13":"product_tag-opel","14":"product_tag-renault","15":"product_tag-rugleuning","16":"product_tag-schuimdeel","17":"product_shipping_class-onderdelen-console","19":"first","20":"instock","21":"taxable","22":"shipping-taxable","23":"purchasable","24":"product-type-simple"},"composite_virtual":false,"composite_layout":"","composite_add_to_cart_form_location":"","composite_editable_in_cart":false,"composite_sold_individually_context":"","composite_shop_price_calc":"","composite_components":[],"composite_scenarios":[],"exclude_global_add_ons":[],"addons":[],"acf":[],"yoast_head":null,"yoast_head_json":null,"_links":{"self":[{"href":"https:\/\/www.carseatsandparts.com\/de\/wp-json\/wp\/v2\/product\/14946","targetHints":{"allow":["GET"]}}],"collection":[{"href":"https:\/\/www.carseatsandparts.com\/de\/wp-json\/wp\/v2\/product"}],"about":[{"href":"https:\/\/www.carseatsandparts.com\/de\/wp-json\/wp\/v2\/types\/product"}],"replies":[{"embeddable":true,"href":"https:\/\/www.carseatsandparts.com\/de\/wp-json\/wp\/v2\/comments?post=14946"}],"wp:featuredmedia":[{"embeddable":true,"href":"https:\/\/www.carseatsandparts.com\/de\/wp-json\/wp\/v2\/media\/14947"}],"wp:attachment":[{"href":"https:\/\/www.carseatsandparts.com\/de\/wp-json\/wp\/v2\/media?parent=14946"}],"wp:term":[{"taxonomy":"product_brand","embeddable":true,"href":"https:\/\/www.carseatsandparts.com\/de\/wp-json\/wp\/v2\/product_brand?post=14946"},{"taxonomy":"product_cat","embeddable":true,"href":"https:\/\/www.carseatsandparts.com\/de\/wp-json\/wp\/v2\/product_cat?post=14946"},{"taxonomy":"product_tag","embeddable":true,"href":"https:\/\/www.carseatsandparts.com\/de\/wp-json\/wp\/v2\/product_tag?post=14946"}],"curies":[{"name":"wp","href":"https:\/\/api.w.org\/{rel}","templated":true}]}}