{"id":14952,"date":"2024-10-15T09:54:19","date_gmt":"2024-10-15T07:54:19","guid":{"rendered":"https:\/\/www.carseatsandparts.com\/?post_type=product&#038;p=14952"},"modified":"2026-05-06T14:27:52","modified_gmt":"2026-05-06T12:27:52","slug":"renault-master-4-opel-movano-b-nissan-nv400-rugleuning","status":"publish","type":"product","link":"https:\/\/www.carseatsandparts.com\/de\/product\/renault-master-4-opel-movano-b-nissan-nv400-rugleuning\/","title":{"rendered":"Renault Master 4 \/ Opel Movano B \/ Nissan NV400 R\u00fcckenlehne"},"content":{"rendered":"","protected":false},"excerpt":{"rendered":"Schaumstoffteil passend f\u00fcr die R\u00fcckenlehne des Renault Master 4 &amp; Opel Movano B &amp; Nissan NV400\r\n\r\n<strong>Schaumstoffteil f\u00fcr Renault Master 4 &amp; Opel Movano B &amp; Nissan NV400<\/strong>\r\n\r\nDas Schaumstoffteil f\u00fcr Renault Master 4 &amp; Opel Movano B &amp; Nissan NV400 ist eine ideale L\u00f6sung, um die Unterst\u00fctzung und den Sitzkomfort Ihres Autositzes wiederherzustellen. Egal, ob Ihr aktuelles Schaumstoffteil durch jahrelangen Gebrauch abgenutzt ist oder einfach nicht mehr die gew\u00fcnschte Unterst\u00fctzung bietet, dieses Ersatzschaumstoffteil wird Ihnen helfen, Ihren Sitz wieder in Topform zu bringen.","protected":false},"featured_media":14954,"comment_status":"open","ping_status":"closed","template":"","meta":{"_acf_changed":false},"product_brand":[2000,2040,1651],"product_cat":[2820,2841,178],"product_tag":[2038,2037,1998,2039,2036,1650,1930,1937],"class_list":{"0":"post-14952","1":"product","2":"type-product","3":"status-publish","4":"has-post-thumbnail","6":"product_brand-nissan","7":"product_brand-opel","8":"product_brand-renault","9":"product_cat-bedrijfswagens","10":"product_cat-schuimdelen-voor-bedrijfswagens","11":"product_cat-rugleuning","12":"product_tag-master","13":"product_tag-movano","14":"product_tag-nissan","15":"product_tag-nv400","16":"product_tag-opel","17":"product_tag-renault","18":"product_tag-rugleuning","19":"product_tag-schuimdeel","20":"product_shipping_class-onderdelen-console","22":"first","23":"instock","24":"taxable","25":"shipping-taxable","26":"purchasable","27":"product-type-simple"},"composite_virtual":false,"composite_layout":"","composite_add_to_cart_form_location":"","composite_editable_in_cart":false,"composite_sold_individually_context":"","composite_shop_price_calc":"","composite_components":[],"composite_scenarios":[],"exclude_global_add_ons":[],"addons":[],"acf":[],"yoast_head":null,"yoast_head_json":null,"_links":{"self":[{"href":"https:\/\/www.carseatsandparts.com\/de\/wp-json\/wp\/v2\/product\/14952","targetHints":{"allow":["GET"]}}],"collection":[{"href":"https:\/\/www.carseatsandparts.com\/de\/wp-json\/wp\/v2\/product"}],"about":[{"href":"https:\/\/www.carseatsandparts.com\/de\/wp-json\/wp\/v2\/types\/product"}],"replies":[{"embeddable":true,"href":"https:\/\/www.carseatsandparts.com\/de\/wp-json\/wp\/v2\/comments?post=14952"}],"wp:featuredmedia":[{"embeddable":true,"href":"https:\/\/www.carseatsandparts.com\/de\/wp-json\/wp\/v2\/media\/14954"}],"wp:attachment":[{"href":"https:\/\/www.carseatsandparts.com\/de\/wp-json\/wp\/v2\/media?parent=14952"}],"wp:term":[{"taxonomy":"product_brand","embeddable":true,"href":"https:\/\/www.carseatsandparts.com\/de\/wp-json\/wp\/v2\/product_brand?post=14952"},{"taxonomy":"product_cat","embeddable":true,"href":"https:\/\/www.carseatsandparts.com\/de\/wp-json\/wp\/v2\/product_cat?post=14952"},{"taxonomy":"product_tag","embeddable":true,"href":"https:\/\/www.carseatsandparts.com\/de\/wp-json\/wp\/v2\/product_tag?post=14952"}],"curies":[{"name":"wp","href":"https:\/\/api.w.org\/{rel}","templated":true}]}}