{"id":15083,"date":"2024-11-15T10:41:35","date_gmt":"2024-11-15T09:41:35","guid":{"rendered":"https:\/\/www.carseatsandparts.com\/?post_type=product&#038;p=15083"},"modified":"2026-01-08T11:02:37","modified_gmt":"2026-01-08T10:02:37","slug":"atech-racing-at-cs","status":"publish","type":"product","link":"https:\/\/www.carseatsandparts.com\/de\/produkt\/atech-racing-at-cs\/","title":{"rendered":"Atech Rennsport AT-CS"},"content":{"rendered":"","protected":false},"excerpt":{"rendered":"- Ultraleichte Sitzschale aus Kohlefaser\r\n- Seitlicher Kopfschutz (Fl\u00fcgelsitz) mit modernstem energieabsorbierendem Material \u00fcberzogen\r\n- Komfort wird durch die einzigartig gestaltete Schale mit ASS (Anatomic Shell System) garantiert\r\n- Feuerfeste Bespannung mit 3D-Air-Gewebe\r\n- Gewicht 9,30 kg (Schalengewicht)\r\n- Geeignet f\u00fcr Piloten bis zu einer K\u00f6rpergr\u00f6\u00dfe von 175 cm\r\n- G\u00fcltig f\u00fcr 10 Jahre\r\n- FIA-gepr\u00fcfte hochfeste Stahlhalterungen - separat erh\u00e4ltlich\r\n\r\nDer brandneue AT-CS-Sitz ist das allererste Produkt, das nach den FIA-Normen 8855-2021 zugelassen ist. Dieses hochfeste Rennsitzmodell setzt die Qualit\u00e4tsmesslatte h\u00f6her als die alte Generation der FIA 8855-Sitze. Dar\u00fcber hinaus gew\u00e4hrleistet die Norm FIA 8855-2021, dass der Sitz in seiner Leistung mit den Sitzen der h\u00f6heren Norm 8862-2009 vergleichbar ist, allerdings zu einem Bruchteil des Preises.","protected":false},"featured_media":15085,"comment_status":"open","ping_status":"closed","template":"","meta":{"_acf_changed":false},"product_brand":[2210],"product_cat":[2254,2518,2519],"product_tag":[2208,2209],"class_list":{"0":"post-15083","1":"product","2":"type-product","3":"status-publish","4":"has-post-thumbnail","6":"product_brand-atech-racing","7":"product_cat-atech-racing-autostoelen","8":"product_cat-motorsport","9":"product_cat-racekuipen","10":"product_tag-atech","11":"product_tag-motorsport","12":"product_shipping_class-auto-stoelen","14":"first","15":"instock","16":"sale","17":"taxable","18":"shipping-taxable","19":"purchasable","20":"product-type-simple"},"composite_virtual":false,"composite_layout":"","composite_add_to_cart_form_location":"","composite_editable_in_cart":false,"composite_sold_individually_context":"","composite_shop_price_calc":"","composite_components":[],"composite_scenarios":[],"exclude_global_add_ons":[],"addons":[],"acf":[],"yoast_head":null,"yoast_head_json":null,"_links":{"self":[{"href":"https:\/\/www.carseatsandparts.com\/de\/wp-json\/wp\/v2\/product\/15083","targetHints":{"allow":["GET"]}}],"collection":[{"href":"https:\/\/www.carseatsandparts.com\/de\/wp-json\/wp\/v2\/product"}],"about":[{"href":"https:\/\/www.carseatsandparts.com\/de\/wp-json\/wp\/v2\/types\/product"}],"replies":[{"embeddable":true,"href":"https:\/\/www.carseatsandparts.com\/de\/wp-json\/wp\/v2\/comments?post=15083"}],"wp:featuredmedia":[{"embeddable":true,"href":"https:\/\/www.carseatsandparts.com\/de\/wp-json\/wp\/v2\/media\/15085"}],"wp:attachment":[{"href":"https:\/\/www.carseatsandparts.com\/de\/wp-json\/wp\/v2\/media?parent=15083"}],"wp:term":[{"taxonomy":"product_brand","embeddable":true,"href":"https:\/\/www.carseatsandparts.com\/de\/wp-json\/wp\/v2\/product_brand?post=15083"},{"taxonomy":"product_cat","embeddable":true,"href":"https:\/\/www.carseatsandparts.com\/de\/wp-json\/wp\/v2\/product_cat?post=15083"},{"taxonomy":"product_tag","embeddable":true,"href":"https:\/\/www.carseatsandparts.com\/de\/wp-json\/wp\/v2\/product_tag?post=15083"}],"curies":[{"name":"wp","href":"https:\/\/api.w.org\/{rel}","templated":true}]}}