{"id":15256,"date":"2025-01-17T12:34:00","date_gmt":"2025-01-17T11:34:00","guid":{"rendered":"https:\/\/www.carseatsandparts.com\/?post_type=product&#038;p=15256"},"modified":"2026-01-01T23:00:08","modified_gmt":"2026-01-01T22:00:08","slug":"interieur-vw-golf-8-gte-stof-alcantara-blauw-zwart-grijs","status":"publish","type":"product","link":"https:\/\/www.carseatsandparts.com\/de\/product\/interieur-vw-golf-8-gte-stof-alcantara-blauw-zwart-grijs\/","title":{"rendered":"Innenausstattung VW Golf 8 GTE Stoff\/Alcantara Blau\/Schwarz\/Grau"},"content":{"rendered":"","protected":false},"excerpt":{"rendered":"Innenausstattung Volkswagen Golf 8 GTE in grauem Stoff und blauen N\u00e4hten. Plug and Play Einbau in einen Golf 8. Der Innenraum stammt aus einem Vorf\u00fchrwagen und ist daher so gut wie neu, abgesehen von einigen leichten Gebrauchs- und Demontagesch\u00e4den, die auf den Bildern zu sehen sind. Bitte beachten Sie: Dieser Innenraum hat keine T\u00fcrverkleidungen.\r\n\r\nAusstattung: Sitzheizung, manuelle H\u00f6hen- und Neigungsverstellung, manuelle Lendenwirbelst\u00fctze und eine manuelle Lehnenverstellung. Die Airbags und Sicherheitsgurte sind bei dieser Innenausstattung noch im Originalzustand.","protected":false},"featured_media":17392,"comment_status":"open","ping_status":"closed","template":"","meta":{"_acf_changed":false},"product_brand":[1294],"product_cat":[115,1355],"product_tag":[784,974,988,972,975,973],"class_list":{"0":"post-15256","1":"product","2":"type-product","3":"status-publish","4":"has-post-thumbnail","6":"product_brand-volkswagen","7":"product_cat-demo-interieurs","8":"product_cat-volkswagen","9":"product_tag-784","10":"product_tag-golf-8","11":"product_tag-gte","12":"product_tag-interieur","13":"product_tag-mk8","14":"product_tag-volkswagen","15":"product_shipping_class-auto-interieurs","17":"first","18":"instock","19":"taxable","20":"shipping-taxable","21":"purchasable","22":"product-type-simple"},"composite_virtual":false,"composite_layout":"","composite_add_to_cart_form_location":"","composite_editable_in_cart":false,"composite_sold_individually_context":"","composite_shop_price_calc":"","composite_components":[],"composite_scenarios":[],"exclude_global_add_ons":[],"addons":[],"acf":[],"yoast_head":null,"yoast_head_json":null,"_links":{"self":[{"href":"https:\/\/www.carseatsandparts.com\/de\/wp-json\/wp\/v2\/product\/15256","targetHints":{"allow":["GET"]}}],"collection":[{"href":"https:\/\/www.carseatsandparts.com\/de\/wp-json\/wp\/v2\/product"}],"about":[{"href":"https:\/\/www.carseatsandparts.com\/de\/wp-json\/wp\/v2\/types\/product"}],"replies":[{"embeddable":true,"href":"https:\/\/www.carseatsandparts.com\/de\/wp-json\/wp\/v2\/comments?post=15256"}],"wp:featuredmedia":[{"embeddable":true,"href":"https:\/\/www.carseatsandparts.com\/de\/wp-json\/wp\/v2\/media\/17392"}],"wp:attachment":[{"href":"https:\/\/www.carseatsandparts.com\/de\/wp-json\/wp\/v2\/media?parent=15256"}],"wp:term":[{"taxonomy":"product_brand","embeddable":true,"href":"https:\/\/www.carseatsandparts.com\/de\/wp-json\/wp\/v2\/product_brand?post=15256"},{"taxonomy":"product_cat","embeddable":true,"href":"https:\/\/www.carseatsandparts.com\/de\/wp-json\/wp\/v2\/product_cat?post=15256"},{"taxonomy":"product_tag","embeddable":true,"href":"https:\/\/www.carseatsandparts.com\/de\/wp-json\/wp\/v2\/product_tag?post=15256"}],"curies":[{"name":"wp","href":"https:\/\/api.w.org\/{rel}","templated":true}]}}