{"id":15543,"date":"2025-01-24T11:48:24","date_gmt":"2025-01-24T10:48:24","guid":{"rendered":"https:\/\/www.carseatsandparts.com\/?post_type=product&#038;p=15543"},"modified":"2025-02-04T15:58:59","modified_gmt":"2025-02-04T14:58:59","slug":"vw-arteon-deurpanelen-leder-zwart","status":"publish","type":"product","link":"https:\/\/www.carseatsandparts.com\/de\/product\/vw-arteon-deurpanelen-leder-zwart\/","title":{"rendered":"VW Arteon T\u00fcrverkleidungen Leder schwarz"},"content":{"rendered":"","protected":false},"excerpt":{"rendered":"Diese Ledert\u00fcrverkleidungen von einem VW Arteon stammen aus einem Vorf\u00fchrwagen und sind daher abgesehen von ein paar kleinen Gebrauchsspuren, die auf den Bildern zu sehen sind, so gut wie neu. Die Paneele haben elektrische Fensterheber, aber es fehlen einige Bedienkn\u00f6pfe. Einige Harman\/Kardon-Lautsprecher sind noch vorhanden, wie auf den Bildern zu sehen.","protected":false},"featured_media":15427,"comment_status":"open","ping_status":"closed","template":"","meta":{"_acf_changed":false},"product_brand":[1294],"product_cat":[116,1291,1355],"product_tag":[1122,1293,1292],"class_list":{"0":"post-15543","1":"product","2":"type-product","3":"status-publish","4":"has-post-thumbnail","6":"product_brand-volkswagen","7":"product_cat-onderdelen","8":"product_cat-onderdelen-interieurs","9":"product_cat-volkswagen","10":"product_tag-arteon","11":"product_tag-deurpaneel","12":"product_tag-vw","13":"product_shipping_class-auto-stoelen","15":"first","16":"instock","17":"taxable","18":"shipping-taxable","19":"purchasable","20":"product-type-simple"},"composite_virtual":false,"composite_layout":"","composite_add_to_cart_form_location":"","composite_editable_in_cart":false,"composite_sold_individually_context":"","composite_shop_price_calc":"","composite_components":[],"composite_scenarios":[],"exclude_global_add_ons":[],"addons":[],"acf":[],"yoast_head":null,"yoast_head_json":null,"_links":{"self":[{"href":"https:\/\/www.carseatsandparts.com\/de\/wp-json\/wp\/v2\/product\/15543","targetHints":{"allow":["GET"]}}],"collection":[{"href":"https:\/\/www.carseatsandparts.com\/de\/wp-json\/wp\/v2\/product"}],"about":[{"href":"https:\/\/www.carseatsandparts.com\/de\/wp-json\/wp\/v2\/types\/product"}],"replies":[{"embeddable":true,"href":"https:\/\/www.carseatsandparts.com\/de\/wp-json\/wp\/v2\/comments?post=15543"}],"wp:featuredmedia":[{"embeddable":true,"href":"https:\/\/www.carseatsandparts.com\/de\/wp-json\/wp\/v2\/media\/15427"}],"wp:attachment":[{"href":"https:\/\/www.carseatsandparts.com\/de\/wp-json\/wp\/v2\/media?parent=15543"}],"wp:term":[{"taxonomy":"product_brand","embeddable":true,"href":"https:\/\/www.carseatsandparts.com\/de\/wp-json\/wp\/v2\/product_brand?post=15543"},{"taxonomy":"product_cat","embeddable":true,"href":"https:\/\/www.carseatsandparts.com\/de\/wp-json\/wp\/v2\/product_cat?post=15543"},{"taxonomy":"product_tag","embeddable":true,"href":"https:\/\/www.carseatsandparts.com\/de\/wp-json\/wp\/v2\/product_tag?post=15543"}],"curies":[{"name":"wp","href":"https:\/\/api.w.org\/{rel}","templated":true}]}}