{"id":16648,"date":"2025-05-27T09:43:15","date_gmt":"2025-05-27T07:43:15","guid":{"rendered":"https:\/\/www.carseatsandparts.com\/?post_type=product&#038;p=16648"},"modified":"2026-01-08T09:17:11","modified_gmt":"2026-01-08T08:17:11","slug":"sparco-adv-scx","status":"publish","type":"product","link":"https:\/\/www.carseatsandparts.com\/de\/produkt\/sparco-adv-scx\/","title":{"rendered":"Sparco ADV SCX"},"content":{"rendered":"","protected":false},"excerpt":{"rendered":"Ultrastark und eine Weiterentwicklung des ADV SC, mit einem Energieabsorptionssystem an den am st\u00e4rksten beanspruchten Stellen, einem Futter aus selbstl\u00f6schendem Stoff und einem rutschfesten Stoff f\u00fcr die Schultern und den Sitz. Erh\u00e4ltlich in 2 Gr\u00f6\u00dfen (SCX und SCX-H), die mit seitlichen Befestigungen im Abstand von 290 mm angebracht werden.","protected":false},"featured_media":16651,"comment_status":"open","ping_status":"closed","template":"","meta":{"_acf_changed":false},"product_brand":[2524],"product_cat":[2518,2519,2520],"product_tag":[2209,2523],"class_list":{"0":"post-16648","1":"product","2":"type-product","3":"status-publish","4":"has-post-thumbnail","6":"product_brand-sparco","7":"product_cat-motorsport","8":"product_cat-racekuipen","9":"product_cat-sparco","10":"product_tag-motorsport","11":"product_tag-sparco","12":"product_shipping_class-auto-stoelen","14":"first","15":"instock","16":"sale","17":"taxable","18":"shipping-taxable","19":"purchasable","20":"product-type-simple"},"composite_virtual":false,"composite_layout":"","composite_add_to_cart_form_location":"","composite_editable_in_cart":false,"composite_sold_individually_context":"","composite_shop_price_calc":"","composite_components":[],"composite_scenarios":[],"exclude_global_add_ons":[],"addons":[],"acf":[],"yoast_head":null,"yoast_head_json":null,"_links":{"self":[{"href":"https:\/\/www.carseatsandparts.com\/de\/wp-json\/wp\/v2\/product\/16648","targetHints":{"allow":["GET"]}}],"collection":[{"href":"https:\/\/www.carseatsandparts.com\/de\/wp-json\/wp\/v2\/product"}],"about":[{"href":"https:\/\/www.carseatsandparts.com\/de\/wp-json\/wp\/v2\/types\/product"}],"replies":[{"embeddable":true,"href":"https:\/\/www.carseatsandparts.com\/de\/wp-json\/wp\/v2\/comments?post=16648"}],"wp:featuredmedia":[{"embeddable":true,"href":"https:\/\/www.carseatsandparts.com\/de\/wp-json\/wp\/v2\/media\/16651"}],"wp:attachment":[{"href":"https:\/\/www.carseatsandparts.com\/de\/wp-json\/wp\/v2\/media?parent=16648"}],"wp:term":[{"taxonomy":"product_brand","embeddable":true,"href":"https:\/\/www.carseatsandparts.com\/de\/wp-json\/wp\/v2\/product_brand?post=16648"},{"taxonomy":"product_cat","embeddable":true,"href":"https:\/\/www.carseatsandparts.com\/de\/wp-json\/wp\/v2\/product_cat?post=16648"},{"taxonomy":"product_tag","embeddable":true,"href":"https:\/\/www.carseatsandparts.com\/de\/wp-json\/wp\/v2\/product_tag?post=16648"}],"curies":[{"name":"wp","href":"https:\/\/api.w.org\/{rel}","templated":true}]}}