{"id":16694,"date":"2025-05-27T10:38:59","date_gmt":"2025-05-27T08:38:59","guid":{"rendered":"https:\/\/www.carseatsandparts.com\/?post_type=product&#038;p=16694"},"modified":"2026-01-08T09:22:24","modified_gmt":"2026-01-08T08:22:24","slug":"sparco-qrt-r","status":"publish","type":"product","link":"https:\/\/www.carseatsandparts.com\/de\/product\/sparco-qrt-r\/","title":{"rendered":"Sparco QRT-R"},"content":{"rendered":"","protected":false},"excerpt":{"rendered":"Der QRT-R-Sitz wurde mit der innovativsten verf\u00fcgbaren CAD-Software entwickelt und basiert auf einem v\u00f6llig neuen Konzept. Der Rahmen ist so konzipiert, dass er auch in den engsten Fahrzeuginnenraum passt. Das aggressive Design unterstreicht die Rennsport-Abstammung des Sitzes und erh\u00f6ht die strukturelle Steifigkeit. Er verf\u00fcgt \u00fcber ein neues, in 2 Teile geteiltes Polster und neue N\u00e4hte, in zwei Konfigurationen: Sattel in Stoff oder Himmel. Befestigung mit seitlichen Halterungen im Abstand von 290 mm.\r\n<ul>\r\n \t<li>Waage 5.900g<\/li>\r\n \t<li>Sitzplatz 7.800g<\/li>\r\n<\/ul>\r\nDe QRT-technologie, ontworpen en ontwikkeld in Itali\u00eb door Sparco, is voorbestemd om &#8217;s werelds lichtste glasvezelframes te genereren en de kenmerken van de sportzittingen van de toekomst te defini\u00ebren. Met deze technologie zet Sparco nieuwe maatstaven voor de prestaties van zittingen, waarbij het gewicht per eenheid met 30% wordt verminderd ten opzichte van vorige zittingen. Dit maakt ongekende mechanische sterkte\/gewichtsverhoudingen in sportzittingen van glasvezel mogelijk.\r\n\r\n<strong>FIA HOM. NR: CS.397.18<\/strong>","protected":false},"featured_media":16699,"comment_status":"open","ping_status":"closed","template":"","meta":{"_acf_changed":false},"product_brand":[2524],"product_cat":[2518,2519,2520],"product_tag":[2209,2523],"class_list":{"0":"post-16694","1":"product","2":"type-product","3":"status-publish","4":"has-post-thumbnail","6":"product_brand-sparco","7":"product_cat-motorsport","8":"product_cat-racekuipen","9":"product_cat-sparco","10":"product_tag-motorsport","11":"product_tag-sparco","12":"product_shipping_class-auto-stoelen","14":"first","15":"instock","16":"sale","17":"taxable","18":"shipping-taxable","19":"purchasable","20":"product-type-simple"},"composite_virtual":false,"composite_layout":"","composite_add_to_cart_form_location":"","composite_editable_in_cart":false,"composite_sold_individually_context":"","composite_shop_price_calc":"","composite_components":[],"composite_scenarios":[],"exclude_global_add_ons":[],"addons":[],"acf":[],"yoast_head":null,"yoast_head_json":null,"_links":{"self":[{"href":"https:\/\/www.carseatsandparts.com\/de\/wp-json\/wp\/v2\/product\/16694","targetHints":{"allow":["GET"]}}],"collection":[{"href":"https:\/\/www.carseatsandparts.com\/de\/wp-json\/wp\/v2\/product"}],"about":[{"href":"https:\/\/www.carseatsandparts.com\/de\/wp-json\/wp\/v2\/types\/product"}],"replies":[{"embeddable":true,"href":"https:\/\/www.carseatsandparts.com\/de\/wp-json\/wp\/v2\/comments?post=16694"}],"wp:featuredmedia":[{"embeddable":true,"href":"https:\/\/www.carseatsandparts.com\/de\/wp-json\/wp\/v2\/media\/16699"}],"wp:attachment":[{"href":"https:\/\/www.carseatsandparts.com\/de\/wp-json\/wp\/v2\/media?parent=16694"}],"wp:term":[{"taxonomy":"product_brand","embeddable":true,"href":"https:\/\/www.carseatsandparts.com\/de\/wp-json\/wp\/v2\/product_brand?post=16694"},{"taxonomy":"product_cat","embeddable":true,"href":"https:\/\/www.carseatsandparts.com\/de\/wp-json\/wp\/v2\/product_cat?post=16694"},{"taxonomy":"product_tag","embeddable":true,"href":"https:\/\/www.carseatsandparts.com\/de\/wp-json\/wp\/v2\/product_tag?post=16694"}],"curies":[{"name":"wp","href":"https:\/\/api.w.org\/{rel}","templated":true}]}}