{"id":16721,"date":"2025-05-27T10:55:42","date_gmt":"2025-05-27T08:55:42","guid":{"rendered":"https:\/\/www.carseatsandparts.com\/?post_type=product&#038;p=16721"},"modified":"2026-01-08T09:30:33","modified_gmt":"2026-01-08T08:30:33","slug":"sparco-evo-qrt-sky","status":"publish","type":"product","link":"https:\/\/www.carseatsandparts.com\/de\/product\/sparco-evo-qrt-sky\/","title":{"rendered":"Sparco EVO QRT SKY"},"content":{"rendered":"","protected":false},"excerpt":{"rendered":"Dieser Evo QRT Sky-Sitz verf\u00fcgt \u00fcber alle ausgezeichneten Eigenschaften des beliebten Evo QRT-Sitzes, ist jedoch mit Vinyl \u00fcberzogen, was ihn zu einer ausgezeichneten Wahl f\u00fcr Gel\u00e4ndewagen oder andere Anwendungen macht, bei denen die Sitze den Elementen ausgesetzt sein k\u00f6nnen.\r\n<ul>\r\n \t<li>Waschbarer und wasserdichter Vinylbezug<\/li>\r\n \t<li>QRT-Herstellungsverfahren sorgt f\u00fcr erhebliche Gewichtsreduzierung (nur 7,5 kg)<\/li>\r\n \t<li>Ideaal voor off-road gebruik, watervoertuigen of auto&#8217;s met open cockpit<\/li>\r\n<\/ul>\r\nDe Sparco Evo QRT Sky competitiezittingen zijn ontwikkeld in samenwerking met vele toonaangevende coureurs en teams om een zitting te produceren die bij uitstek geschikt is voor circuitraces, maar ook zeer geschikt is voor gebruik in rallyauto&#8217;s. Het QRT fabricageproces in combinatie met de vorm van de kuip zorgt voor een verhoogde stijfheid. Er is gebruik gemaakt van een laag beenkussen en een lendenkussen uit 2 delen voor meer comfort.\r\n\r\n<strong>FIA 8855-1999 genehmigt<\/strong>","protected":false},"featured_media":16727,"comment_status":"open","ping_status":"closed","template":"","meta":{"_acf_changed":false},"product_brand":[2524],"product_cat":[2518,2519,2520],"product_tag":[2209,2523],"class_list":{"0":"post-16721","1":"product","2":"type-product","3":"status-publish","4":"has-post-thumbnail","6":"product_brand-sparco","7":"product_cat-motorsport","8":"product_cat-racekuipen","9":"product_cat-sparco","10":"product_tag-motorsport","11":"product_tag-sparco","12":"product_shipping_class-auto-stoelen","14":"first","15":"instock","16":"sale","17":"taxable","18":"shipping-taxable","19":"purchasable","20":"product-type-simple"},"composite_virtual":false,"composite_layout":"","composite_add_to_cart_form_location":"","composite_editable_in_cart":false,"composite_sold_individually_context":"","composite_shop_price_calc":"","composite_components":[],"composite_scenarios":[],"exclude_global_add_ons":[],"addons":[],"acf":[],"yoast_head":null,"yoast_head_json":null,"_links":{"self":[{"href":"https:\/\/www.carseatsandparts.com\/de\/wp-json\/wp\/v2\/product\/16721","targetHints":{"allow":["GET"]}}],"collection":[{"href":"https:\/\/www.carseatsandparts.com\/de\/wp-json\/wp\/v2\/product"}],"about":[{"href":"https:\/\/www.carseatsandparts.com\/de\/wp-json\/wp\/v2\/types\/product"}],"replies":[{"embeddable":true,"href":"https:\/\/www.carseatsandparts.com\/de\/wp-json\/wp\/v2\/comments?post=16721"}],"wp:featuredmedia":[{"embeddable":true,"href":"https:\/\/www.carseatsandparts.com\/de\/wp-json\/wp\/v2\/media\/16727"}],"wp:attachment":[{"href":"https:\/\/www.carseatsandparts.com\/de\/wp-json\/wp\/v2\/media?parent=16721"}],"wp:term":[{"taxonomy":"product_brand","embeddable":true,"href":"https:\/\/www.carseatsandparts.com\/de\/wp-json\/wp\/v2\/product_brand?post=16721"},{"taxonomy":"product_cat","embeddable":true,"href":"https:\/\/www.carseatsandparts.com\/de\/wp-json\/wp\/v2\/product_cat?post=16721"},{"taxonomy":"product_tag","embeddable":true,"href":"https:\/\/www.carseatsandparts.com\/de\/wp-json\/wp\/v2\/product_tag?post=16721"}],"curies":[{"name":"wp","href":"https:\/\/api.w.org\/{rel}","templated":true}]}}