{"id":16762,"date":"2025-05-27T11:30:07","date_gmt":"2025-05-27T09:30:07","guid":{"rendered":"https:\/\/www.carseatsandparts.com\/?post_type=product&#038;p=16762"},"modified":"2026-01-08T09:33:27","modified_gmt":"2026-01-08T08:33:27","slug":"sparco-evo-xl-qrt-x","status":"publish","type":"product","link":"https:\/\/www.carseatsandparts.com\/de\/product\/sparco-evo-xl-qrt-x\/","title":{"rendered":"Sparco EVO XL QRT X"},"content":{"rendered":"","protected":false},"excerpt":{"rendered":"Der Sparco Evo XL QRT X ist ein Sitz, der speziell f\u00fcr den Einsatz im Gel\u00e4nde entwickelt wurde. Die verwendeten Materialien sind wasserdicht und daher leicht zu reinigen. Ausgestattet mit rutschfestem Stoff auf dem Sitz und um die Schultern. Der Evo XL QRT X ist die gr\u00f6\u00dfte Variante der Evo QRT X-Linie und ist daher f\u00fcr gr\u00f6\u00dfere Menschen geeignet.\r\n\r\n<strong>FIA 8855-1999 genehmigt<\/strong>","protected":false},"featured_media":16764,"comment_status":"open","ping_status":"closed","template":"","meta":{"_acf_changed":false},"product_brand":[2524],"product_cat":[2518,2519,2520],"product_tag":[2209,2523],"class_list":{"0":"post-16762","1":"product","2":"type-product","3":"status-publish","4":"has-post-thumbnail","6":"product_brand-sparco","7":"product_cat-motorsport","8":"product_cat-racekuipen","9":"product_cat-sparco","10":"product_tag-motorsport","11":"product_tag-sparco","12":"product_shipping_class-auto-stoelen","14":"first","15":"instock","16":"sale","17":"taxable","18":"shipping-taxable","19":"purchasable","20":"product-type-simple"},"composite_virtual":false,"composite_layout":"","composite_add_to_cart_form_location":"","composite_editable_in_cart":false,"composite_sold_individually_context":"","composite_shop_price_calc":"","composite_components":[],"composite_scenarios":[],"exclude_global_add_ons":[],"addons":[],"acf":[],"yoast_head":null,"yoast_head_json":null,"_links":{"self":[{"href":"https:\/\/www.carseatsandparts.com\/de\/wp-json\/wp\/v2\/product\/16762","targetHints":{"allow":["GET"]}}],"collection":[{"href":"https:\/\/www.carseatsandparts.com\/de\/wp-json\/wp\/v2\/product"}],"about":[{"href":"https:\/\/www.carseatsandparts.com\/de\/wp-json\/wp\/v2\/types\/product"}],"replies":[{"embeddable":true,"href":"https:\/\/www.carseatsandparts.com\/de\/wp-json\/wp\/v2\/comments?post=16762"}],"wp:featuredmedia":[{"embeddable":true,"href":"https:\/\/www.carseatsandparts.com\/de\/wp-json\/wp\/v2\/media\/16764"}],"wp:attachment":[{"href":"https:\/\/www.carseatsandparts.com\/de\/wp-json\/wp\/v2\/media?parent=16762"}],"wp:term":[{"taxonomy":"product_brand","embeddable":true,"href":"https:\/\/www.carseatsandparts.com\/de\/wp-json\/wp\/v2\/product_brand?post=16762"},{"taxonomy":"product_cat","embeddable":true,"href":"https:\/\/www.carseatsandparts.com\/de\/wp-json\/wp\/v2\/product_cat?post=16762"},{"taxonomy":"product_tag","embeddable":true,"href":"https:\/\/www.carseatsandparts.com\/de\/wp-json\/wp\/v2\/product_tag?post=16762"}],"curies":[{"name":"wp","href":"https:\/\/api.w.org\/{rel}","templated":true}]}}