{"id":16785,"date":"2025-05-27T11:48:11","date_gmt":"2025-05-27T09:48:11","guid":{"rendered":"https:\/\/www.carseatsandparts.com\/?post_type=product&#038;p=16785"},"modified":"2026-01-08T09:35:30","modified_gmt":"2026-01-08T08:35:30","slug":"sparco-pro-2000-qrt","status":"publish","type":"product","link":"https:\/\/www.carseatsandparts.com\/de\/product\/sparco-pro-2000-qrt\/","title":{"rendered":"Sparco Pro 2000 QRT"},"content":{"rendered":"","protected":false},"excerpt":{"rendered":"Diese neueste Version des beliebten Pro 2000-Sitzes von Sparco profitiert nun vom QRT (Quick Resin Tech)-Herstellungsverfahren, das zu einer erheblichen Gewichtsreduzierung f\u00fchrt, ohne die Steifigkeit oder Sicherheit zu beeintr\u00e4chtigen.\r\n<ul>\r\n \t<li>QRT-Fertigungsverfahren f\u00fcr erhebliche Gewichtsreduzierung (nur 8 kg Gewicht)<\/li>\r\n \t<li>Bew\u00e4hrtes Design, das seit 1995 von vielen Champions verwendet wird<\/li>\r\n \t<li>Bewegliche Seitenkissen f\u00fcr individuelle Unterst\u00fctzung und KomfortDie tiefen Seitenst\u00fctzen und das niedrige Kissen halten die Beine innerhalb des Rahmens f\u00fcr mehr Sicherheit<\/li>\r\n<\/ul>\r\nDer Pro 2000-Sitz von Sparco ist seit 1995 f\u00fchrend und dank des QRT-Herstellungsverfahrens jetzt noch besser. Dies hat das Gewicht des Sitzes um 1,1 kg im Vergleich zum Vorg\u00e4ngermodell reduziert. Rutschfestes Material an den Schultern und am Bodenkissen sorgt f\u00fcr einen sicheren Halt, und die tiefen Seitenst\u00fctzen bieten einen hervorragenden Seitenhalt. Der im Vergleich zu anderen Modellen etwas gr\u00f6\u00dfere Sitz macht ihn bequemer und ist besser f\u00fcr Rallyefahrer geeignet. Er ist sowohl f\u00fcr die Seiten- als auch f\u00fcr die Bodenmontage geeignet und mit allen Arten von FHR-Ger\u00e4ten und -Geschirren kompatibel.\r\n<strong>FIA 8855-1999 genehmigt<\/strong>","protected":false},"featured_media":16789,"comment_status":"open","ping_status":"closed","template":"","meta":{"_acf_changed":false},"product_brand":[2524],"product_cat":[2518,2519,2520],"product_tag":[2209,2523],"class_list":{"0":"post-16785","1":"product","2":"type-product","3":"status-publish","4":"has-post-thumbnail","6":"product_brand-sparco","7":"product_cat-motorsport","8":"product_cat-racekuipen","9":"product_cat-sparco","10":"product_tag-motorsport","11":"product_tag-sparco","12":"product_shipping_class-auto-stoelen","14":"first","15":"instock","16":"sale","17":"taxable","18":"shipping-taxable","19":"purchasable","20":"product-type-simple"},"composite_virtual":false,"composite_layout":"","composite_add_to_cart_form_location":"","composite_editable_in_cart":false,"composite_sold_individually_context":"","composite_shop_price_calc":"","composite_components":[],"composite_scenarios":[],"exclude_global_add_ons":[],"addons":[],"acf":[],"yoast_head":null,"yoast_head_json":null,"_links":{"self":[{"href":"https:\/\/www.carseatsandparts.com\/de\/wp-json\/wp\/v2\/product\/16785","targetHints":{"allow":["GET"]}}],"collection":[{"href":"https:\/\/www.carseatsandparts.com\/de\/wp-json\/wp\/v2\/product"}],"about":[{"href":"https:\/\/www.carseatsandparts.com\/de\/wp-json\/wp\/v2\/types\/product"}],"replies":[{"embeddable":true,"href":"https:\/\/www.carseatsandparts.com\/de\/wp-json\/wp\/v2\/comments?post=16785"}],"wp:featuredmedia":[{"embeddable":true,"href":"https:\/\/www.carseatsandparts.com\/de\/wp-json\/wp\/v2\/media\/16789"}],"wp:attachment":[{"href":"https:\/\/www.carseatsandparts.com\/de\/wp-json\/wp\/v2\/media?parent=16785"}],"wp:term":[{"taxonomy":"product_brand","embeddable":true,"href":"https:\/\/www.carseatsandparts.com\/de\/wp-json\/wp\/v2\/product_brand?post=16785"},{"taxonomy":"product_cat","embeddable":true,"href":"https:\/\/www.carseatsandparts.com\/de\/wp-json\/wp\/v2\/product_cat?post=16785"},{"taxonomy":"product_tag","embeddable":true,"href":"https:\/\/www.carseatsandparts.com\/de\/wp-json\/wp\/v2\/product_tag?post=16785"}],"curies":[{"name":"wp","href":"https:\/\/api.w.org\/{rel}","templated":true}]}}