{"id":16791,"date":"2025-05-27T15:42:56","date_gmt":"2025-05-27T13:42:56","guid":{"rendered":"https:\/\/www.carseatsandparts.com\/?post_type=product&#038;p=16791"},"modified":"2026-01-08T09:35:51","modified_gmt":"2026-01-08T08:35:51","slug":"sparco-grid-q-sky-qrt","status":"publish","type":"product","link":"https:\/\/www.carseatsandparts.com\/de\/product\/sparco-grid-q-sky-qrt\/","title":{"rendered":"Sparco GRID-Q SKY QRT"},"content":{"rendered":"","protected":false},"excerpt":{"rendered":"Der Sparco Grid-Q QRT Sky ist ein neu entwickelter Schalensitz mit voll einstellbaren Polstern, um die ideale Passform selbst zu schaffen. Der Grid-Q QRT Sky hat eine tiefe Sitzfl\u00e4che, die die Beine gut gesch\u00fctzt h\u00e4lt, und die spezifische Form der Au\u00dfenschale erm\u00f6glicht zus\u00e4tzlichen Raum, um die Schultern zu bewegen.\r\n<ul>\r\n \t<li>FIA 8855-1999<\/li>\r\n \t<li>Schalenmaterial: QRT-Glasfaser<\/li>\r\n \t<li>Gewicht der Waage: 6,5 kg.<\/li>\r\n \t<li>Gewicht voller Stuhl: 7,3 kg.<\/li>\r\n \t<li>Geeignet f\u00fcr FHR-System: nicht spezifisch, aber m\u00f6glich<\/li>\r\n \t<li>Art der Befestigung: seitliche Befestigung, Abstand 290 mm.<\/li>\r\n<\/ul>","protected":false},"featured_media":16795,"comment_status":"open","ping_status":"closed","template":"","meta":{"_acf_changed":false},"product_brand":[2524],"product_cat":[2518,2519,2520],"product_tag":[2209,2523],"class_list":{"0":"post-16791","1":"product","2":"type-product","3":"status-publish","4":"has-post-thumbnail","6":"product_brand-sparco","7":"product_cat-motorsport","8":"product_cat-racekuipen","9":"product_cat-sparco","10":"product_tag-motorsport","11":"product_tag-sparco","12":"product_shipping_class-auto-stoelen","14":"first","15":"instock","16":"sale","17":"taxable","18":"shipping-taxable","19":"purchasable","20":"product-type-simple"},"composite_virtual":false,"composite_layout":"","composite_add_to_cart_form_location":"","composite_editable_in_cart":false,"composite_sold_individually_context":"","composite_shop_price_calc":"","composite_components":[],"composite_scenarios":[],"exclude_global_add_ons":[],"addons":[],"acf":[],"yoast_head":null,"yoast_head_json":null,"_links":{"self":[{"href":"https:\/\/www.carseatsandparts.com\/de\/wp-json\/wp\/v2\/product\/16791","targetHints":{"allow":["GET"]}}],"collection":[{"href":"https:\/\/www.carseatsandparts.com\/de\/wp-json\/wp\/v2\/product"}],"about":[{"href":"https:\/\/www.carseatsandparts.com\/de\/wp-json\/wp\/v2\/types\/product"}],"replies":[{"embeddable":true,"href":"https:\/\/www.carseatsandparts.com\/de\/wp-json\/wp\/v2\/comments?post=16791"}],"wp:featuredmedia":[{"embeddable":true,"href":"https:\/\/www.carseatsandparts.com\/de\/wp-json\/wp\/v2\/media\/16795"}],"wp:attachment":[{"href":"https:\/\/www.carseatsandparts.com\/de\/wp-json\/wp\/v2\/media?parent=16791"}],"wp:term":[{"taxonomy":"product_brand","embeddable":true,"href":"https:\/\/www.carseatsandparts.com\/de\/wp-json\/wp\/v2\/product_brand?post=16791"},{"taxonomy":"product_cat","embeddable":true,"href":"https:\/\/www.carseatsandparts.com\/de\/wp-json\/wp\/v2\/product_cat?post=16791"},{"taxonomy":"product_tag","embeddable":true,"href":"https:\/\/www.carseatsandparts.com\/de\/wp-json\/wp\/v2\/product_tag?post=16791"}],"curies":[{"name":"wp","href":"https:\/\/api.w.org\/{rel}","templated":true}]}}