{"id":16802,"date":"2025-05-27T15:52:18","date_gmt":"2025-05-27T13:52:18","guid":{"rendered":"https:\/\/www.carseatsandparts.com\/?post_type=product&#038;p=16802"},"modified":"2026-01-08T09:36:40","modified_gmt":"2026-01-08T08:36:40","slug":"sparco-rev-qrt","status":"publish","type":"product","link":"https:\/\/www.carseatsandparts.com\/de\/produkt\/sparco-rev-qrt\/","title":{"rendered":"Sparco REV QRT"},"content":{"rendered":"","protected":false},"excerpt":{"rendered":"Der Sparco Rev ist ein sehr beliebter Einsteigersitz aus Glasfaser, der dank der Einf\u00fchrung des QRT (Quick Resin Tech)-Herstellungsverfahrens jetzt noch besser ist. Dieses Verfahren hat das Gewicht des Sitzes um 1,9 kg reduziert, so dass er jetzt nur noch 7,1 kg wiegt. Ideal f\u00fcr Anwendungen, bei denen Gewichtseinsparungen von gr\u00f6\u00dfter Bedeutung sind.\r\n<ul>\r\n \t<li>QRT wurde zur Gewichtsreduzierung hergestellt, ohne die Sicherheit oder Steifigkeit zu beeintr\u00e4chtigen.<\/li>\r\n \t<li>Preisg\u00fcnstiger Einsteigersitz mit FIA-Zulassung<\/li>\r\n \t<li>Das niedrige Sitzkissen sorgt daf\u00fcr, dass die Beine innerhalb des Sitzes bleiben, was die Sicherheit erh\u00f6ht.<\/li>\r\n \t<li>Rutschfestes Material an den Schultern hilft, K\u00f6rperbewegungen zu reduzieren<\/li>\r\n<\/ul>\r\nDer Rev QRT-Sitz ist ideal f\u00fcr den Einsatz im Renn- und Rallyesport und passt in die meisten Cockpits. Die gro\u00dfen hinteren Gurtschlitze erm\u00f6glichen eine breite Palette von Fahrerh\u00f6hen, und das niedrige Basispolster h\u00e4lt die Beine des Fahrers innerhalb der Sitzschale f\u00fcr besseren Schutz bei Kollisionen. Der Sitz ist mit allen Arten von FHR-Ger\u00e4ten und -Gurten kompatibel.","protected":false},"featured_media":16808,"comment_status":"open","ping_status":"closed","template":"","meta":{"_acf_changed":false},"product_brand":[2524],"product_cat":[2518,2519,2520],"product_tag":[2209,2523],"class_list":{"0":"post-16802","1":"product","2":"type-product","3":"status-publish","4":"has-post-thumbnail","6":"product_brand-sparco","7":"product_cat-motorsport","8":"product_cat-racekuipen","9":"product_cat-sparco","10":"product_tag-motorsport","11":"product_tag-sparco","12":"product_shipping_class-auto-stoelen","14":"first","15":"instock","16":"sale","17":"taxable","18":"shipping-taxable","19":"purchasable","20":"product-type-simple"},"composite_virtual":false,"composite_layout":"","composite_add_to_cart_form_location":"","composite_editable_in_cart":false,"composite_sold_individually_context":"","composite_shop_price_calc":"","composite_components":[],"composite_scenarios":[],"exclude_global_add_ons":[],"addons":[],"acf":[],"yoast_head":null,"yoast_head_json":null,"_links":{"self":[{"href":"https:\/\/www.carseatsandparts.com\/de\/wp-json\/wp\/v2\/product\/16802","targetHints":{"allow":["GET"]}}],"collection":[{"href":"https:\/\/www.carseatsandparts.com\/de\/wp-json\/wp\/v2\/product"}],"about":[{"href":"https:\/\/www.carseatsandparts.com\/de\/wp-json\/wp\/v2\/types\/product"}],"replies":[{"embeddable":true,"href":"https:\/\/www.carseatsandparts.com\/de\/wp-json\/wp\/v2\/comments?post=16802"}],"wp:featuredmedia":[{"embeddable":true,"href":"https:\/\/www.carseatsandparts.com\/de\/wp-json\/wp\/v2\/media\/16808"}],"wp:attachment":[{"href":"https:\/\/www.carseatsandparts.com\/de\/wp-json\/wp\/v2\/media?parent=16802"}],"wp:term":[{"taxonomy":"product_brand","embeddable":true,"href":"https:\/\/www.carseatsandparts.com\/de\/wp-json\/wp\/v2\/product_brand?post=16802"},{"taxonomy":"product_cat","embeddable":true,"href":"https:\/\/www.carseatsandparts.com\/de\/wp-json\/wp\/v2\/product_cat?post=16802"},{"taxonomy":"product_tag","embeddable":true,"href":"https:\/\/www.carseatsandparts.com\/de\/wp-json\/wp\/v2\/product_tag?post=16802"}],"curies":[{"name":"wp","href":"https:\/\/api.w.org\/{rel}","templated":true}]}}