{"id":16833,"date":"2025-05-27T16:17:26","date_gmt":"2025-05-27T14:17:26","guid":{"rendered":"https:\/\/www.carseatsandparts.com\/?post_type=product&#038;p=16833"},"modified":"2026-01-08T09:38:34","modified_gmt":"2026-01-08T08:38:34","slug":"sparco-gt","status":"publish","type":"product","link":"https:\/\/www.carseatsandparts.com\/de\/product\/sparco-gt\/","title":{"rendered":"Sparco GT"},"content":{"rendered":"","protected":false},"excerpt":{"rendered":"Der verstellbare Sparco GT-Sitz ist Teil der Sparco-Linie von Performance-Sitzen. Das starke Rohrrahmen-Design ist mit modernen High-Tech-Synthetik-Polsterungen ausgestattet, die sowohl Funktionalit\u00e4t, Komfort und Unterst\u00fctzung f\u00fcr einen klassischen GT-Fahrstil bieten.\r\n\r\nHergestellt aus hochwertigen, langlebigen Materialien.OEM-abgeleitete verstellbare R\u00fcckenlehne mit Verstellung auf beiden Seiten.Tiefe Seiten- und Beinauflagen f\u00fcr bessere Unterst\u00fctzung bei intensiven Fahrten.Der Sparco GT-Sitz hat eine Au\u00dfenverkleidung und Kopfst\u00fctze aus Sparcos Sky-Vinyl f\u00fcr eine stilvolle und langlebige Oberfl\u00e4che, die leicht zu pflegen ist.\r\n\r\nDie Polsterung im mittleren Bereich ist mit einem modernen Hightech-Mikrofaserbezug aus weichem Stoff ausgestattet, der robust und bequem ist, gut aussieht, leicht zu pflegen ist, nicht knittert und seine Form beh\u00e4lt, um eine bessere Hygiene und Langlebigkeit zu gew\u00e4hrleisten.\r\n\r\nDer GT-Sitz ist beidseitig verstellbar, die Kopfst\u00fctze ist h\u00f6henverstellbar, die St\u00fctze ist einstellbar und es gibt einen Kipphebel, der ihn f\u00fcr eine Vielzahl von Verwendungszwecken sowohl links als auch rechts geeignet macht.\r\n\r\n<strong>Merkmale:<\/strong>\r\n<ul>\r\n \t<li>271\u00d7345 mm untere Befestigung<\/li>\r\n \t<li>Rahmen aus Stahlrohr<\/li>\r\n \t<li>Verstellbare Kopfst\u00fctze<\/li>\r\n \t<li>Kipphebel und R\u00fcckenverstellung auf beiden Seiten<\/li>\r\n<\/ul>","protected":false},"featured_media":16835,"comment_status":"open","ping_status":"closed","template":"","meta":{"_acf_changed":false},"product_brand":[2524],"product_cat":[108,112,2520],"product_tag":[2209,2523],"class_list":{"0":"post-16833","1":"product","2":"type-product","3":"status-publish","4":"has-post-thumbnail","6":"product_brand-sparco","7":"product_cat-autostoelen","8":"product_cat-nieuwe-autostoelen","9":"product_cat-sparco","10":"product_tag-motorsport","11":"product_tag-sparco","12":"product_shipping_class-auto-stoelen","14":"first","15":"instock","16":"sale","17":"taxable","18":"shipping-taxable","19":"purchasable","20":"product-type-simple"},"composite_virtual":false,"composite_layout":"","composite_add_to_cart_form_location":"","composite_editable_in_cart":false,"composite_sold_individually_context":"","composite_shop_price_calc":"","composite_components":[],"composite_scenarios":[],"exclude_global_add_ons":[],"addons":[],"acf":[],"yoast_head":null,"yoast_head_json":null,"_links":{"self":[{"href":"https:\/\/www.carseatsandparts.com\/de\/wp-json\/wp\/v2\/product\/16833","targetHints":{"allow":["GET"]}}],"collection":[{"href":"https:\/\/www.carseatsandparts.com\/de\/wp-json\/wp\/v2\/product"}],"about":[{"href":"https:\/\/www.carseatsandparts.com\/de\/wp-json\/wp\/v2\/types\/product"}],"replies":[{"embeddable":true,"href":"https:\/\/www.carseatsandparts.com\/de\/wp-json\/wp\/v2\/comments?post=16833"}],"wp:featuredmedia":[{"embeddable":true,"href":"https:\/\/www.carseatsandparts.com\/de\/wp-json\/wp\/v2\/media\/16835"}],"wp:attachment":[{"href":"https:\/\/www.carseatsandparts.com\/de\/wp-json\/wp\/v2\/media?parent=16833"}],"wp:term":[{"taxonomy":"product_brand","embeddable":true,"href":"https:\/\/www.carseatsandparts.com\/de\/wp-json\/wp\/v2\/product_brand?post=16833"},{"taxonomy":"product_cat","embeddable":true,"href":"https:\/\/www.carseatsandparts.com\/de\/wp-json\/wp\/v2\/product_cat?post=16833"},{"taxonomy":"product_tag","embeddable":true,"href":"https:\/\/www.carseatsandparts.com\/de\/wp-json\/wp\/v2\/product_tag?post=16833"}],"curies":[{"name":"wp","href":"https:\/\/api.w.org\/{rel}","templated":true}]}}