{"id":16848,"date":"2025-05-27T16:32:16","date_gmt":"2025-05-27T14:32:16","guid":{"rendered":"https:\/\/www.carseatsandparts.com\/?post_type=product&#038;p=16848"},"modified":"2026-03-27T22:37:36","modified_gmt":"2026-03-27T21:37:36","slug":"sparco-r100","status":"publish","type":"product","link":"https:\/\/www.carseatsandparts.com\/de\/produkt\/sparco-r100\/","title":{"rendered":"Sparco R100"},"content":{"rendered":"","protected":false},"excerpt":{"rendered":"Die neueste Ausgabe des Sparco R100-Sitzes zeichnet sich durch eine verbesserte Ergonomie aus, die ihn zu einer leichten, kompakten und vielseitigen Option f\u00fcr die meisten Fahrzeuge macht. Dieser Sitz wurde mit Blick auf Komfort und Unterst\u00fctzung entwickelt, mit niedrigeren Seitenst\u00fctzen und einem etwas schmaleren Stahlrahmen, der es erm\u00f6glicht, ihn in Fahrzeuge einzubauen, in denen die Installation von Sitzen mit gr\u00f6\u00dferen Seitenst\u00fctzen schwierig sein kann.\r\n\r\n<strong>Wesentliche Merkmale:<\/strong>\r\n<ul>\r\n \t<li>Doppelt verstellbarer Hebel f\u00fcr schnelles Kippen<\/li>\r\n \t<li>Kompatibel mit 3-Punkt- und 4-Punkt-Gurten<\/li>\r\n \t<li>3D-Gewebe f\u00fcr mehr Komfort und Atmungsaktivit\u00e4t<\/li>\r\n<\/ul>\r\nDer Sitz verf\u00fcgt \u00fcber Schlitze f\u00fcr die Gurtbefestigung in der R\u00fcckenlehne, sodass er mit einem Renngurt oder einem normalen Sicherheitsgurt verwendet werden kann. Au\u00dferdem verf\u00fcgt er \u00fcber einen hochwertigen Kippmechanismus f\u00fcr sanfte und einfache Einstellungen und ist mit kontrastierenden Bez\u00fcgen in verschiedenen Farben erh\u00e4ltlich.\r\n\r\nDer Sparco R100 Sitz ist f\u00fcr die Basismontage vorgesehen und muss mit den fahrzeugspezifischen Sparco Sitzbefestigungen montiert werden.","protected":false},"featured_media":16854,"comment_status":"open","ping_status":"closed","template":"","meta":{"_acf_changed":false},"product_brand":[2524],"product_cat":[108,112,2520],"product_tag":[2209,2523],"class_list":{"0":"post-16848","1":"product","2":"type-product","3":"status-publish","4":"has-post-thumbnail","6":"product_brand-sparco","7":"product_cat-autostoelen","8":"product_cat-nieuwe-autostoelen","9":"product_cat-sparco","10":"product_tag-motorsport","11":"product_tag-sparco","12":"product_shipping_class-auto-stoelen","14":"first","15":"instock","16":"sale","17":"taxable","18":"shipping-taxable","19":"purchasable","20":"product-type-simple"},"composite_virtual":false,"composite_layout":"","composite_add_to_cart_form_location":"","composite_editable_in_cart":false,"composite_sold_individually_context":"","composite_shop_price_calc":"","composite_components":[],"composite_scenarios":[],"exclude_global_add_ons":[],"addons":[],"acf":[],"yoast_head":null,"yoast_head_json":null,"_links":{"self":[{"href":"https:\/\/www.carseatsandparts.com\/de\/wp-json\/wp\/v2\/product\/16848","targetHints":{"allow":["GET"]}}],"collection":[{"href":"https:\/\/www.carseatsandparts.com\/de\/wp-json\/wp\/v2\/product"}],"about":[{"href":"https:\/\/www.carseatsandparts.com\/de\/wp-json\/wp\/v2\/types\/product"}],"replies":[{"embeddable":true,"href":"https:\/\/www.carseatsandparts.com\/de\/wp-json\/wp\/v2\/comments?post=16848"}],"wp:featuredmedia":[{"embeddable":true,"href":"https:\/\/www.carseatsandparts.com\/de\/wp-json\/wp\/v2\/media\/16854"}],"wp:attachment":[{"href":"https:\/\/www.carseatsandparts.com\/de\/wp-json\/wp\/v2\/media?parent=16848"}],"wp:term":[{"taxonomy":"product_brand","embeddable":true,"href":"https:\/\/www.carseatsandparts.com\/de\/wp-json\/wp\/v2\/product_brand?post=16848"},{"taxonomy":"product_cat","embeddable":true,"href":"https:\/\/www.carseatsandparts.com\/de\/wp-json\/wp\/v2\/product_cat?post=16848"},{"taxonomy":"product_tag","embeddable":true,"href":"https:\/\/www.carseatsandparts.com\/de\/wp-json\/wp\/v2\/product_tag?post=16848"}],"curies":[{"name":"wp","href":"https:\/\/api.w.org\/{rel}","templated":true}]}}