{"id":16901,"date":"2025-06-03T16:17:15","date_gmt":"2025-06-03T14:17:15","guid":{"rendered":"https:\/\/www.carseatsandparts.com\/?post_type=product&#038;p=16901"},"modified":"2025-07-11T14:54:21","modified_gmt":"2025-07-11T12:54:21","slug":"bekledingset-rugleuning-c-6000","status":"publish","type":"product","link":"https:\/\/www.carseatsandparts.com\/de\/produkt\/bekledingset-rugleuning-c-6000\/","title":{"rendered":"Bezugsset R\u00fcckenlehne C 6000"},"content":{"rendered":"","protected":false},"excerpt":{"rendered":"Bezugsset f\u00fcr die R\u00fcckenlehne des C 6000. Artikel Nummer 82800071-4.96","protected":false},"featured_media":16903,"comment_status":"open","ping_status":"closed","template":"","meta":{"_acf_changed":false},"product_brand":[2811,1284],"product_cat":[227,2449],"product_tag":[2819,2812,2613,946],"class_list":{"0":"post-16901","1":"product","2":"type-product","3":"status-publish","4":"has-post-thumbnail","6":"product_brand-adient","7":"product_brand-recaro","8":"product_cat-bekleding-set","9":"product_cat-onderdelen-voor-vrachtautostoelen","10":"product_tag-82800071-4-96","11":"product_tag-adient","12":"product_tag-c-6000","13":"product_tag-recaro","14":"product_shipping_class-onderdelen-mobility-zitting","16":"first","17":"instock","18":"taxable","19":"shipping-taxable","20":"purchasable","21":"product-type-simple"},"composite_virtual":false,"composite_layout":"","composite_add_to_cart_form_location":"","composite_editable_in_cart":false,"composite_sold_individually_context":"","composite_shop_price_calc":"","composite_components":[],"composite_scenarios":[],"exclude_global_add_ons":[],"addons":[],"acf":[],"yoast_head":null,"yoast_head_json":null,"_links":{"self":[{"href":"https:\/\/www.carseatsandparts.com\/de\/wp-json\/wp\/v2\/product\/16901","targetHints":{"allow":["GET"]}}],"collection":[{"href":"https:\/\/www.carseatsandparts.com\/de\/wp-json\/wp\/v2\/product"}],"about":[{"href":"https:\/\/www.carseatsandparts.com\/de\/wp-json\/wp\/v2\/types\/product"}],"replies":[{"embeddable":true,"href":"https:\/\/www.carseatsandparts.com\/de\/wp-json\/wp\/v2\/comments?post=16901"}],"wp:featuredmedia":[{"embeddable":true,"href":"https:\/\/www.carseatsandparts.com\/de\/wp-json\/wp\/v2\/media\/16903"}],"wp:attachment":[{"href":"https:\/\/www.carseatsandparts.com\/de\/wp-json\/wp\/v2\/media?parent=16901"}],"wp:term":[{"taxonomy":"product_brand","embeddable":true,"href":"https:\/\/www.carseatsandparts.com\/de\/wp-json\/wp\/v2\/product_brand?post=16901"},{"taxonomy":"product_cat","embeddable":true,"href":"https:\/\/www.carseatsandparts.com\/de\/wp-json\/wp\/v2\/product_cat?post=16901"},{"taxonomy":"product_tag","embeddable":true,"href":"https:\/\/www.carseatsandparts.com\/de\/wp-json\/wp\/v2\/product_tag?post=16901"}],"curies":[{"name":"wp","href":"https:\/\/api.w.org\/{rel}","templated":true}]}}