{"id":16961,"date":"2025-06-17T11:43:15","date_gmt":"2025-06-17T09:43:15","guid":{"rendered":"https:\/\/www.carseatsandparts.com\/?post_type=product&#038;p=16961"},"modified":"2026-01-08T09:41:56","modified_gmt":"2026-01-08T08:41:56","slug":"sparco-f-10a","status":"publish","type":"product","link":"https:\/\/www.carseatsandparts.com\/de\/produkt\/sparco-f-10a\/","title":{"rendered":"Sparco - F-10A"},"content":{"rendered":"","protected":false},"excerpt":{"rendered":"Der F-10A ist aus einer leichten Legierung gefertigt und eignet sich f\u00fcr den Einsatz in Einsitzern und Sportprototypen. Der ergonomisch geformte Griff bietet dem Fahrer ein optimales Fahrgef\u00fchl und hohen Komfort bei l\u00e4ngerem Gebrauch. Der Radkranz ist mit einem griffigen Wildleder \u00fcberzogen, w\u00e4hrend das Zentrum vorgebohrt ist, um eine 3-Schrauben-Schnellspanner-Nabe (3 x 50,8 mm PCD) aufzunehmen, die \u00fcblicherweise bei den meisten 3-Schrauben-Lenkradnaben im Motorsport verwendet wird.","protected":false},"featured_media":16962,"comment_status":"open","ping_status":"closed","template":"","meta":{"_acf_changed":false},"product_brand":[2524],"product_cat":[2822,2518,2520],"product_tag":[1424,2523],"class_list":{"0":"post-16961","1":"product","2":"type-product","3":"status-publish","4":"has-post-thumbnail","6":"product_brand-sparco","7":"product_cat-accessoires-motorsport","8":"product_cat-motorsport","9":"product_cat-sparco","10":"product_tag-adapter","11":"product_tag-sparco","12":"product_shipping_class-onderdelen-zijwang","14":"first","15":"instock","16":"sale","17":"taxable","18":"shipping-taxable","19":"purchasable","20":"product-type-simple"},"composite_virtual":false,"composite_layout":"","composite_add_to_cart_form_location":"","composite_editable_in_cart":false,"composite_sold_individually_context":"","composite_shop_price_calc":"","composite_components":[],"composite_scenarios":[],"exclude_global_add_ons":[],"addons":[],"acf":[],"yoast_head":null,"yoast_head_json":null,"_links":{"self":[{"href":"https:\/\/www.carseatsandparts.com\/de\/wp-json\/wp\/v2\/product\/16961","targetHints":{"allow":["GET"]}}],"collection":[{"href":"https:\/\/www.carseatsandparts.com\/de\/wp-json\/wp\/v2\/product"}],"about":[{"href":"https:\/\/www.carseatsandparts.com\/de\/wp-json\/wp\/v2\/types\/product"}],"replies":[{"embeddable":true,"href":"https:\/\/www.carseatsandparts.com\/de\/wp-json\/wp\/v2\/comments?post=16961"}],"wp:featuredmedia":[{"embeddable":true,"href":"https:\/\/www.carseatsandparts.com\/de\/wp-json\/wp\/v2\/media\/16962"}],"wp:attachment":[{"href":"https:\/\/www.carseatsandparts.com\/de\/wp-json\/wp\/v2\/media?parent=16961"}],"wp:term":[{"taxonomy":"product_brand","embeddable":true,"href":"https:\/\/www.carseatsandparts.com\/de\/wp-json\/wp\/v2\/product_brand?post=16961"},{"taxonomy":"product_cat","embeddable":true,"href":"https:\/\/www.carseatsandparts.com\/de\/wp-json\/wp\/v2\/product_cat?post=16961"},{"taxonomy":"product_tag","embeddable":true,"href":"https:\/\/www.carseatsandparts.com\/de\/wp-json\/wp\/v2\/product_tag?post=16961"}],"curies":[{"name":"wp","href":"https:\/\/api.w.org\/{rel}","templated":true}]}}