{"id":17038,"date":"2025-06-23T11:11:03","date_gmt":"2025-06-23T09:11:03","guid":{"rendered":"https:\/\/www.carseatsandparts.com\/?post_type=product&#038;p=17038"},"modified":"2026-01-08T09:50:02","modified_gmt":"2026-01-08T08:50:02","slug":"sparco-pre-wired-quick-release","status":"publish","type":"product","link":"https:\/\/www.carseatsandparts.com\/de\/produkt\/sparco-pre-wired-quick-release\/","title":{"rendered":"Sparco Vorverkabelter Schnellspanner"},"content":{"rendered":"","protected":false},"excerpt":{"rendered":"Der Sparco-Schnellspanner besteht aus CNC-gefr\u00e4stem Luft- und Raumfahrt-Aluminium, das f\u00fcr erh\u00f6hte Festigkeit und Zuverl\u00e4ssigkeit harteloxiert ist. Er ist f\u00fcr die Montage an einer fahrzeugspezifischen Nabe\/Sockel mit einer 6 x 70 mm PCD-Schraube ausgelegt und passt an 6-Schrauben-Lenker von Marken wie Sparco, Momo, OMP, Sabelt, Motacorsa, Mountney M range, Simoni Racing und Reverie.\r\n<ul>\r\n \t<li>Vorverdrahteter Lemo 8-poliger Stecker<\/li>\r\n \t<li>Die Meisterverzahnung garantiert jedes Mal eine perfekte Ausrichtung<\/li>\r\n \t<li>Das einfach zu bedienende Entriegelungssystem erm\u00f6glicht ein schnelles Abnehmen des Lenkers<\/li>\r\n \t<li>Entspricht den FIA-Vorschriften<\/li>\r\n \t<li>Der Schnellspanner wird mit einem vorverkabelten 8-poligen Lemo-Stecker geliefert, mit dem Instrumente oder Schalter am Lenker verwendet werden k\u00f6nnen.<\/li>\r\n<\/ul>","protected":false},"featured_media":17040,"comment_status":"open","ping_status":"closed","template":"","meta":{"_acf_changed":false},"product_brand":[2524],"product_cat":[2822,2518,2520],"product_tag":[2647,2523,2637],"class_list":{"0":"post-17038","1":"product","2":"type-product","3":"status-publish","4":"has-post-thumbnail","6":"product_brand-sparco","7":"product_cat-accessoires-motorsport","8":"product_cat-motorsport","9":"product_cat-sparco","10":"product_tag-quick-release","11":"product_tag-sparco","12":"product_tag-stuurwiel","13":"product_shipping_class-onderdelen-zijwang","15":"first","16":"instock","17":"sale","18":"taxable","19":"shipping-taxable","20":"purchasable","21":"product-type-simple"},"composite_virtual":false,"composite_layout":"","composite_add_to_cart_form_location":"","composite_editable_in_cart":false,"composite_sold_individually_context":"","composite_shop_price_calc":"","composite_components":[],"composite_scenarios":[],"exclude_global_add_ons":[],"addons":[],"acf":[],"yoast_head":null,"yoast_head_json":null,"_links":{"self":[{"href":"https:\/\/www.carseatsandparts.com\/de\/wp-json\/wp\/v2\/product\/17038","targetHints":{"allow":["GET"]}}],"collection":[{"href":"https:\/\/www.carseatsandparts.com\/de\/wp-json\/wp\/v2\/product"}],"about":[{"href":"https:\/\/www.carseatsandparts.com\/de\/wp-json\/wp\/v2\/types\/product"}],"replies":[{"embeddable":true,"href":"https:\/\/www.carseatsandparts.com\/de\/wp-json\/wp\/v2\/comments?post=17038"}],"wp:featuredmedia":[{"embeddable":true,"href":"https:\/\/www.carseatsandparts.com\/de\/wp-json\/wp\/v2\/media\/17040"}],"wp:attachment":[{"href":"https:\/\/www.carseatsandparts.com\/de\/wp-json\/wp\/v2\/media?parent=17038"}],"wp:term":[{"taxonomy":"product_brand","embeddable":true,"href":"https:\/\/www.carseatsandparts.com\/de\/wp-json\/wp\/v2\/product_brand?post=17038"},{"taxonomy":"product_cat","embeddable":true,"href":"https:\/\/www.carseatsandparts.com\/de\/wp-json\/wp\/v2\/product_cat?post=17038"},{"taxonomy":"product_tag","embeddable":true,"href":"https:\/\/www.carseatsandparts.com\/de\/wp-json\/wp\/v2\/product_tag?post=17038"}],"curies":[{"name":"wp","href":"https:\/\/api.w.org\/{rel}","templated":true}]}}