{"id":17046,"date":"2025-06-25T09:11:25","date_gmt":"2025-06-25T07:11:25","guid":{"rendered":"https:\/\/www.carseatsandparts.com\/?post_type=product&#038;p=17046"},"modified":"2025-07-11T14:53:26","modified_gmt":"2025-07-11T12:53:26","slug":"schuimdeel-zitting-met-verwarmingsmat-c6000","status":"publish","type":"product","link":"https:\/\/www.carseatsandparts.com\/de\/produkt\/schuimdeel-zitting-met-verwarmingsmat-c6000\/","title":{"rendered":"Schaumstoff-Teilsitz mit Heizmatte C6000"},"content":{"rendered":"","protected":false},"excerpt":{"rendered":"Dieses Teil (Schaumstoffteil Sitzfettheizmatte, #48 in Explosionsdarstellung) ist als Ersatzteil f\u00fcr den Lkw-Sitz C6000 vorgesehen. Bitte pr\u00fcfen Sie vor dem Einbau, ob das Teil mit der Sitzvariante und der Position gem\u00e4\u00df der technischen Zeichnung \u00fcbereinstimmt. Artikel Nummer: 82800068-4.96","protected":false},"featured_media":17047,"comment_status":"open","ping_status":"closed","template":"","meta":{"_acf_changed":false},"product_brand":[2811,1284],"product_cat":[2449,2609,116],"product_tag":[2804,2812,2613,1927,946],"class_list":{"0":"post-17046","1":"product","2":"type-product","3":"status-publish","4":"has-post-thumbnail","6":"product_brand-adient","7":"product_brand-recaro","8":"product_cat-onderdelen-voor-vrachtautostoelen","9":"product_cat-vrachtwagenstoelen","10":"product_cat-onderdelen","11":"product_tag-82800068-4-96","12":"product_tag-adient","13":"product_tag-c-6000","14":"product_tag-c-7000","15":"product_tag-recaro","16":"product_shipping_class-onderdelen-mobility-zitting","18":"first","19":"instock","20":"taxable","21":"shipping-taxable","22":"purchasable","23":"product-type-simple"},"composite_virtual":false,"composite_layout":"","composite_add_to_cart_form_location":"","composite_editable_in_cart":false,"composite_sold_individually_context":"","composite_shop_price_calc":"","composite_components":[],"composite_scenarios":[],"exclude_global_add_ons":[],"addons":[],"acf":[],"yoast_head":null,"yoast_head_json":null,"_links":{"self":[{"href":"https:\/\/www.carseatsandparts.com\/de\/wp-json\/wp\/v2\/product\/17046","targetHints":{"allow":["GET"]}}],"collection":[{"href":"https:\/\/www.carseatsandparts.com\/de\/wp-json\/wp\/v2\/product"}],"about":[{"href":"https:\/\/www.carseatsandparts.com\/de\/wp-json\/wp\/v2\/types\/product"}],"replies":[{"embeddable":true,"href":"https:\/\/www.carseatsandparts.com\/de\/wp-json\/wp\/v2\/comments?post=17046"}],"wp:featuredmedia":[{"embeddable":true,"href":"https:\/\/www.carseatsandparts.com\/de\/wp-json\/wp\/v2\/media\/17047"}],"wp:attachment":[{"href":"https:\/\/www.carseatsandparts.com\/de\/wp-json\/wp\/v2\/media?parent=17046"}],"wp:term":[{"taxonomy":"product_brand","embeddable":true,"href":"https:\/\/www.carseatsandparts.com\/de\/wp-json\/wp\/v2\/product_brand?post=17046"},{"taxonomy":"product_cat","embeddable":true,"href":"https:\/\/www.carseatsandparts.com\/de\/wp-json\/wp\/v2\/product_cat?post=17046"},{"taxonomy":"product_tag","embeddable":true,"href":"https:\/\/www.carseatsandparts.com\/de\/wp-json\/wp\/v2\/product_tag?post=17046"}],"curies":[{"name":"wp","href":"https:\/\/api.w.org\/{rel}","templated":true}]}}