{"id":17083,"date":"2025-06-25T14:49:50","date_gmt":"2025-06-25T12:49:50","guid":{"rendered":"https:\/\/www.carseatsandparts.com\/?post_type=product&#038;p=17083"},"modified":"2025-07-04T09:08:31","modified_gmt":"2025-07-04T07:08:31","slug":"set-gordeluitstappanelen-c-6000","status":"publish","type":"product","link":"https:\/\/www.carseatsandparts.com\/de\/produkt\/set-gordeluitstappanelen-c-6000\/","title":{"rendered":"Satz Ausstiegsplatten f\u00fcr Sicherheitsgurte C6000"},"content":{"rendered":"","protected":false},"excerpt":{"rendered":"Dieses Teil (Gurtausstiegsblenden, #44 in der Explosionsdarstellung) ist als Ersatzteil f\u00fcr den Lkw-Sitz C6000 vorgesehen. Bitte \u00fcberpr\u00fcfen Sie vor dem Einbau, ob das Teil mit der Sitzvariante und der Position gem\u00e4\u00df der technischen Zeichnung \u00fcbereinstimmt. Artikel Nummer: 82800059-4.96","protected":false},"featured_media":17086,"comment_status":"open","ping_status":"closed","template":"","meta":{"_acf_changed":false},"product_brand":[],"product_cat":[2449,2609,116],"product_tag":[2797,2613],"class_list":{"0":"post-17083","1":"product","2":"type-product","3":"status-publish","4":"has-post-thumbnail","6":"product_cat-onderdelen-voor-vrachtautostoelen","7":"product_cat-vrachtwagenstoelen","8":"product_cat-onderdelen","9":"product_tag-82800059-4-96","10":"product_tag-c-6000","11":"product_shipping_class-onderdelen-buspakje","13":"first","14":"instock","15":"taxable","16":"shipping-taxable","17":"purchasable","18":"product-type-simple"},"composite_virtual":false,"composite_layout":"","composite_add_to_cart_form_location":"","composite_editable_in_cart":false,"composite_sold_individually_context":"","composite_shop_price_calc":"","composite_components":[],"composite_scenarios":[],"exclude_global_add_ons":[],"addons":[],"acf":[],"yoast_head":null,"yoast_head_json":null,"_links":{"self":[{"href":"https:\/\/www.carseatsandparts.com\/de\/wp-json\/wp\/v2\/product\/17083","targetHints":{"allow":["GET"]}}],"collection":[{"href":"https:\/\/www.carseatsandparts.com\/de\/wp-json\/wp\/v2\/product"}],"about":[{"href":"https:\/\/www.carseatsandparts.com\/de\/wp-json\/wp\/v2\/types\/product"}],"replies":[{"embeddable":true,"href":"https:\/\/www.carseatsandparts.com\/de\/wp-json\/wp\/v2\/comments?post=17083"}],"wp:featuredmedia":[{"embeddable":true,"href":"https:\/\/www.carseatsandparts.com\/de\/wp-json\/wp\/v2\/media\/17086"}],"wp:attachment":[{"href":"https:\/\/www.carseatsandparts.com\/de\/wp-json\/wp\/v2\/media?parent=17083"}],"wp:term":[{"taxonomy":"product_brand","embeddable":true,"href":"https:\/\/www.carseatsandparts.com\/de\/wp-json\/wp\/v2\/product_brand?post=17083"},{"taxonomy":"product_cat","embeddable":true,"href":"https:\/\/www.carseatsandparts.com\/de\/wp-json\/wp\/v2\/product_cat?post=17083"},{"taxonomy":"product_tag","embeddable":true,"href":"https:\/\/www.carseatsandparts.com\/de\/wp-json\/wp\/v2\/product_tag?post=17083"}],"curies":[{"name":"wp","href":"https:\/\/api.w.org\/{rel}","templated":true}]}}