{"id":17168,"date":"2025-07-02T08:17:16","date_gmt":"2025-07-02T06:17:16","guid":{"rendered":"https:\/\/www.carseatsandparts.com\/?post_type=product&#038;p=17168"},"modified":"2025-07-11T10:22:39","modified_gmt":"2025-07-11T08:22:39","slug":"schoudersteun-bedieningshendel-c7000","status":"publish","type":"product","link":"https:\/\/www.carseatsandparts.com\/de\/product\/schoudersteun-bedieningshendel-c7000\/","title":{"rendered":"Schulterst\u00fctze Steuerhebel C7000"},"content":{"rendered":"","protected":false},"excerpt":{"rendered":"Dieses Teil (Schulterst\u00fctzen-Bedienhebel; linke Sitze, #25 in der Explosionsdarstellung) ist als Ersatzteil f\u00fcr den Lkw-Sitz C7000 vorgesehen. Bitte pr\u00fcfen Sie vor dem Einbau, ob das Teil mit der Sitzvariante und der Position gem\u00e4\u00df der technischen Zeichnung \u00fcbereinstimmt. Artikel Nummer: 82799547-4.96","protected":false},"featured_media":17169,"comment_status":"open","ping_status":"closed","template":"","meta":{"_acf_changed":false},"product_brand":[],"product_cat":[116,2449,2609],"product_tag":[2709,2613,1927],"class_list":{"0":"post-17168","1":"product","2":"type-product","3":"status-publish","4":"has-post-thumbnail","6":"product_cat-onderdelen","7":"product_cat-onderdelen-voor-vrachtautostoelen","8":"product_cat-vrachtwagenstoelen","9":"product_tag-82799547-4-96","10":"product_tag-c-6000","11":"product_tag-c-7000","12":"product_shipping_class-onderdelen-buspakje","14":"first","15":"onbackorder","16":"taxable","17":"shipping-taxable","18":"purchasable","19":"product-type-simple"},"composite_virtual":false,"composite_layout":"","composite_add_to_cart_form_location":"","composite_editable_in_cart":false,"composite_sold_individually_context":"","composite_shop_price_calc":"","composite_components":[],"composite_scenarios":[],"exclude_global_add_ons":[],"addons":[],"acf":[],"yoast_head":null,"yoast_head_json":null,"_links":{"self":[{"href":"https:\/\/www.carseatsandparts.com\/de\/wp-json\/wp\/v2\/product\/17168","targetHints":{"allow":["GET"]}}],"collection":[{"href":"https:\/\/www.carseatsandparts.com\/de\/wp-json\/wp\/v2\/product"}],"about":[{"href":"https:\/\/www.carseatsandparts.com\/de\/wp-json\/wp\/v2\/types\/product"}],"replies":[{"embeddable":true,"href":"https:\/\/www.carseatsandparts.com\/de\/wp-json\/wp\/v2\/comments?post=17168"}],"wp:featuredmedia":[{"embeddable":true,"href":"https:\/\/www.carseatsandparts.com\/de\/wp-json\/wp\/v2\/media\/17169"}],"wp:attachment":[{"href":"https:\/\/www.carseatsandparts.com\/de\/wp-json\/wp\/v2\/media?parent=17168"}],"wp:term":[{"taxonomy":"product_brand","embeddable":true,"href":"https:\/\/www.carseatsandparts.com\/de\/wp-json\/wp\/v2\/product_brand?post=17168"},{"taxonomy":"product_cat","embeddable":true,"href":"https:\/\/www.carseatsandparts.com\/de\/wp-json\/wp\/v2\/product_cat?post=17168"},{"taxonomy":"product_tag","embeddable":true,"href":"https:\/\/www.carseatsandparts.com\/de\/wp-json\/wp\/v2\/product_tag?post=17168"}],"curies":[{"name":"wp","href":"https:\/\/api.w.org\/{rel}","templated":true}]}}