{"id":17354,"date":"2025-07-15T10:30:47","date_gmt":"2025-07-15T08:30:47","guid":{"rendered":"https:\/\/www.carseatsandparts.com\/?post_type=product&#038;p=17354"},"modified":"2026-01-01T23:00:06","modified_gmt":"2026-01-01T22:00:06","slug":"atech-racing-350mm-90-schotel-stuur","status":"publish","type":"product","link":"https:\/\/www.carseatsandparts.com\/de\/produkt\/atech-racing-350mm-90-schotel-stuur\/","title":{"rendered":"Atech Racing 350mm 90 Schalenlenker"},"content":{"rendered":"","protected":false},"excerpt":{"rendered":"Das Atech 3-Speichen-Wildlederlenkrad mit einem Plattenteller von 350 mm x 90 mm wird in Italien hergestellt. Der Plattenteller ist etwas gr\u00f6\u00dfer als unser Modell mit 65 mm Plattenteller.\r\n\r\nEs handelt sich um ein Lenkrad mit 90 mm Teller, das perfekt f\u00fcr gr\u00f6\u00dfere Fahrer ist, die mehr Platz zwischen sich, dem Lenkrad und den Pedalen ihres Renn- und Rallyeautos ben\u00f6tigen.\r\n\r\nDieses Atech-Lenkrad ist mit einer Wildlederverkleidung ausgestattet. Dies tr\u00e4gt nicht nur zur Gesamt\u00e4sthetik des Lenkrads bei, sondern auch zum Komfort des Lenkrads in den H\u00e4nden des Fahrers.\r\n\r\nDieses Lenkrad bietet ein gutes Preis-Leistungs-Verh\u00e4ltnis. Ein g\u00fcnstiger Preis f\u00fcr ein hochwertiges Lenkrad, das von Rennprofis auf der ganzen Welt verwendet wird.","protected":false},"featured_media":17355,"comment_status":"open","ping_status":"closed","template":"","meta":{"_acf_changed":false},"product_brand":[2210],"product_cat":[2822,2254,2518],"product_tag":[1424,2208,2637],"class_list":{"0":"post-17354","1":"product","2":"type-product","3":"status-publish","4":"has-post-thumbnail","6":"product_brand-atech-racing","7":"product_cat-accessoires-motorsport","8":"product_cat-atech-racing-autostoelen","9":"product_cat-motorsport","10":"product_tag-adapter","11":"product_tag-atech","12":"product_tag-stuurwiel","13":"product_shipping_class-onderdelen-zijwang","15":"first","16":"instock","17":"taxable","18":"shipping-taxable","19":"purchasable","20":"product-type-simple"},"composite_virtual":false,"composite_layout":"","composite_add_to_cart_form_location":"","composite_editable_in_cart":false,"composite_sold_individually_context":"","composite_shop_price_calc":"","composite_components":[],"composite_scenarios":[],"exclude_global_add_ons":[],"addons":[],"acf":[],"yoast_head":null,"yoast_head_json":null,"_links":{"self":[{"href":"https:\/\/www.carseatsandparts.com\/de\/wp-json\/wp\/v2\/product\/17354","targetHints":{"allow":["GET"]}}],"collection":[{"href":"https:\/\/www.carseatsandparts.com\/de\/wp-json\/wp\/v2\/product"}],"about":[{"href":"https:\/\/www.carseatsandparts.com\/de\/wp-json\/wp\/v2\/types\/product"}],"replies":[{"embeddable":true,"href":"https:\/\/www.carseatsandparts.com\/de\/wp-json\/wp\/v2\/comments?post=17354"}],"wp:featuredmedia":[{"embeddable":true,"href":"https:\/\/www.carseatsandparts.com\/de\/wp-json\/wp\/v2\/media\/17355"}],"wp:attachment":[{"href":"https:\/\/www.carseatsandparts.com\/de\/wp-json\/wp\/v2\/media?parent=17354"}],"wp:term":[{"taxonomy":"product_brand","embeddable":true,"href":"https:\/\/www.carseatsandparts.com\/de\/wp-json\/wp\/v2\/product_brand?post=17354"},{"taxonomy":"product_cat","embeddable":true,"href":"https:\/\/www.carseatsandparts.com\/de\/wp-json\/wp\/v2\/product_cat?post=17354"},{"taxonomy":"product_tag","embeddable":true,"href":"https:\/\/www.carseatsandparts.com\/de\/wp-json\/wp\/v2\/product_tag?post=17354"}],"curies":[{"name":"wp","href":"https:\/\/api.w.org\/{rel}","templated":true}]}}